{"id":3679,"date":"2022-06-21T11:01:45","date_gmt":"2022-06-21T11:01:45","guid":{"rendered":"https:\/\/bert-daiber.de\/conseiller-fiscal-et-auditeur-a-darmstadt\/"},"modified":"2023-11-08T16:34:47","modified_gmt":"2023-11-08T16:34:47","slug":"conseiller-fiscal-et-auditeur-a-darmstadt","status":"publish","type":"page","link":"https:\/\/bert-daiber.de\/fr\/","title":{"rendered":"Conseiller fiscal et auditeur \u00e0 Darmstadt"},"content":{"rendered":"<div id=\"cs-content\" class=\"cs-content\"><\/div>\n","protected":false},"excerpt":{"rendered":"<p>Nos prestationsConseil fiscal Audit comptable et financier Comptabilit\u00e9 num\u00e9rique \u00c9valuation d&rsquo;entreprises Audit final Notre cabinet :Notre expertise professionnelle \u2013 Votre s\u00e9curit\u00e9 Le cabinet de conseil fiscal et d\u2019audit comptable et financier Bert &#038; Daiber, dont le si\u00e8ge est situ\u00e9 dans le centre-ville de Darmstadt, a \u00e9t\u00e9 cr\u00e9\u00e9 en 2005.Bert &#038; Daiber a \u00e9t\u00e9 fond\u00e9 par Carola Bert et J\u00fcrgen Daiber. &#8230; <\/p>\n<div><a href=\"https:\/\/bert-daiber.de\/fr\/\" class=\"more-link\">Read More<\/a><\/div>\n","protected":false},"author":1,"featured_media":5069,"parent":0,"menu_order":0,"comment_status":"closed","ping_status":"closed","template":"template-blank-4.php","meta":{"rs_blank_template":"","rs_page_bg_color":"","slide_template_v7":"","footnotes":""},"class_list":["post-3679","page","type-page","status-publish","has-post-thumbnail","hentry"],"yoast_head":"<!-- This site is optimized with the Yoast SEO plugin v27.3 - https:\/\/yoast.com\/product\/yoast-seo-wordpress\/ -->\n<title>Conseiller fiscal et auditeur \u00e0 Darmstadt - Bert &amp; Daiber Steuerberater in Darmstadt<\/title>\n<meta name=\"description\" content=\"Bert&amp;Daiber sont conseillers fiscaux et auditeurs \u00e0 Darmstadt depuis 2005. La soci\u00e9t\u00e9 de conseil et d&#039;audit fiscal se concentre sur l&#039;accompagnement des entreprises de taille moyenne.\" \/>\n<meta name=\"robots\" content=\"index, follow, max-snippet:-1, max-image-preview:large, max-video-preview:-1\" \/>\n<link rel=\"canonical\" href=\"https:\/\/bert-daiber.de\/fr\/\" \/>\n<meta property=\"og:locale\" content=\"fr_FR\" \/>\n<meta property=\"og:type\" content=\"article\" \/>\n<meta property=\"og:title\" content=\"Conseiller fiscal et auditeur \u00e0 Darmstadt\" \/>\n<meta property=\"og:description\" content=\"Bert&amp;Daiber fournit des conseils fiscaux et des audits \u00e0 Darmstadt depuis 2005. La soci\u00e9t\u00e9 de conseil et d&#039;audit fiscal se concentre sur l&#039;accompagnement des entreprises de taille moyenne.\" \/>\n<meta property=\"og:url\" content=\"https:\/\/bert-daiber.de\/fr\/\" \/>\n<meta property=\"og:site_name\" content=\"Bert &amp; Daiber Steuerberater in Darmstadt\" \/>\n<meta property=\"article:modified_time\" content=\"2023-11-08T16:34:47+00:00\" \/>\n<meta property=\"og:image\" content=\"https:\/\/vorschau.bert-daiber.de\/wp-content\/uploads\/2019\/02\/startseite-bert-daiber.jpg\" \/>\n<meta name=\"twitter:card\" content=\"summary_large_image\" \/>\n<meta name=\"twitter:title\" content=\"Conseiller fiscal et auditeur \u00e0 Darmstadt\" \/>\n<meta name=\"twitter:description\" content=\"Bert&amp;Daiber fournit des conseils fiscaux et des audits \u00e0 Darmstadt depuis 2005. La soci\u00e9t\u00e9 de conseil et d&#039;audit fiscal se concentre sur l&#039;accompagnement des entreprises de taille moyenne.\" \/>\n<meta name=\"twitter:image\" content=\"https:\/\/vorschau.bert-daiber.de\/wp-content\/uploads\/2019\/02\/startseite-bert-daiber.jpg\" \/>\n<meta name=\"twitter:label1\" content=\"Dur\u00e9e de lecture estim\u00e9e\" \/>\n\t<meta name=\"twitter:data1\" content=\"4 minutes\" \/>\n<script type=\"application\/ld+json\" class=\"yoast-schema-graph\">{\"@context\":\"https:\\\/\\\/schema.org\",\"@graph\":[{\"@type\":\"WebPage\",\"@id\":\"https:\\\/\\\/bert-daiber.de\\\/fr\\\/\",\"url\":\"https:\\\/\\\/bert-daiber.de\\\/fr\\\/\",\"name\":\"Conseiller fiscal et auditeur \u00e0 Darmstadt - Bert &amp; Daiber Steuerberater in Darmstadt\",\"isPartOf\":{\"@id\":\"https:\\\/\\\/bert-daiber.de\\\/#website\"},\"primaryImageOfPage\":{\"@id\":\"https:\\\/\\\/bert-daiber.de\\\/fr\\\/#primaryimage\"},\"image\":{\"@id\":\"https:\\\/\\\/bert-daiber.de\\\/fr\\\/#primaryimage\"},\"thumbnailUrl\":\"https:\\\/\\\/bert-daiber.de\\\/wp-content\\\/uploads\\\/2024\\\/02\\\/steuerberater-darmstadt-bertdaiber-beide.jpg\",\"datePublished\":\"2022-06-21T11:01:45+00:00\",\"dateModified\":\"2023-11-08T16:34:47+00:00\",\"description\":\"Bert&Daiber sont conseillers fiscaux et auditeurs \u00e0 Darmstadt depuis 2005. La soci\u00e9t\u00e9 de conseil et d'audit fiscal se concentre sur l'accompagnement des entreprises de taille moyenne.\",\"breadcrumb\":{\"@id\":\"https:\\\/\\\/bert-daiber.de\\\/fr\\\/#breadcrumb\"},\"inLanguage\":\"fr-FR\",\"potentialAction\":[{\"@type\":\"ReadAction\",\"target\":[\"https:\\\/\\\/bert-daiber.de\\\/fr\\\/\"]}]},{\"@type\":\"ImageObject\",\"inLanguage\":\"fr-FR\",\"@id\":\"https:\\\/\\\/bert-daiber.de\\\/fr\\\/#primaryimage\",\"url\":\"https:\\\/\\\/bert-daiber.de\\\/wp-content\\\/uploads\\\/2024\\\/02\\\/steuerberater-darmstadt-bertdaiber-beide.jpg\",\"contentUrl\":\"https:\\\/\\\/bert-daiber.de\\\/wp-content\\\/uploads\\\/2024\\\/02\\\/steuerberater-darmstadt-bertdaiber-beide.jpg\",\"width\":1283,\"height\":1283,\"caption\":\"Steuerberater Darmstadt Bert & Daiber GF\"},{\"@type\":\"BreadcrumbList\",\"@id\":\"https:\\\/\\\/bert-daiber.de\\\/fr\\\/#breadcrumb\",\"itemListElement\":[{\"@type\":\"ListItem\",\"position\":1,\"name\":\"Home Bert &amp; Daiber Steuerberater Darmstadt\",\"item\":\"https:\\\/\\\/bert-daiber.de\\\/fr\\\/\"},{\"@type\":\"ListItem\",\"position\":2,\"name\":\"Conseiller fiscal et auditeur \u00e0 Darmstadt\"}]},{\"@type\":\"WebSite\",\"@id\":\"https:\\\/\\\/bert-daiber.de\\\/#website\",\"url\":\"https:\\\/\\\/bert-daiber.de\\\/\",\"name\":\"Bert & Daiber Steuerberater in Darmstadt\",\"description\":\"Steuerberatung in Darmstadt Bert &amp; Daiber\",\"publisher\":{\"@id\":\"https:\\\/\\\/bert-daiber.de\\\/#organization\"},\"alternateName\":\"Bert & Daiber Steuerberatung in Darmstadt\",\"potentialAction\":[{\"@type\":\"SearchAction\",\"target\":{\"@type\":\"EntryPoint\",\"urlTemplate\":\"https:\\\/\\\/bert-daiber.de\\\/?s={search_term_string}\"},\"query-input\":{\"@type\":\"PropertyValueSpecification\",\"valueRequired\":true,\"valueName\":\"search_term_string\"}}],\"inLanguage\":\"fr-FR\"},{\"@type\":\"Organization\",\"@id\":\"https:\\\/\\\/bert-daiber.de\\\/#organization\",\"name\":\"Bert & Daiber Steuerberater in Darmstadt\",\"alternateName\":\"Bert & Daiber Steuerberatung\",\"url\":\"https:\\\/\\\/bert-daiber.de\\\/\",\"logo\":{\"@type\":\"ImageObject\",\"inLanguage\":\"fr-FR\",\"@id\":\"https:\\\/\\\/bert-daiber.de\\\/#\\\/schema\\\/logo\\\/image\\\/\",\"url\":\"https:\\\/\\\/bert-daiber.de\\\/wp-content\\\/uploads\\\/2020\\\/06\\\/cropped-favicon.png\",\"contentUrl\":\"https:\\\/\\\/bert-daiber.de\\\/wp-content\\\/uploads\\\/2020\\\/06\\\/cropped-favicon.png\",\"width\":512,\"height\":512,\"caption\":\"Bert & Daiber Steuerberater in Darmstadt\"},\"image\":{\"@id\":\"https:\\\/\\\/bert-daiber.de\\\/#\\\/schema\\\/logo\\\/image\\\/\"}}]}<\/script>\n<!-- \/ Yoast SEO plugin. -->","yoast_head_json":{"title":"Conseiller fiscal et auditeur \u00e0 Darmstadt - Bert &amp; Daiber Steuerberater in Darmstadt","description":"Bert&Daiber sont conseillers fiscaux et auditeurs \u00e0 Darmstadt depuis 2005. La soci\u00e9t\u00e9 de conseil et d'audit fiscal se concentre sur l'accompagnement des entreprises de taille moyenne.","robots":{"index":"index","follow":"follow","max-snippet":"max-snippet:-1","max-image-preview":"max-image-preview:large","max-video-preview":"max-video-preview:-1"},"canonical":"https:\/\/bert-daiber.de\/fr\/","og_locale":"fr_FR","og_type":"article","og_title":"Conseiller fiscal et auditeur \u00e0 Darmstadt","og_description":"Bert&Daiber fournit des conseils fiscaux et des audits \u00e0 Darmstadt depuis 2005. La soci\u00e9t\u00e9 de conseil et d'audit fiscal se concentre sur l'accompagnement des entreprises de taille moyenne.","og_url":"https:\/\/bert-daiber.de\/fr\/","og_site_name":"Bert &amp; Daiber Steuerberater in Darmstadt","article_modified_time":"2023-11-08T16:34:47+00:00","og_image":[{"url":"https:\/\/vorschau.bert-daiber.de\/wp-content\/uploads\/2019\/02\/startseite-bert-daiber.jpg","type":"","width":"","height":""}],"twitter_card":"summary_large_image","twitter_title":"Conseiller fiscal et auditeur \u00e0 Darmstadt","twitter_description":"Bert&Daiber fournit des conseils fiscaux et des audits \u00e0 Darmstadt depuis 2005. La soci\u00e9t\u00e9 de conseil et d'audit fiscal se concentre sur l'accompagnement des entreprises de taille moyenne.","twitter_image":"https:\/\/vorschau.bert-daiber.de\/wp-content\/uploads\/2019\/02\/startseite-bert-daiber.jpg","twitter_misc":{"Dur\u00e9e de lecture estim\u00e9e":"4 minutes"},"schema":{"@context":"https:\/\/schema.org","@graph":[{"@type":"WebPage","@id":"https:\/\/bert-daiber.de\/fr\/","url":"https:\/\/bert-daiber.de\/fr\/","name":"Conseiller fiscal et auditeur \u00e0 Darmstadt - Bert &amp; Daiber Steuerberater in Darmstadt","isPartOf":{"@id":"https:\/\/bert-daiber.de\/#website"},"primaryImageOfPage":{"@id":"https:\/\/bert-daiber.de\/fr\/#primaryimage"},"image":{"@id":"https:\/\/bert-daiber.de\/fr\/#primaryimage"},"thumbnailUrl":"https:\/\/bert-daiber.de\/wp-content\/uploads\/2024\/02\/steuerberater-darmstadt-bertdaiber-beide.jpg","datePublished":"2022-06-21T11:01:45+00:00","dateModified":"2023-11-08T16:34:47+00:00","description":"Bert&Daiber sont conseillers fiscaux et auditeurs \u00e0 Darmstadt depuis 2005. La soci\u00e9t\u00e9 de conseil et d'audit fiscal se concentre sur l'accompagnement des entreprises de taille moyenne.","breadcrumb":{"@id":"https:\/\/bert-daiber.de\/fr\/#breadcrumb"},"inLanguage":"fr-FR","potentialAction":[{"@type":"ReadAction","target":["https:\/\/bert-daiber.de\/fr\/"]}]},{"@type":"ImageObject","inLanguage":"fr-FR","@id":"https:\/\/bert-daiber.de\/fr\/#primaryimage","url":"https:\/\/bert-daiber.de\/wp-content\/uploads\/2024\/02\/steuerberater-darmstadt-bertdaiber-beide.jpg","contentUrl":"https:\/\/bert-daiber.de\/wp-content\/uploads\/2024\/02\/steuerberater-darmstadt-bertdaiber-beide.jpg","width":1283,"height":1283,"caption":"Steuerberater Darmstadt Bert & Daiber GF"},{"@type":"BreadcrumbList","@id":"https:\/\/bert-daiber.de\/fr\/#breadcrumb","itemListElement":[{"@type":"ListItem","position":1,"name":"Home Bert &amp; Daiber Steuerberater Darmstadt","item":"https:\/\/bert-daiber.de\/fr\/"},{"@type":"ListItem","position":2,"name":"Conseiller fiscal et auditeur \u00e0 Darmstadt"}]},{"@type":"WebSite","@id":"https:\/\/bert-daiber.de\/#website","url":"https:\/\/bert-daiber.de\/","name":"Bert & Daiber Steuerberater in Darmstadt","description":"Steuerberatung in Darmstadt Bert &amp; Daiber","publisher":{"@id":"https:\/\/bert-daiber.de\/#organization"},"alternateName":"Bert & Daiber Steuerberatung in Darmstadt","potentialAction":[{"@type":"SearchAction","target":{"@type":"EntryPoint","urlTemplate":"https:\/\/bert-daiber.de\/?s={search_term_string}"},"query-input":{"@type":"PropertyValueSpecification","valueRequired":true,"valueName":"search_term_string"}}],"inLanguage":"fr-FR"},{"@type":"Organization","@id":"https:\/\/bert-daiber.de\/#organization","name":"Bert & Daiber Steuerberater in Darmstadt","alternateName":"Bert & Daiber Steuerberatung","url":"https:\/\/bert-daiber.de\/","logo":{"@type":"ImageObject","inLanguage":"fr-FR","@id":"https:\/\/bert-daiber.de\/#\/schema\/logo\/image\/","url":"https:\/\/bert-daiber.de\/wp-content\/uploads\/2020\/06\/cropped-favicon.png","contentUrl":"https:\/\/bert-daiber.de\/wp-content\/uploads\/2020\/06\/cropped-favicon.png","width":512,"height":512,"caption":"Bert & Daiber Steuerberater in Darmstadt"},"image":{"@id":"https:\/\/bert-daiber.de\/#\/schema\/logo\/image\/"}}]}},"_links":{"self":[{"href":"https:\/\/bert-daiber.de\/fr\/wp-json\/wp\/v2\/pages\/3679","targetHints":{"allow":["GET"]}}],"collection":[{"href":"https:\/\/bert-daiber.de\/fr\/wp-json\/wp\/v2\/pages"}],"about":[{"href":"https:\/\/bert-daiber.de\/fr\/wp-json\/wp\/v2\/types\/page"}],"author":[{"embeddable":true,"href":"https:\/\/bert-daiber.de\/fr\/wp-json\/wp\/v2\/users\/1"}],"replies":[{"embeddable":true,"href":"https:\/\/bert-daiber.de\/fr\/wp-json\/wp\/v2\/comments?post=3679"}],"version-history":[{"count":20,"href":"https:\/\/bert-daiber.de\/fr\/wp-json\/wp\/v2\/pages\/3679\/revisions"}],"predecessor-version":[{"id":4945,"href":"https:\/\/bert-daiber.de\/fr\/wp-json\/wp\/v2\/pages\/3679\/revisions\/4945"}],"wp:featuredmedia":[{"embeddable":true,"href":"https:\/\/bert-daiber.de\/fr\/wp-json\/wp\/v2\/media\/5069"}],"wp:attachment":[{"href":"https:\/\/bert-daiber.de\/fr\/wp-json\/wp\/v2\/media?parent=3679"}],"curies":[{"name":"wp","href":"https:\/\/api.w.org\/{rel}","templated":true}]}}