{"id":3742,"date":"2022-06-21T12:09:25","date_gmt":"2022-06-21T12:09:25","guid":{"rendered":"https:\/\/bert-daiber.de\/cabinet-digital\/bureau-numerique-datev\/"},"modified":"2026-02-09T16:08:41","modified_gmt":"2026-02-09T16:08:41","slug":"cabinet-digital-datev","status":"publish","type":"page","link":"https:\/\/bert-daiber.de\/fr\/cabinet-digital\/cabinet-digital-datev\/","title":{"rendered":"Cabinet Digital DATEV"},"content":{"rendered":"<div id=\"cs-content\" class=\"cs-content\"><div class=\"x-section e3742-e1 m2vy-0 m2vy-1 m2vy-2 m2vy-3 m2vy-4\"><div class=\"x-bg\" aria-hidden=\"true\"><div class=\"x-bg-layer-lower-image\" data-x-element-bg-layer=\"{&quot;parallaxSize&quot;:&quot;150%&quot;,&quot;parallaxDir&quot;:&quot;v&quot;,&quot;parallaxRev&quot;:false}\"><\/div><\/div><div class=\"x-row e3742-e2 m2vy-9 m2vy-a m2vy-c\"><div class=\"x-row-inner\"><div class=\"x-col e3742-e3 m2vy-g\"><hr  class=\"x-gap\" style=\"margin: 20vw 0 0 0;\"><\/div><\/div><\/div><\/div><div class=\"x-section e3742-e5 m2vy-0 m2vy-1 m2vy-5 m2vy-6\"><div class=\"x-container max width e3742-e6 m2vy-i\"><div class=\"x-column x-sm x-1-1 e3742-e7 m2vy-k\"><h1  class=\"h-custom-headline h1\" style=\"color: #ab0530;\"><span>NOUS SOMMES UN CABINET DIGITAL DATEV <\/span><\/h1><div class=\"x-text x-text-headline e3742-e9 m2vy-l\"><div class=\"x-text-content\"><div class=\"x-text-content-text\"><h2 class=\"x-text-content-text-primary\">Votre conseiller fiscal num\u00e9rique<\/h2>\n<\/div><\/div><\/div><\/div><\/div><\/div><div class=\"x-section e3742-e10 m2vy-0 m2vy-1 m2vy-2 m2vy-4 m2vy-6 m2vy-7\"><div class=\"x-bg\" aria-hidden=\"true\"><div class=\"x-bg-layer-lower-image\"><\/div><\/div><div class=\"x-container max width e3742-e11 m2vy-i m2vy-j\"><div class=\"x-column x-sm x-1-1 e3742-e12 m2vy-k\"><div id=\"\" class=\"x-text\" style=\"\" ><p>Bert &amp; Daiber figure de nouveau en 2026 parmi les meilleurs cabinets digitaux d'Allemagne. Nous sommes tr\u00e8s fiers d'avoir encore \u00e9t\u00e9 distingu\u00e9s cette ann\u00e9e au titre de cabinet digital.<\/p>\n<p>La DATEV eG d\u00e9cerne ce label aux cabinets qui se distinguent par une collaboration digitalis\u00e9e assidue avec leurs clientes et clients. Sur la base de crit\u00e8res pr\u00e9d\u00e9finis, cette coop\u00e9rative v\u00e9rifie \u00e0 l'aide d'un logiciel le degr\u00e9 de digitalisation dans les secteurs de la comptabilit\u00e9, de la fiscalit\u00e9 et des salaires. Ces crit\u00e8res changent chaque ann\u00e9e, c'est pourquoi les cabinets doivent se soumettre de mani\u00e8re r\u00e9p\u00e9t\u00e9e \u00e0 ce processus. Le label \u00ab Cabinet digital DATEV \u00bb garantit par cons\u00e9quent dans le m\u00eame temps que les cabinets concern\u00e9s sont \u00e0 la pointe de la num\u00e9risation.<\/p>\n<\/div><\/div><\/div><div class=\"x-row x-container max width e3742-e14 m2vy-9 m2vy-b m2vy-d m2vy-e\"><div class=\"x-row-inner\"><div class=\"x-col e3742-e15 m2vy-g\"><div id=\"\" class=\"x-text\" style=\"\" ><div class=\"x-text e2065-12 m1ld-12\">\n<div class=\"x-text e2065-12 m1ld-12\"><a href=\"https:\/\/www.smartexperts.de\/suche\/searchdetail\/partnerschaftsgesellschaft-mbb-bert-daiber\/1272405?from=portal\" rel=\"noopener\" target=\"_blank\"><img loading=\"lazy\" decoding=\"async\" src=\"https:\/\/bert-daiber.de\/wp-content\/uploads\/2026\/02\/datev-digi-2026_120.png\" alt=\"Datev-Zertifikat Digitale Kanzlei 2026 - Bert &amp; Daiber - Steuerberater &amp; Wirtschaftspr\u00fcfer in Darmstadt 120\" width=\"120\" height=\"120\" class=\"alignnone wp-image-5295 size-full\" srcset=\"https:\/\/bert-daiber.de\/wp-content\/uploads\/2026\/02\/datev-digi-2026_120.png 120w, https:\/\/bert-daiber.de\/wp-content\/uploads\/2026\/02\/datev-digi-2026_120-100x100.png 100w\" sizes=\"auto, (max-width: 120px) 100vw, 120px\" \/><\/a><a href=\"https:\/\/www.smartexperts.de\/suche\/searchdetail\/partnerschaftsgesellschaft-mbb-bert-daiber\/1272405?from=portal\" target=\"_blank\" rel=\"noopener\"><img loading=\"lazy\" decoding=\"async\" src=\"https:\/\/bert-daiber.de\/wp-content\/uploads\/2025\/02\/datev-digi-2025_120.png\" alt=\"Datev-Zertifikat Digitale Kanzlei 2025 - Bert &amp; Daiber - Steuerberater &amp; Wirtschaftspr\u00fcfer in Darmstadt 120\" width=\"120\" height=\"120\" class=\"alignnone size-full wp-image-5240\" srcset=\"https:\/\/bert-daiber.de\/wp-content\/uploads\/2025\/02\/datev-digi-2025_120.png 120w, https:\/\/bert-daiber.de\/wp-content\/uploads\/2025\/02\/datev-digi-2025_120-100x100.png 100w\" sizes=\"auto, (max-width: 120px) 100vw, 120px\" \/> <\/a><a href=\"https:\/\/www.smartexperts.de\/suche\/searchdetail\/partnerschaftsgesellschaft-mbb-bert-daiber\/1272405?from=portal\" target=\"_blank\" rel=\"noopener\"><img loading=\"lazy\" decoding=\"async\" src=\"https:\/\/bert-daiber.de\/wp-content\/uploads\/2024\/03\/datev-digi-2024.png\" alt=\"Datev-Zertifikat Digitale Kanzlei 2024 - Bert &amp; Daiber - Steuerberater &amp; Wirtschaftspr\u00fcfer in Darmstadt\" width=\"120\" height=\"120\" class=\"alignnone wp-image-5125 size-full\" srcset=\"https:\/\/bert-daiber.de\/wp-content\/uploads\/2024\/03\/datev-digi-2024.png 120w, https:\/\/bert-daiber.de\/wp-content\/uploads\/2024\/03\/datev-digi-2024-100x100.png 100w\" sizes=\"auto, (max-width: 120px) 100vw, 120px\" \/><\/a><a href=\"https:\/\/www.smartexperts.de\/suche\/searchdetail\/partnerschaftsgesellschaft-mbb-bert-daiber\/1272405?from=portal\" rel=\"noopener\" target=\"_blank\"><img loading=\"lazy\" decoding=\"async\" src=\"https:\/\/bert-daiber.de\/wp-content\/uploads\/2023\/01\/datev-digi-2023_120.png\" alt=\"Datev-Zertifikat Digitale Kanzlei 2023 - Bert &amp; Daiber - Steuerberater &amp; Wirtschaftspr\u00fcfer in Darmstadt\" width=\"120\" height=\"120\" class=\"alignnone size-full wp-image-4801\" srcset=\"https:\/\/bert-daiber.de\/wp-content\/uploads\/2023\/01\/datev-digi-2023_120.png 120w, https:\/\/bert-daiber.de\/wp-content\/uploads\/2023\/01\/datev-digi-2023_120-100x100.png 100w\" sizes=\"auto, (max-width: 120px) 100vw, 120px\" \/><img decoding=\"async\" loading=\"lazy\" class=\"alignnone wp-image-2063\" src=\"https:\/\/bert-daiber.de\/wp-content\/uploads\/2022\/03\/datev-digi-2022.png\" alt=\"\" width=\"120\" height=\"120\" \/><\/a><a href=\"https:\/\/www.smartexperts.de\/suche\/searchdetail\/partnerschaftsgesellschaft-mbb-bert-daiber\/1272405?from=portal\" target=\"_blank\" rel=\"noopener\"><img decoding=\"async\" loading=\"lazy\" class=\"alignnone wp-image-2063\" src=\"https:\/\/bert-daiber.de\/wp-content\/uploads\/2021\/11\/datev-digi-2021.png\" alt=\"\" width=\"120\" \/><\/a><a href=\"https:\/\/www.smartexperts.de\/suche\/searchdetail\/partnerschaftsgesellschaft-mbb-bert-daiber\/1272405?from=portal\" target=\"_blank\" rel=\"noopener\"><img decoding=\"async\" loading=\"lazy\" class=\"alignnone wp-image-2063\" src=\"https:\/\/bert-daiber.de\/wp-content\/uploads\/2021\/11\/datev-digi-2020.png\" alt=\"\" width=\"120\" height=\"120\" \/><\/a><a href=\"https:\/\/www.smartexperts.de\/suche\/searchdetail\/partnerschaftsgesellschaft-mbb-bert-daiber\/1272405\" rel=\"noopener\" target=\"_blank\"><img decoding=\"async\" class=\"smartexpert-image\" src=\"https:\/\/bert-daiber.de\/wp-content\/uploads\/2022\/01\/Mini-Label_DATEV_SmartExperts_RGB.jpg\" alt=\"\" width=\"230\" border=\"\" \/><\/a><\/div>\n<p><a href=\"https:\/\/www.smartexperts.de\/suche\/searchdetail\/partnerschaftsgesellschaft-mbb-bert-daiber\/1272405\" rel=\"noopener\" target=\"_blank\"><\/a><\/p>\n<\/div>\n<\/div><\/div><\/div><\/div><\/div><div class=\"x-section e3742-e17 m2vy-1 m2vy-2 m2vy-6 m2vy-8\"><div class=\"x-container max width e3742-e18 m2vy-i\"><div class=\"x-column x-sm x-1-1 e3742-e19 m2vy-k\"><h2  class=\"h-custom-headline man h3\" style=\"color: #ab0530;\"><span>Profitez des avantages :<\/span><\/h2><hr  class=\"x-gap\" style=\"margin: 20px 0 0 0;\"><ul id=\"\" class=\"x-ul-icons\" style=\"\" ><li id=\"\" class=\"x-li-icon\" style=\"\" ><i class=\"x-icon-check\" aria-hidden=\"true\" style=\"color: #ab0530;\" data-x-icon-s=\"&#xf00c;\" ><\/i>Collaboration num\u00e9rique de bout en bout : r\u00e9duit les t\u00e2ches administratives dans votre entreprise.<\/li><li id=\"\" class=\"x-li-icon\" style=\"\" ><i class=\"x-icon-check\" aria-hidden=\"true\" style=\"color: #ab0530;\" data-x-icon-s=\"&#xf00c;\" ><\/i>Les erreurs g\u00e9n\u00e9r\u00e9es manuellement sont exclues : la num\u00e9risation des op\u00e9rations bancaires a ainsi un impact positif sur les liquidit\u00e9s de votre entreprise.<\/li><li id=\"\" class=\"x-li-icon\" style=\"\" ><i class=\"x-icon-check\" aria-hidden=\"true\" style=\"color: #ab0530;\" data-x-icon-s=\"&#xf00c;\" ><\/i>Assistance lors du passage aux processus digitaux : le cabinet op\u00e8re d\u00e9j\u00e0 de mani\u00e8re professionnelle en num\u00e9rique et peut vous aider de fa\u00e7on comp\u00e9tente.<\/li><li id=\"\" class=\"x-li-icon\" style=\"\" ><i class=\"x-icon-check\" aria-hidden=\"true\" style=\"color: #ab0530;\" data-x-icon-s=\"&#xf00c;\" ><\/i>Saisie et gestion \u00e9lectroniques de vos donn\u00e9es salariales : la gestion enti\u00e8rement num\u00e9ris\u00e9e des dossiers du personnel est \u00e9galement possible.<\/li><li id=\"\" class=\"x-li-icon\" style=\"\" ><i class=\"x-icon-check\" aria-hidden=\"true\" style=\"color: #ab0530;\" data-x-icon-s=\"&#xf00c;\" ><\/i>Utilisation accrue de solutions digitales dans le domaine des factures : les factures sont import\u00e9es num\u00e9riquement, directement et sans rupture manuelle dans la comptabilit\u00e9 financi\u00e8re.<\/li><li id=\"\" class=\"x-li-icon\" style=\"\" ><i class=\"x-icon-check\" aria-hidden=\"true\" style=\"color: #ab0530;\" data-x-icon-s=\"&#xf00c;\" ><\/i>Utilisation syst\u00e9matique des interfaces \u00e0 partir de syst\u00e8mes tiers ou de syst\u00e8mes de pr\u00e9-saisie.<\/li><\/ul><hr  class=\"x-gap\" style=\"margin: 30px 0 0 0;\"><div id=\"\" class=\"x-text\" style=\"\" ><div id=\"mym-insert-here-110174\"><\/div>\n<p><script src=\"https:\/\/www.datev-mymarketing.de\/onlineMedia\/code.js?ids=110174\"><\/script><\/p>\n<\/div><\/div><\/div><div class=\"x-row x-container max width e3742-e31 m2vy-9 m2vy-b m2vy-d m2vy-f\"><div class=\"x-row-inner\"><div class=\"x-col e3742-e32 m2vy-g m2vy-h\"><hr  class=\"x-gap\" style=\"margin: 30px 0 0 0;\"><a  class=\"x-btn x-btn-global\"  href=\"\/fr\/contact\"     data-options=\"thumbnail: ''\">N\u2019h\u00e9sitez pas \u00e0 prendre contact avec nous<\/a><hr  class=\"x-gap\" style=\"margin: 40px 0 0 0;\"><\/div><\/div><\/div><\/div><\/div>\n","protected":false},"excerpt":{"rendered":"<p>NOUS SOMMES UN CABINET DIGITAL DATEV Votre conseiller fiscal num\u00e9rique Bert &amp; Daiber figure de nouveau en 2026 parmi les meilleurs cabinets digitaux d&rsquo;Allemagne. Nous sommes tr\u00e8s fiers d&rsquo;avoir encore \u00e9t\u00e9 distingu\u00e9s cette ann\u00e9e au titre de cabinet digital. La DATEV eG d\u00e9cerne ce label aux cabinets qui se distinguent par une collaboration digitalis\u00e9e assidue avec leurs clientes et clients. &#8230; <\/p>\n<div><a href=\"https:\/\/bert-daiber.de\/fr\/cabinet-digital\/cabinet-digital-datev\/\" class=\"more-link\">Read More<\/a><\/div>\n","protected":false},"author":9,"featured_media":0,"parent":3732,"menu_order":0,"comment_status":"closed","ping_status":"closed","template":"template-blank-4.php","meta":{"rs_blank_template":"","rs_page_bg_color":"","slide_template_v7":"","footnotes":""},"class_list":["post-3742","page","type-page","status-publish","hentry","no-post-thumbnail"],"yoast_head":"<!-- This site is optimized with the Yoast SEO plugin v27.3 - https:\/\/yoast.com\/product\/yoast-seo-wordpress\/ -->\n<title>Cabinet Digital DATEV - Bert &amp; Daiber Steuerberater in Darmstadt<\/title>\n<meta name=\"robots\" content=\"index, follow, max-snippet:-1, max-image-preview:large, max-video-preview:-1\" \/>\n<link rel=\"canonical\" href=\"https:\/\/bert-daiber.de\/fr\/cabinet-digital\/cabinet-digital-datev\/\" \/>\n<meta property=\"og:locale\" content=\"fr_FR\" \/>\n<meta property=\"og:type\" content=\"article\" \/>\n<meta property=\"og:title\" content=\"Cabinet Digital DATEV - Bert &amp; Daiber Steuerberater in Darmstadt\" \/>\n<meta property=\"og:description\" content=\"NOUS SOMMES UN CABINET DIGITAL DATEV Votre conseiller fiscal num\u00e9rique Bert &amp; Daiber figure de nouveau en 2026 parmi les meilleurs cabinets digitaux d&#039;Allemagne. Nous sommes tr\u00e8s fiers d&#039;avoir encore \u00e9t\u00e9 distingu\u00e9s cette ann\u00e9e au titre de cabinet digital. La DATEV eG d\u00e9cerne ce label aux cabinets qui se distinguent par une collaboration digitalis\u00e9e assidue avec leurs clientes et clients. ... Read More\" \/>\n<meta property=\"og:url\" content=\"https:\/\/bert-daiber.de\/fr\/cabinet-digital\/cabinet-digital-datev\/\" \/>\n<meta property=\"og:site_name\" content=\"Bert &amp; Daiber Steuerberater in Darmstadt\" \/>\n<meta property=\"article:modified_time\" content=\"2026-02-09T16:08:41+00:00\" \/>\n<meta property=\"og:image\" content=\"https:\/\/bert-daiber.de\/wp-content\/uploads\/2026\/02\/datev-digi-2026_120.png\" \/>\n\t<meta property=\"og:image:width\" content=\"120\" \/>\n\t<meta property=\"og:image:height\" content=\"120\" \/>\n\t<meta property=\"og:image:type\" content=\"image\/png\" \/>\n<meta name=\"twitter:card\" content=\"summary_large_image\" \/>\n<meta name=\"twitter:label1\" content=\"Dur\u00e9e de lecture estim\u00e9e\" \/>\n\t<meta name=\"twitter:data1\" content=\"4 minutes\" \/>\n<script type=\"application\/ld+json\" class=\"yoast-schema-graph\">{\"@context\":\"https:\\\/\\\/schema.org\",\"@graph\":[{\"@type\":\"WebPage\",\"@id\":\"https:\\\/\\\/bert-daiber.de\\\/fr\\\/cabinet-digital\\\/cabinet-digital-datev\\\/\",\"url\":\"https:\\\/\\\/bert-daiber.de\\\/fr\\\/cabinet-digital\\\/cabinet-digital-datev\\\/\",\"name\":\"Cabinet Digital DATEV - Bert &amp; Daiber Steuerberater in Darmstadt\",\"isPartOf\":{\"@id\":\"https:\\\/\\\/bert-daiber.de\\\/#website\"},\"primaryImageOfPage\":{\"@id\":\"https:\\\/\\\/bert-daiber.de\\\/fr\\\/cabinet-digital\\\/cabinet-digital-datev\\\/#primaryimage\"},\"image\":{\"@id\":\"https:\\\/\\\/bert-daiber.de\\\/fr\\\/cabinet-digital\\\/cabinet-digital-datev\\\/#primaryimage\"},\"thumbnailUrl\":\"https:\\\/\\\/bert-daiber.de\\\/wp-content\\\/uploads\\\/2026\\\/02\\\/datev-digi-2026_120.png\",\"datePublished\":\"2022-06-21T12:09:25+00:00\",\"dateModified\":\"2026-02-09T16:08:41+00:00\",\"breadcrumb\":{\"@id\":\"https:\\\/\\\/bert-daiber.de\\\/fr\\\/cabinet-digital\\\/cabinet-digital-datev\\\/#breadcrumb\"},\"inLanguage\":\"fr-FR\",\"potentialAction\":[{\"@type\":\"ReadAction\",\"target\":[\"https:\\\/\\\/bert-daiber.de\\\/fr\\\/cabinet-digital\\\/cabinet-digital-datev\\\/\"]}]},{\"@type\":\"ImageObject\",\"inLanguage\":\"fr-FR\",\"@id\":\"https:\\\/\\\/bert-daiber.de\\\/fr\\\/cabinet-digital\\\/cabinet-digital-datev\\\/#primaryimage\",\"url\":\"https:\\\/\\\/bert-daiber.de\\\/wp-content\\\/uploads\\\/2026\\\/02\\\/datev-digi-2026_120.png\",\"contentUrl\":\"https:\\\/\\\/bert-daiber.de\\\/wp-content\\\/uploads\\\/2026\\\/02\\\/datev-digi-2026_120.png\"},{\"@type\":\"BreadcrumbList\",\"@id\":\"https:\\\/\\\/bert-daiber.de\\\/fr\\\/cabinet-digital\\\/cabinet-digital-datev\\\/#breadcrumb\",\"itemListElement\":[{\"@type\":\"ListItem\",\"position\":1,\"name\":\"Home Bert &amp; Daiber Steuerberater Darmstadt\",\"item\":\"https:\\\/\\\/bert-daiber.de\\\/fr\\\/\"},{\"@type\":\"ListItem\",\"position\":2,\"name\":\"CABINET DIGITAL\",\"item\":\"https:\\\/\\\/bert-daiber.de\\\/fr\\\/cabinet-digital\\\/\"},{\"@type\":\"ListItem\",\"position\":3,\"name\":\"Cabinet Digital DATEV\"}]},{\"@type\":\"WebSite\",\"@id\":\"https:\\\/\\\/bert-daiber.de\\\/#website\",\"url\":\"https:\\\/\\\/bert-daiber.de\\\/\",\"name\":\"Bert & Daiber Steuerberater in Darmstadt\",\"description\":\"Steuerberatung in Darmstadt Bert &amp; Daiber\",\"publisher\":{\"@id\":\"https:\\\/\\\/bert-daiber.de\\\/#organization\"},\"alternateName\":\"Bert & Daiber Steuerberatung in Darmstadt\",\"potentialAction\":[{\"@type\":\"SearchAction\",\"target\":{\"@type\":\"EntryPoint\",\"urlTemplate\":\"https:\\\/\\\/bert-daiber.de\\\/?s={search_term_string}\"},\"query-input\":{\"@type\":\"PropertyValueSpecification\",\"valueRequired\":true,\"valueName\":\"search_term_string\"}}],\"inLanguage\":\"fr-FR\"},{\"@type\":\"Organization\",\"@id\":\"https:\\\/\\\/bert-daiber.de\\\/#organization\",\"name\":\"Bert & Daiber Steuerberater in Darmstadt\",\"alternateName\":\"Bert & Daiber Steuerberatung\",\"url\":\"https:\\\/\\\/bert-daiber.de\\\/\",\"logo\":{\"@type\":\"ImageObject\",\"inLanguage\":\"fr-FR\",\"@id\":\"https:\\\/\\\/bert-daiber.de\\\/#\\\/schema\\\/logo\\\/image\\\/\",\"url\":\"https:\\\/\\\/bert-daiber.de\\\/wp-content\\\/uploads\\\/2020\\\/06\\\/cropped-favicon.png\",\"contentUrl\":\"https:\\\/\\\/bert-daiber.de\\\/wp-content\\\/uploads\\\/2020\\\/06\\\/cropped-favicon.png\",\"width\":512,\"height\":512,\"caption\":\"Bert & Daiber Steuerberater in Darmstadt\"},\"image\":{\"@id\":\"https:\\\/\\\/bert-daiber.de\\\/#\\\/schema\\\/logo\\\/image\\\/\"}}]}<\/script>\n<!-- \/ Yoast SEO plugin. -->","yoast_head_json":{"title":"Cabinet Digital DATEV - Bert &amp; Daiber Steuerberater in Darmstadt","robots":{"index":"index","follow":"follow","max-snippet":"max-snippet:-1","max-image-preview":"max-image-preview:large","max-video-preview":"max-video-preview:-1"},"canonical":"https:\/\/bert-daiber.de\/fr\/cabinet-digital\/cabinet-digital-datev\/","og_locale":"fr_FR","og_type":"article","og_title":"Cabinet Digital DATEV - Bert &amp; Daiber Steuerberater in Darmstadt","og_description":"NOUS SOMMES UN CABINET DIGITAL DATEV Votre conseiller fiscal num\u00e9rique Bert &amp; Daiber figure de nouveau en 2026 parmi les meilleurs cabinets digitaux d'Allemagne. Nous sommes tr\u00e8s fiers d'avoir encore \u00e9t\u00e9 distingu\u00e9s cette ann\u00e9e au titre de cabinet digital. La DATEV eG d\u00e9cerne ce label aux cabinets qui se distinguent par une collaboration digitalis\u00e9e assidue avec leurs clientes et clients. ... Read More","og_url":"https:\/\/bert-daiber.de\/fr\/cabinet-digital\/cabinet-digital-datev\/","og_site_name":"Bert &amp; Daiber Steuerberater in Darmstadt","article_modified_time":"2026-02-09T16:08:41+00:00","og_image":[{"width":120,"height":120,"url":"https:\/\/bert-daiber.de\/wp-content\/uploads\/2026\/02\/datev-digi-2026_120.png","type":"image\/png"}],"twitter_card":"summary_large_image","twitter_misc":{"Dur\u00e9e de lecture estim\u00e9e":"4 minutes"},"schema":{"@context":"https:\/\/schema.org","@graph":[{"@type":"WebPage","@id":"https:\/\/bert-daiber.de\/fr\/cabinet-digital\/cabinet-digital-datev\/","url":"https:\/\/bert-daiber.de\/fr\/cabinet-digital\/cabinet-digital-datev\/","name":"Cabinet Digital DATEV - Bert &amp; Daiber Steuerberater in Darmstadt","isPartOf":{"@id":"https:\/\/bert-daiber.de\/#website"},"primaryImageOfPage":{"@id":"https:\/\/bert-daiber.de\/fr\/cabinet-digital\/cabinet-digital-datev\/#primaryimage"},"image":{"@id":"https:\/\/bert-daiber.de\/fr\/cabinet-digital\/cabinet-digital-datev\/#primaryimage"},"thumbnailUrl":"https:\/\/bert-daiber.de\/wp-content\/uploads\/2026\/02\/datev-digi-2026_120.png","datePublished":"2022-06-21T12:09:25+00:00","dateModified":"2026-02-09T16:08:41+00:00","breadcrumb":{"@id":"https:\/\/bert-daiber.de\/fr\/cabinet-digital\/cabinet-digital-datev\/#breadcrumb"},"inLanguage":"fr-FR","potentialAction":[{"@type":"ReadAction","target":["https:\/\/bert-daiber.de\/fr\/cabinet-digital\/cabinet-digital-datev\/"]}]},{"@type":"ImageObject","inLanguage":"fr-FR","@id":"https:\/\/bert-daiber.de\/fr\/cabinet-digital\/cabinet-digital-datev\/#primaryimage","url":"https:\/\/bert-daiber.de\/wp-content\/uploads\/2026\/02\/datev-digi-2026_120.png","contentUrl":"https:\/\/bert-daiber.de\/wp-content\/uploads\/2026\/02\/datev-digi-2026_120.png"},{"@type":"BreadcrumbList","@id":"https:\/\/bert-daiber.de\/fr\/cabinet-digital\/cabinet-digital-datev\/#breadcrumb","itemListElement":[{"@type":"ListItem","position":1,"name":"Home Bert &amp; Daiber Steuerberater Darmstadt","item":"https:\/\/bert-daiber.de\/fr\/"},{"@type":"ListItem","position":2,"name":"CABINET DIGITAL","item":"https:\/\/bert-daiber.de\/fr\/cabinet-digital\/"},{"@type":"ListItem","position":3,"name":"Cabinet Digital DATEV"}]},{"@type":"WebSite","@id":"https:\/\/bert-daiber.de\/#website","url":"https:\/\/bert-daiber.de\/","name":"Bert & Daiber Steuerberater in Darmstadt","description":"Steuerberatung in Darmstadt Bert &amp; Daiber","publisher":{"@id":"https:\/\/bert-daiber.de\/#organization"},"alternateName":"Bert & Daiber Steuerberatung in Darmstadt","potentialAction":[{"@type":"SearchAction","target":{"@type":"EntryPoint","urlTemplate":"https:\/\/bert-daiber.de\/?s={search_term_string}"},"query-input":{"@type":"PropertyValueSpecification","valueRequired":true,"valueName":"search_term_string"}}],"inLanguage":"fr-FR"},{"@type":"Organization","@id":"https:\/\/bert-daiber.de\/#organization","name":"Bert & Daiber Steuerberater in Darmstadt","alternateName":"Bert & Daiber Steuerberatung","url":"https:\/\/bert-daiber.de\/","logo":{"@type":"ImageObject","inLanguage":"fr-FR","@id":"https:\/\/bert-daiber.de\/#\/schema\/logo\/image\/","url":"https:\/\/bert-daiber.de\/wp-content\/uploads\/2020\/06\/cropped-favicon.png","contentUrl":"https:\/\/bert-daiber.de\/wp-content\/uploads\/2020\/06\/cropped-favicon.png","width":512,"height":512,"caption":"Bert & Daiber Steuerberater in Darmstadt"},"image":{"@id":"https:\/\/bert-daiber.de\/#\/schema\/logo\/image\/"}}]}},"_links":{"self":[{"href":"https:\/\/bert-daiber.de\/fr\/wp-json\/wp\/v2\/pages\/3742","targetHints":{"allow":["GET"]}}],"collection":[{"href":"https:\/\/bert-daiber.de\/fr\/wp-json\/wp\/v2\/pages"}],"about":[{"href":"https:\/\/bert-daiber.de\/fr\/wp-json\/wp\/v2\/types\/page"}],"author":[{"embeddable":true,"href":"https:\/\/bert-daiber.de\/fr\/wp-json\/wp\/v2\/users\/9"}],"replies":[{"embeddable":true,"href":"https:\/\/bert-daiber.de\/fr\/wp-json\/wp\/v2\/comments?post=3742"}],"version-history":[{"count":24,"href":"https:\/\/bert-daiber.de\/fr\/wp-json\/wp\/v2\/pages\/3742\/revisions"}],"predecessor-version":[{"id":5309,"href":"https:\/\/bert-daiber.de\/fr\/wp-json\/wp\/v2\/pages\/3742\/revisions\/5309"}],"up":[{"embeddable":true,"href":"https:\/\/bert-daiber.de\/fr\/wp-json\/wp\/v2\/pages\/3732"}],"wp:attachment":[{"href":"https:\/\/bert-daiber.de\/fr\/wp-json\/wp\/v2\/media?parent=3742"}],"curies":[{"name":"wp","href":"https:\/\/api.w.org\/{rel}","templated":true}]}}