{"id":3823,"date":"2022-06-21T13:04:55","date_gmt":"2022-06-21T13:04:55","guid":{"rendered":"https:\/\/bert-daiber.de\/cabinet-digital\/service-de-donnees-de-paiement-datev\/"},"modified":"2022-06-21T13:10:47","modified_gmt":"2022-06-21T13:10:47","slug":"datev-service-donnees-de-paiement","status":"publish","type":"page","link":"https:\/\/bert-daiber.de\/fr\/cabinet-digital\/datev-service-donnees-de-paiement\/","title":{"rendered":"DATEV Service Donn\u00e9es de paiement"},"content":{"rendered":"<div id=\"cs-content\" class=\"cs-content\"><\/div>\n","protected":false},"excerpt":{"rendered":"<p>DATEV Service Donn\u00e9es de paiementVotre conseiller fiscal digital Service de donn\u00e9es de paiement PayPal et Amazon de DATEVDans le cadre de sa coop\u00e9ration avec PayPal, DATEV propose une interface permettant de reprendre automatiquement les donn\u00e9es de paiement de PayPal dans le syst\u00e8me comptable DATEV. Avec le service de donn\u00e9es de paiement Amazon de DATEV, les chiffres d&rsquo;affaires des places de &#8230; <\/p>\n<div><a href=\"https:\/\/bert-daiber.de\/fr\/cabinet-digital\/datev-service-donnees-de-paiement\/\" class=\"more-link\">Read More<\/a><\/div>\n","protected":false},"author":10,"featured_media":0,"parent":3732,"menu_order":0,"comment_status":"closed","ping_status":"closed","template":"template-blank-4.php","meta":{"rs_blank_template":"","rs_page_bg_color":"","slide_template_v7":"","footnotes":""},"class_list":["post-3823","page","type-page","status-publish","hentry","no-post-thumbnail"],"yoast_head":"<!-- This site is optimized with the Yoast SEO plugin v27.3 - https:\/\/yoast.com\/product\/yoast-seo-wordpress\/ -->\n<title>DATEV Service Donn\u00e9es de paiement - Bert &amp; Daiber Steuerberater in Darmstadt<\/title>\n<meta name=\"robots\" content=\"index, follow, max-snippet:-1, max-image-preview:large, max-video-preview:-1\" \/>\n<link rel=\"canonical\" href=\"https:\/\/bert-daiber.de\/fr\/cabinet-digital\/datev-service-donnees-de-paiement\/\" \/>\n<meta property=\"og:locale\" content=\"fr_FR\" \/>\n<meta property=\"og:type\" content=\"article\" \/>\n<meta property=\"og:title\" content=\"DATEV Service Donn\u00e9es de paiement - Bert &amp; Daiber Steuerberater in Darmstadt\" \/>\n<meta property=\"og:description\" content=\"DATEV Service Donn\u00e9es de paiementVotre conseiller fiscal digital Service de donn\u00e9es de paiement PayPal et Amazon de DATEVDans le cadre de sa coop\u00e9ration avec PayPal, DATEV propose une interface permettant de reprendre automatiquement les donn\u00e9es de paiement de PayPal dans le syst\u00e8me comptable DATEV. Avec le service de donn\u00e9es de paiement Amazon de DATEV, les chiffres d&#039;affaires des places de ... Read More\" \/>\n<meta property=\"og:url\" content=\"https:\/\/bert-daiber.de\/fr\/cabinet-digital\/datev-service-donnees-de-paiement\/\" \/>\n<meta property=\"og:site_name\" content=\"Bert &amp; Daiber Steuerberater in Darmstadt\" \/>\n<meta property=\"article:modified_time\" content=\"2022-06-21T13:10:47+00:00\" \/>\n<meta property=\"og:image\" content=\"https:\/\/bert-daiber.de\/wp-content\/uploads\/2021\/06\/schlussrechnungspruefung.jpg\" \/>\n\t<meta property=\"og:image:width\" content=\"1920\" \/>\n\t<meta property=\"og:image:height\" content=\"830\" \/>\n\t<meta property=\"og:image:type\" content=\"image\/jpeg\" \/>\n<meta name=\"twitter:card\" content=\"summary_large_image\" \/>\n<meta name=\"twitter:label1\" content=\"Dur\u00e9e de lecture estim\u00e9e\" \/>\n\t<meta name=\"twitter:data1\" content=\"1 minute\" \/>\n<script type=\"application\/ld+json\" class=\"yoast-schema-graph\">{\"@context\":\"https:\\\/\\\/schema.org\",\"@graph\":[{\"@type\":\"WebPage\",\"@id\":\"https:\\\/\\\/bert-daiber.de\\\/fr\\\/cabinet-digital\\\/datev-service-donnees-de-paiement\\\/\",\"url\":\"https:\\\/\\\/bert-daiber.de\\\/fr\\\/cabinet-digital\\\/datev-service-donnees-de-paiement\\\/\",\"name\":\"DATEV Service Donn\u00e9es de paiement - Bert &amp; Daiber Steuerberater in Darmstadt\",\"isPartOf\":{\"@id\":\"https:\\\/\\\/bert-daiber.de\\\/#website\"},\"datePublished\":\"2022-06-21T13:04:55+00:00\",\"dateModified\":\"2022-06-21T13:10:47+00:00\",\"breadcrumb\":{\"@id\":\"https:\\\/\\\/bert-daiber.de\\\/fr\\\/cabinet-digital\\\/datev-service-donnees-de-paiement\\\/#breadcrumb\"},\"inLanguage\":\"fr-FR\",\"potentialAction\":[{\"@type\":\"ReadAction\",\"target\":[\"https:\\\/\\\/bert-daiber.de\\\/fr\\\/cabinet-digital\\\/datev-service-donnees-de-paiement\\\/\"]}]},{\"@type\":\"BreadcrumbList\",\"@id\":\"https:\\\/\\\/bert-daiber.de\\\/fr\\\/cabinet-digital\\\/datev-service-donnees-de-paiement\\\/#breadcrumb\",\"itemListElement\":[{\"@type\":\"ListItem\",\"position\":1,\"name\":\"Home Bert &amp; Daiber Steuerberater Darmstadt\",\"item\":\"https:\\\/\\\/bert-daiber.de\\\/fr\\\/\"},{\"@type\":\"ListItem\",\"position\":2,\"name\":\"CABINET DIGITAL\",\"item\":\"https:\\\/\\\/bert-daiber.de\\\/fr\\\/cabinet-digital\\\/\"},{\"@type\":\"ListItem\",\"position\":3,\"name\":\"DATEV Service Donn\u00e9es de paiement\"}]},{\"@type\":\"WebSite\",\"@id\":\"https:\\\/\\\/bert-daiber.de\\\/#website\",\"url\":\"https:\\\/\\\/bert-daiber.de\\\/\",\"name\":\"Bert & Daiber Steuerberater in Darmstadt\",\"description\":\"Steuerberatung in Darmstadt Bert &amp; Daiber\",\"publisher\":{\"@id\":\"https:\\\/\\\/bert-daiber.de\\\/#organization\"},\"alternateName\":\"Bert & Daiber Steuerberatung in Darmstadt\",\"potentialAction\":[{\"@type\":\"SearchAction\",\"target\":{\"@type\":\"EntryPoint\",\"urlTemplate\":\"https:\\\/\\\/bert-daiber.de\\\/?s={search_term_string}\"},\"query-input\":{\"@type\":\"PropertyValueSpecification\",\"valueRequired\":true,\"valueName\":\"search_term_string\"}}],\"inLanguage\":\"fr-FR\"},{\"@type\":\"Organization\",\"@id\":\"https:\\\/\\\/bert-daiber.de\\\/#organization\",\"name\":\"Bert & Daiber Steuerberater in Darmstadt\",\"alternateName\":\"Bert & Daiber Steuerberatung\",\"url\":\"https:\\\/\\\/bert-daiber.de\\\/\",\"logo\":{\"@type\":\"ImageObject\",\"inLanguage\":\"fr-FR\",\"@id\":\"https:\\\/\\\/bert-daiber.de\\\/#\\\/schema\\\/logo\\\/image\\\/\",\"url\":\"https:\\\/\\\/bert-daiber.de\\\/wp-content\\\/uploads\\\/2020\\\/06\\\/cropped-favicon.png\",\"contentUrl\":\"https:\\\/\\\/bert-daiber.de\\\/wp-content\\\/uploads\\\/2020\\\/06\\\/cropped-favicon.png\",\"width\":512,\"height\":512,\"caption\":\"Bert & Daiber Steuerberater in Darmstadt\"},\"image\":{\"@id\":\"https:\\\/\\\/bert-daiber.de\\\/#\\\/schema\\\/logo\\\/image\\\/\"}}]}<\/script>\n<!-- \/ Yoast SEO plugin. -->","yoast_head_json":{"title":"DATEV Service Donn\u00e9es de paiement - Bert &amp; Daiber Steuerberater in Darmstadt","robots":{"index":"index","follow":"follow","max-snippet":"max-snippet:-1","max-image-preview":"max-image-preview:large","max-video-preview":"max-video-preview:-1"},"canonical":"https:\/\/bert-daiber.de\/fr\/cabinet-digital\/datev-service-donnees-de-paiement\/","og_locale":"fr_FR","og_type":"article","og_title":"DATEV Service Donn\u00e9es de paiement - Bert &amp; Daiber Steuerberater in Darmstadt","og_description":"DATEV Service Donn\u00e9es de paiementVotre conseiller fiscal digital Service de donn\u00e9es de paiement PayPal et Amazon de DATEVDans le cadre de sa coop\u00e9ration avec PayPal, DATEV propose une interface permettant de reprendre automatiquement les donn\u00e9es de paiement de PayPal dans le syst\u00e8me comptable DATEV. Avec le service de donn\u00e9es de paiement Amazon de DATEV, les chiffres d'affaires des places de ... Read More","og_url":"https:\/\/bert-daiber.de\/fr\/cabinet-digital\/datev-service-donnees-de-paiement\/","og_site_name":"Bert &amp; Daiber Steuerberater in Darmstadt","article_modified_time":"2022-06-21T13:10:47+00:00","og_image":[{"width":1920,"height":830,"url":"https:\/\/bert-daiber.de\/wp-content\/uploads\/2021\/06\/schlussrechnungspruefung.jpg","type":"image\/jpeg"}],"twitter_card":"summary_large_image","twitter_misc":{"Dur\u00e9e de lecture estim\u00e9e":"1 minute"},"schema":{"@context":"https:\/\/schema.org","@graph":[{"@type":"WebPage","@id":"https:\/\/bert-daiber.de\/fr\/cabinet-digital\/datev-service-donnees-de-paiement\/","url":"https:\/\/bert-daiber.de\/fr\/cabinet-digital\/datev-service-donnees-de-paiement\/","name":"DATEV Service Donn\u00e9es de paiement - Bert &amp; Daiber Steuerberater in Darmstadt","isPartOf":{"@id":"https:\/\/bert-daiber.de\/#website"},"datePublished":"2022-06-21T13:04:55+00:00","dateModified":"2022-06-21T13:10:47+00:00","breadcrumb":{"@id":"https:\/\/bert-daiber.de\/fr\/cabinet-digital\/datev-service-donnees-de-paiement\/#breadcrumb"},"inLanguage":"fr-FR","potentialAction":[{"@type":"ReadAction","target":["https:\/\/bert-daiber.de\/fr\/cabinet-digital\/datev-service-donnees-de-paiement\/"]}]},{"@type":"BreadcrumbList","@id":"https:\/\/bert-daiber.de\/fr\/cabinet-digital\/datev-service-donnees-de-paiement\/#breadcrumb","itemListElement":[{"@type":"ListItem","position":1,"name":"Home Bert &amp; Daiber Steuerberater Darmstadt","item":"https:\/\/bert-daiber.de\/fr\/"},{"@type":"ListItem","position":2,"name":"CABINET DIGITAL","item":"https:\/\/bert-daiber.de\/fr\/cabinet-digital\/"},{"@type":"ListItem","position":3,"name":"DATEV Service Donn\u00e9es de paiement"}]},{"@type":"WebSite","@id":"https:\/\/bert-daiber.de\/#website","url":"https:\/\/bert-daiber.de\/","name":"Bert & Daiber Steuerberater in Darmstadt","description":"Steuerberatung in Darmstadt Bert &amp; Daiber","publisher":{"@id":"https:\/\/bert-daiber.de\/#organization"},"alternateName":"Bert & Daiber Steuerberatung in Darmstadt","potentialAction":[{"@type":"SearchAction","target":{"@type":"EntryPoint","urlTemplate":"https:\/\/bert-daiber.de\/?s={search_term_string}"},"query-input":{"@type":"PropertyValueSpecification","valueRequired":true,"valueName":"search_term_string"}}],"inLanguage":"fr-FR"},{"@type":"Organization","@id":"https:\/\/bert-daiber.de\/#organization","name":"Bert & Daiber Steuerberater in Darmstadt","alternateName":"Bert & Daiber Steuerberatung","url":"https:\/\/bert-daiber.de\/","logo":{"@type":"ImageObject","inLanguage":"fr-FR","@id":"https:\/\/bert-daiber.de\/#\/schema\/logo\/image\/","url":"https:\/\/bert-daiber.de\/wp-content\/uploads\/2020\/06\/cropped-favicon.png","contentUrl":"https:\/\/bert-daiber.de\/wp-content\/uploads\/2020\/06\/cropped-favicon.png","width":512,"height":512,"caption":"Bert & Daiber Steuerberater in Darmstadt"},"image":{"@id":"https:\/\/bert-daiber.de\/#\/schema\/logo\/image\/"}}]}},"_links":{"self":[{"href":"https:\/\/bert-daiber.de\/fr\/wp-json\/wp\/v2\/pages\/3823","targetHints":{"allow":["GET"]}}],"collection":[{"href":"https:\/\/bert-daiber.de\/fr\/wp-json\/wp\/v2\/pages"}],"about":[{"href":"https:\/\/bert-daiber.de\/fr\/wp-json\/wp\/v2\/types\/page"}],"author":[{"embeddable":true,"href":"https:\/\/bert-daiber.de\/fr\/wp-json\/wp\/v2\/users\/10"}],"replies":[{"embeddable":true,"href":"https:\/\/bert-daiber.de\/fr\/wp-json\/wp\/v2\/comments?post=3823"}],"version-history":[{"count":12,"href":"https:\/\/bert-daiber.de\/fr\/wp-json\/wp\/v2\/pages\/3823\/revisions"}],"predecessor-version":[{"id":3836,"href":"https:\/\/bert-daiber.de\/fr\/wp-json\/wp\/v2\/pages\/3823\/revisions\/3836"}],"up":[{"embeddable":true,"href":"https:\/\/bert-daiber.de\/fr\/wp-json\/wp\/v2\/pages\/3732"}],"wp:attachment":[{"href":"https:\/\/bert-daiber.de\/fr\/wp-json\/wp\/v2\/media?parent=3823"}],"curies":[{"name":"wp","href":"https:\/\/api.w.org\/{rel}","templated":true}]}}