{"id":3837,"date":"2022-06-21T13:13:33","date_gmt":"2022-06-21T13:13:33","guid":{"rendered":"https:\/\/bert-daiber.de\/contact\/"},"modified":"2024-01-25T09:01:51","modified_gmt":"2024-01-25T09:01:51","slug":"contact","status":"publish","type":"page","link":"https:\/\/bert-daiber.de\/fr\/contact\/","title":{"rendered":"Contact"},"content":{"rendered":"<div id=\"cs-content\" class=\"cs-content\"><div class=\"x-section e3837-e1 m2yl-0 m2yl-1 m2yl-2\"><div class=\"x-bg\" aria-hidden=\"true\"><div class=\"x-bg-layer-lower-image\" data-x-element-bg-layer=\"{&quot;parallaxSize&quot;:&quot;150%&quot;,&quot;parallaxDir&quot;:&quot;v&quot;,&quot;parallaxRev&quot;:false}\"><\/div><\/div><div class=\"x-container max width e3837-e2 m2yl-5 m2yl-6\"><div class=\"x-bg\" aria-hidden=\"true\"><div class=\"x-bg-layer-lower-image\"><\/div><\/div><div class=\"x-column x-sm x-1-1 e3837-e3 m2yl-7 m2yl-8\"><hr  class=\"x-gap\" style=\"margin: 20vw 0 0 0;\"><\/div><\/div><\/div><div class=\"x-section e3837-e5 m2yl-0 m2yl-3 m2yl-4\"><div class=\"x-container max width e3837-e6 m2yl-5\"><div class=\"x-column x-sm x-1-1 e3837-e7 m2yl-7 m2yl-8\"><h1  class=\"h-custom-headline h1\" style=\"color: #ab0530;\"><span>CONTACT<\/span><\/h1><\/div><\/div><\/div><div class=\"x-section e3837-e9 m2yl-0 m2yl-2 m2yl-3\"><div class=\"x-container max width e3837-e10 m2yl-5\"><div class=\"x-column x-sm x-1-1 e3837-e11 m2yl-7 m2yl-8\"><h2  class=\"h-custom-headline man h3\" style=\"color: #ab0530;\"><span>Bert & Daiber Partnerschaftsgesellschaft mbB Wirtschaftspr\u00fcfungsgesellschaft Steuerberatungsgesellschaft<\/span><\/h2><hr  class=\"x-gap\" style=\"margin: 50px 0 0 0;\"><\/div><\/div><div class=\"x-container max width e3837-e14 m2yl-5\"><div class=\"x-column x-sm x-2-3 e3837-e15 m2yl-7 m2yl-9\"><div class=\"x-text x-content e3837-e16 m2yl-a\"><div id=\"wp_osm_\" class=\"wp_osm\" style=\"width: 100%; height: 400px\" data-lon=\"6423240\" data-lat=\"963169\" data-zoom=\"14\">\r\n\r\n\t<div class=\"ol-popup\">\r\n\r\n\t    <a href=\"#\" class=\"ol-popup-closer\"><\/a>\r\n\r\n\t    <div class=\"popup-content\"><\/div>\r\n\r\n\t<\/div>\r\n\r\n\t<div class=\"marker\" data-icon=\"https:\/\/bert-daiber.de\/wp-content\/plugins\/wp-open-street-map\/images\/markers\/marker.png\" data-lon=\"963272\" data-lat=\"6423070\" data-name=\"Bert &amp; Daiber\" data-description=\"Wilhelminenstra\u00dfe 30&lt;br \/&gt;\r\n64285 Darmstadt\"><\/div>\r\n<\/div><\/div><hr  class=\"x-gap\" style=\"margin: 50px 0 0 0;\"><h2  class=\"h-custom-headline man h4\" ><span>N\u2019h\u00e9sitez pas \u00e0 prendre contact avec nous.\t<\/span><\/h2><hr  class=\"x-gap\" style=\"margin: 20px 0 0 0;\">\n<div class=\"wpcf7 no-js\" id=\"wpcf7-f3724-o1\" lang=\"de-DE\" dir=\"ltr\" data-wpcf7-id=\"3724\">\n<div class=\"screen-reader-response\"><p role=\"status\" aria-live=\"polite\" aria-atomic=\"true\"><\/p> <ul><\/ul><\/div>\n<form action=\"\/fr\/wp-json\/wp\/v2\/pages\/3837#wpcf7-f3724-o1\" method=\"post\" class=\"wpcf7-form init\" aria-label=\"Kontaktformular\" novalidate=\"novalidate\" data-status=\"init\">\n<fieldset class=\"hidden-fields-container\"><input type=\"hidden\" name=\"_wpcf7\" value=\"3724\" \/><input type=\"hidden\" name=\"_wpcf7_version\" value=\"6.1.5\" \/><input type=\"hidden\" name=\"_wpcf7_locale\" value=\"de_DE\" \/><input type=\"hidden\" name=\"_wpcf7_unit_tag\" value=\"wpcf7-f3724-o1\" \/><input type=\"hidden\" name=\"_wpcf7_container_post\" value=\"0\" \/><input type=\"hidden\" name=\"_wpcf7_posted_data_hash\" value=\"\" \/>\n<\/fieldset>\n<p><label>Votre pr\u00e9nom*<br \/>\n<span class=\"wpcf7-form-control-wrap\" data-name=\"vorname\"><input size=\"40\" maxlength=\"400\" class=\"wpcf7-form-control wpcf7-text wpcf7-validates-as-required\" aria-required=\"true\" aria-invalid=\"false\" placeholder=\"Firstname\" value=\"\" type=\"text\" name=\"vorname\" \/><\/span> <\/label><br \/>\n<label>Votre nom*<br \/>\n<span class=\"wpcf7-form-control-wrap\" data-name=\"nachname\"><input size=\"40\" maxlength=\"400\" class=\"wpcf7-form-control wpcf7-text wpcf7-validates-as-required\" aria-required=\"true\" aria-invalid=\"false\" placeholder=\"Lastname\" value=\"\" type=\"text\" name=\"nachname\" \/><\/span> <\/label><br \/>\n<label>Votre adresse e-mail*<br \/>\n<span class=\"wpcf7-form-control-wrap\" data-name=\"your-email\"><input size=\"40\" maxlength=\"400\" class=\"wpcf7-form-control wpcf7-email wpcf7-validates-as-required wpcf7-text wpcf7-validates-as-email\" aria-required=\"true\" aria-invalid=\"false\" value=\"\" type=\"email\" name=\"your-email\" \/><\/span> <\/label><br \/>\n<label>Votre demande<br \/>\n<span class=\"wpcf7-form-control-wrap\" data-name=\"your-message\"><textarea cols=\"40\" rows=\"10\" maxlength=\"2000\" class=\"wpcf7-form-control wpcf7-textarea\" aria-invalid=\"false\" name=\"your-message\"><\/textarea><\/span> <\/label>\n<\/p>\n<p><span class=\"wpcf7-form-control-wrap\" data-name=\"acceptance-197\"><span class=\"wpcf7-form-control wpcf7-acceptance\"><span class=\"wpcf7-list-item\"><label><input type=\"checkbox\" name=\"acceptance-197\" value=\"1\" aria-invalid=\"false\" \/><span class=\"wpcf7-list-item-label\">Oui, je confirme avoir pris connaissance de la d\u00e9claration de confidentialit\u00e9*<\/span><\/label><\/span><\/span><\/span><br \/>\n<span class=\"wpcf7-form-control-wrap\" data-name=\"acceptance-198\"><span class=\"wpcf7-form-control wpcf7-acceptance\"><span class=\"wpcf7-list-item\"><label><input type=\"checkbox\" name=\"acceptance-198\" value=\"1\" aria-invalid=\"false\" \/><span class=\"wpcf7-list-item-label\">Oui, j'accepte que Bert & Daiber stocke et traite mes donn\u00e9es aux fins mentionn\u00e9es dans la d\u00e9claration de confidentialit\u00e9. Vous pouvez \u00e0 tout moment r\u00e9voquer l'enregistrement et le traitement de vos donn\u00e9es.*<\/span><\/label><\/span><\/span><\/span>\n<\/p>\n<p><input class=\"wpcf7-form-control wpcf7-submit has-spinner\" type=\"submit\" value=\"ENVOYER\" \/>\n<\/p><div class=\"wpcf7-response-output\" aria-hidden=\"true\"><\/div>\n<\/form>\n<\/div>\n<\/div><div class=\"x-column x-sm x-1-3 e3837-e21 m2yl-7 m2yl-8\"><div id=\"\" class=\"x-text\" style=\"\" ><p>Wilhelminenstra\u00dfe 30<br \/>\n64285 Darmstadt<\/p>\n<p>T 06151-277 66 - 00<br \/>\nF 06151-277 66 - 49<br \/>\nE info@bert-daiber.de<\/p>\n<\/div><\/div><\/div><\/div><\/div>\n","protected":false},"excerpt":{"rendered":"<p>CONTACTBert &#038; Daiber Partnerschaftsgesellschaft mbB Wirtschaftspr\u00fcfungsgesellschaft Steuerberatungsgesellschaft N\u2019h\u00e9sitez pas \u00e0 prendre contact avec nous. Votre pr\u00e9nom* Votre nom* Votre adresse e-mail* Votre demande Oui, je confirme avoir pris connaissance de la d\u00e9claration de confidentialit\u00e9* Oui, j&rsquo;accepte que Bert &#038; Daiber stocke et traite mes donn\u00e9es aux fins mentionn\u00e9es dans la d\u00e9claration de confidentialit\u00e9. Vous pouvez \u00e0 tout moment r\u00e9voquer l&rsquo;enregistrement &#8230; <\/p>\n<div><a href=\"https:\/\/bert-daiber.de\/fr\/contact\/\" class=\"more-link\">Read More<\/a><\/div>\n","protected":false},"author":1,"featured_media":0,"parent":0,"menu_order":0,"comment_status":"closed","ping_status":"closed","template":"template-blank-4.php","meta":{"rs_blank_template":"","rs_page_bg_color":"","slide_template_v7":"","footnotes":""},"class_list":["post-3837","page","type-page","status-publish","hentry","no-post-thumbnail"],"yoast_head":"<!-- This site is optimized with the Yoast SEO plugin v27.3 - https:\/\/yoast.com\/product\/yoast-seo-wordpress\/ -->\n<title>Contact - Bert &amp; Daiber Steuerberater in Darmstadt<\/title>\n<meta name=\"robots\" content=\"index, follow, max-snippet:-1, max-image-preview:large, max-video-preview:-1\" \/>\n<link rel=\"canonical\" href=\"https:\/\/bert-daiber.de\/fr\/contact\/\" \/>\n<meta property=\"og:locale\" content=\"fr_FR\" \/>\n<meta property=\"og:type\" content=\"article\" \/>\n<meta property=\"og:title\" content=\"Contact - Bert &amp; Daiber Steuerberater in Darmstadt\" \/>\n<meta property=\"og:description\" content=\"CONTACTBert &amp; Daiber Partnerschaftsgesellschaft mbB Wirtschaftspr\u00fcfungsgesellschaft Steuerberatungsgesellschaft N\u2019h\u00e9sitez pas \u00e0 prendre contact avec nous. Votre pr\u00e9nom* Votre nom* Votre adresse e-mail* Votre demande Oui, je confirme avoir pris connaissance de la d\u00e9claration de confidentialit\u00e9* Oui, j&#039;accepte que Bert &amp; Daiber stocke et traite mes donn\u00e9es aux fins mentionn\u00e9es dans la d\u00e9claration de confidentialit\u00e9. Vous pouvez \u00e0 tout moment r\u00e9voquer l&#039;enregistrement ... Read More\" \/>\n<meta property=\"og:url\" content=\"https:\/\/bert-daiber.de\/fr\/contact\/\" \/>\n<meta property=\"og:site_name\" content=\"Bert &amp; Daiber Steuerberater in Darmstadt\" \/>\n<meta property=\"article:modified_time\" content=\"2024-01-25T09:01:51+00:00\" \/>\n<meta property=\"og:image\" content=\"https:\/\/bert-daiber.de\/wp-content\/uploads\/2021\/06\/schlussrechnungspruefung.jpg\" \/>\n\t<meta property=\"og:image:width\" content=\"1920\" \/>\n\t<meta property=\"og:image:height\" content=\"830\" \/>\n\t<meta property=\"og:image:type\" content=\"image\/jpeg\" \/>\n<meta name=\"twitter:card\" content=\"summary_large_image\" \/>\n<meta name=\"twitter:label1\" content=\"Dur\u00e9e de lecture estim\u00e9e\" \/>\n\t<meta name=\"twitter:data1\" content=\"1 minute\" \/>\n<script type=\"application\/ld+json\" class=\"yoast-schema-graph\">{\"@context\":\"https:\\\/\\\/schema.org\",\"@graph\":[{\"@type\":\"WebPage\",\"@id\":\"https:\\\/\\\/bert-daiber.de\\\/fr\\\/contact\\\/\",\"url\":\"https:\\\/\\\/bert-daiber.de\\\/fr\\\/contact\\\/\",\"name\":\"Contact - Bert &amp; Daiber Steuerberater in Darmstadt\",\"isPartOf\":{\"@id\":\"https:\\\/\\\/bert-daiber.de\\\/#website\"},\"datePublished\":\"2022-06-21T13:13:33+00:00\",\"dateModified\":\"2024-01-25T09:01:51+00:00\",\"breadcrumb\":{\"@id\":\"https:\\\/\\\/bert-daiber.de\\\/fr\\\/contact\\\/#breadcrumb\"},\"inLanguage\":\"fr-FR\",\"potentialAction\":[{\"@type\":\"ReadAction\",\"target\":[\"https:\\\/\\\/bert-daiber.de\\\/fr\\\/contact\\\/\"]}]},{\"@type\":\"BreadcrumbList\",\"@id\":\"https:\\\/\\\/bert-daiber.de\\\/fr\\\/contact\\\/#breadcrumb\",\"itemListElement\":[{\"@type\":\"ListItem\",\"position\":1,\"name\":\"Home Bert &amp; Daiber Steuerberater Darmstadt\",\"item\":\"https:\\\/\\\/bert-daiber.de\\\/fr\\\/\"},{\"@type\":\"ListItem\",\"position\":2,\"name\":\"Contact\"}]},{\"@type\":\"WebSite\",\"@id\":\"https:\\\/\\\/bert-daiber.de\\\/#website\",\"url\":\"https:\\\/\\\/bert-daiber.de\\\/\",\"name\":\"Bert & Daiber Steuerberater in Darmstadt\",\"description\":\"Steuerberatung in Darmstadt Bert &amp; Daiber\",\"publisher\":{\"@id\":\"https:\\\/\\\/bert-daiber.de\\\/#organization\"},\"alternateName\":\"Bert & Daiber Steuerberatung in Darmstadt\",\"potentialAction\":[{\"@type\":\"SearchAction\",\"target\":{\"@type\":\"EntryPoint\",\"urlTemplate\":\"https:\\\/\\\/bert-daiber.de\\\/?s={search_term_string}\"},\"query-input\":{\"@type\":\"PropertyValueSpecification\",\"valueRequired\":true,\"valueName\":\"search_term_string\"}}],\"inLanguage\":\"fr-FR\"},{\"@type\":\"Organization\",\"@id\":\"https:\\\/\\\/bert-daiber.de\\\/#organization\",\"name\":\"Bert & Daiber Steuerberater in Darmstadt\",\"alternateName\":\"Bert & Daiber Steuerberatung\",\"url\":\"https:\\\/\\\/bert-daiber.de\\\/\",\"logo\":{\"@type\":\"ImageObject\",\"inLanguage\":\"fr-FR\",\"@id\":\"https:\\\/\\\/bert-daiber.de\\\/#\\\/schema\\\/logo\\\/image\\\/\",\"url\":\"https:\\\/\\\/bert-daiber.de\\\/wp-content\\\/uploads\\\/2020\\\/06\\\/cropped-favicon.png\",\"contentUrl\":\"https:\\\/\\\/bert-daiber.de\\\/wp-content\\\/uploads\\\/2020\\\/06\\\/cropped-favicon.png\",\"width\":512,\"height\":512,\"caption\":\"Bert & Daiber Steuerberater in Darmstadt\"},\"image\":{\"@id\":\"https:\\\/\\\/bert-daiber.de\\\/#\\\/schema\\\/logo\\\/image\\\/\"}}]}<\/script>\n<!-- \/ Yoast SEO plugin. -->","yoast_head_json":{"title":"Contact - Bert &amp; Daiber Steuerberater in Darmstadt","robots":{"index":"index","follow":"follow","max-snippet":"max-snippet:-1","max-image-preview":"max-image-preview:large","max-video-preview":"max-video-preview:-1"},"canonical":"https:\/\/bert-daiber.de\/fr\/contact\/","og_locale":"fr_FR","og_type":"article","og_title":"Contact - Bert &amp; Daiber Steuerberater in Darmstadt","og_description":"CONTACTBert & Daiber Partnerschaftsgesellschaft mbB Wirtschaftspr\u00fcfungsgesellschaft Steuerberatungsgesellschaft N\u2019h\u00e9sitez pas \u00e0 prendre contact avec nous. Votre pr\u00e9nom* Votre nom* Votre adresse e-mail* Votre demande Oui, je confirme avoir pris connaissance de la d\u00e9claration de confidentialit\u00e9* Oui, j'accepte que Bert & Daiber stocke et traite mes donn\u00e9es aux fins mentionn\u00e9es dans la d\u00e9claration de confidentialit\u00e9. Vous pouvez \u00e0 tout moment r\u00e9voquer l'enregistrement ... Read More","og_url":"https:\/\/bert-daiber.de\/fr\/contact\/","og_site_name":"Bert &amp; Daiber Steuerberater in Darmstadt","article_modified_time":"2024-01-25T09:01:51+00:00","og_image":[{"width":1920,"height":830,"url":"https:\/\/bert-daiber.de\/wp-content\/uploads\/2021\/06\/schlussrechnungspruefung.jpg","type":"image\/jpeg"}],"twitter_card":"summary_large_image","twitter_misc":{"Dur\u00e9e de lecture estim\u00e9e":"1 minute"},"schema":{"@context":"https:\/\/schema.org","@graph":[{"@type":"WebPage","@id":"https:\/\/bert-daiber.de\/fr\/contact\/","url":"https:\/\/bert-daiber.de\/fr\/contact\/","name":"Contact - Bert &amp; Daiber Steuerberater in Darmstadt","isPartOf":{"@id":"https:\/\/bert-daiber.de\/#website"},"datePublished":"2022-06-21T13:13:33+00:00","dateModified":"2024-01-25T09:01:51+00:00","breadcrumb":{"@id":"https:\/\/bert-daiber.de\/fr\/contact\/#breadcrumb"},"inLanguage":"fr-FR","potentialAction":[{"@type":"ReadAction","target":["https:\/\/bert-daiber.de\/fr\/contact\/"]}]},{"@type":"BreadcrumbList","@id":"https:\/\/bert-daiber.de\/fr\/contact\/#breadcrumb","itemListElement":[{"@type":"ListItem","position":1,"name":"Home Bert &amp; Daiber Steuerberater Darmstadt","item":"https:\/\/bert-daiber.de\/fr\/"},{"@type":"ListItem","position":2,"name":"Contact"}]},{"@type":"WebSite","@id":"https:\/\/bert-daiber.de\/#website","url":"https:\/\/bert-daiber.de\/","name":"Bert & Daiber Steuerberater in Darmstadt","description":"Steuerberatung in Darmstadt Bert &amp; Daiber","publisher":{"@id":"https:\/\/bert-daiber.de\/#organization"},"alternateName":"Bert & Daiber Steuerberatung in Darmstadt","potentialAction":[{"@type":"SearchAction","target":{"@type":"EntryPoint","urlTemplate":"https:\/\/bert-daiber.de\/?s={search_term_string}"},"query-input":{"@type":"PropertyValueSpecification","valueRequired":true,"valueName":"search_term_string"}}],"inLanguage":"fr-FR"},{"@type":"Organization","@id":"https:\/\/bert-daiber.de\/#organization","name":"Bert & Daiber Steuerberater in Darmstadt","alternateName":"Bert & Daiber Steuerberatung","url":"https:\/\/bert-daiber.de\/","logo":{"@type":"ImageObject","inLanguage":"fr-FR","@id":"https:\/\/bert-daiber.de\/#\/schema\/logo\/image\/","url":"https:\/\/bert-daiber.de\/wp-content\/uploads\/2020\/06\/cropped-favicon.png","contentUrl":"https:\/\/bert-daiber.de\/wp-content\/uploads\/2020\/06\/cropped-favicon.png","width":512,"height":512,"caption":"Bert & Daiber Steuerberater in Darmstadt"},"image":{"@id":"https:\/\/bert-daiber.de\/#\/schema\/logo\/image\/"}}]}},"_links":{"self":[{"href":"https:\/\/bert-daiber.de\/fr\/wp-json\/wp\/v2\/pages\/3837","targetHints":{"allow":["GET"]}}],"collection":[{"href":"https:\/\/bert-daiber.de\/fr\/wp-json\/wp\/v2\/pages"}],"about":[{"href":"https:\/\/bert-daiber.de\/fr\/wp-json\/wp\/v2\/types\/page"}],"author":[{"embeddable":true,"href":"https:\/\/bert-daiber.de\/fr\/wp-json\/wp\/v2\/users\/1"}],"replies":[{"embeddable":true,"href":"https:\/\/bert-daiber.de\/fr\/wp-json\/wp\/v2\/comments?post=3837"}],"version-history":[{"count":10,"href":"https:\/\/bert-daiber.de\/fr\/wp-json\/wp\/v2\/pages\/3837\/revisions"}],"predecessor-version":[{"id":5013,"href":"https:\/\/bert-daiber.de\/fr\/wp-json\/wp\/v2\/pages\/3837\/revisions\/5013"}],"wp:attachment":[{"href":"https:\/\/bert-daiber.de\/fr\/wp-json\/wp\/v2\/media?parent=3837"}],"curies":[{"name":"wp","href":"https:\/\/api.w.org\/{rel}","templated":true}]}}