{"id":3847,"date":"2022-06-21T13:20:09","date_gmt":"2022-06-21T13:20:09","guid":{"rendered":"https:\/\/bert-daiber.de\/adhesions-et-cooperations\/"},"modified":"2024-04-26T12:53:13","modified_gmt":"2024-04-26T12:53:13","slug":"affiliations","status":"publish","type":"page","link":"https:\/\/bert-daiber.de\/fr\/affiliations\/","title":{"rendered":"Affiliations"},"content":{"rendered":"<div id=\"cs-content\" class=\"cs-content\"><\/div>\n","protected":false},"excerpt":{"rendered":"<p>AffiliationsSteuerberaterverband Hessen e.V. Mainzer Landstra\u00dfe 211\u00a0 60326 Frankfurt am Main www.steuerberaterverband-hessen.de Steuerberaterkammer HessenGutleutstr. 175\u00a0 60327 Frankfurt am Main www.stbk-hessen.de Wirtschaftspr\u00fcferkammerRauchstra\u00dfe 26\u00a0 10787 Berlin www.wpk.de wp.net \u2013 Verband f\u00fcr mittelst\u00e4ndische Pr\u00fcfung e.V.Maximilianstr. 16\u00a0 80539 M\u00fcnchen www.wp-net.com<\/p>\n","protected":false},"author":1,"featured_media":0,"parent":0,"menu_order":0,"comment_status":"closed","ping_status":"closed","template":"template-blank-4.php","meta":{"rs_blank_template":"","rs_page_bg_color":"","slide_template_v7":"","footnotes":""},"class_list":["post-3847","page","type-page","status-publish","hentry","no-post-thumbnail"],"yoast_head":"<!-- This site is optimized with the Yoast SEO plugin v27.3 - https:\/\/yoast.com\/product\/yoast-seo-wordpress\/ -->\n<title>Affiliations - Bert &amp; Daiber Steuerberater in Darmstadt<\/title>\n<meta name=\"robots\" content=\"index, follow, max-snippet:-1, max-image-preview:large, max-video-preview:-1\" \/>\n<link rel=\"canonical\" href=\"https:\/\/bert-daiber.de\/mitgliedschaften\/\" \/>\n<meta property=\"og:locale\" content=\"fr_FR\" \/>\n<meta property=\"og:type\" content=\"article\" \/>\n<meta property=\"og:title\" content=\"Affiliations - Bert &amp; Daiber Steuerberater in Darmstadt\" \/>\n<meta property=\"og:description\" content=\"AffiliationsSteuerberaterverband Hessen e.V. Mainzer Landstra\u00dfe 211\u00a0 60326 Frankfurt am Main www.steuerberaterverband-hessen.de Steuerberaterkammer HessenGutleutstr. 175\u00a0 60327 Frankfurt am Main www.stbk-hessen.de Wirtschaftspr\u00fcferkammerRauchstra\u00dfe 26\u00a0 10787 Berlin www.wpk.de wp.net \u2013 Verband f\u00fcr mittelst\u00e4ndische Pr\u00fcfung e.V.Maximilianstr. 16\u00a0 80539 M\u00fcnchen www.wp-net.com\" \/>\n<meta property=\"og:url\" content=\"https:\/\/bert-daiber.de\/mitgliedschaften\/\" \/>\n<meta property=\"og:site_name\" content=\"Bert &amp; Daiber Steuerberater in Darmstadt\" \/>\n<meta property=\"article:modified_time\" content=\"2024-04-26T12:53:13+00:00\" \/>\n<meta property=\"og:image\" content=\"https:\/\/bert-daiber.de\/wp-content\/uploads\/2021\/06\/schlussrechnungspruefung.jpg\" \/>\n\t<meta property=\"og:image:width\" content=\"1920\" \/>\n\t<meta property=\"og:image:height\" content=\"830\" \/>\n\t<meta property=\"og:image:type\" content=\"image\/jpeg\" \/>\n<meta name=\"twitter:card\" content=\"summary_large_image\" \/>\n<meta name=\"twitter:label1\" content=\"Dur\u00e9e de lecture estim\u00e9e\" \/>\n\t<meta name=\"twitter:data1\" content=\"2 minutes\" \/>\n<script type=\"application\/ld+json\" class=\"yoast-schema-graph\">{\"@context\":\"https:\\\/\\\/schema.org\",\"@graph\":[{\"@type\":\"WebPage\",\"@id\":\"https:\\\/\\\/bert-daiber.de\\\/mitgliedschaften\\\/\",\"url\":\"https:\\\/\\\/bert-daiber.de\\\/mitgliedschaften\\\/\",\"name\":\"Affiliations - Bert &amp; Daiber Steuerberater in Darmstadt\",\"isPartOf\":{\"@id\":\"https:\\\/\\\/bert-daiber.de\\\/#website\"},\"datePublished\":\"2022-06-21T13:20:09+00:00\",\"dateModified\":\"2024-04-26T12:53:13+00:00\",\"breadcrumb\":{\"@id\":\"https:\\\/\\\/bert-daiber.de\\\/mitgliedschaften\\\/#breadcrumb\"},\"inLanguage\":\"fr-FR\",\"potentialAction\":[{\"@type\":\"ReadAction\",\"target\":[\"https:\\\/\\\/bert-daiber.de\\\/mitgliedschaften\\\/\"]}]},{\"@type\":\"BreadcrumbList\",\"@id\":\"https:\\\/\\\/bert-daiber.de\\\/mitgliedschaften\\\/#breadcrumb\",\"itemListElement\":[{\"@type\":\"ListItem\",\"position\":1,\"name\":\"Home Bert &amp; Daiber Steuerberater Darmstadt\",\"item\":\"https:\\\/\\\/bert-daiber.de\\\/fr\\\/\"},{\"@type\":\"ListItem\",\"position\":2,\"name\":\"Affiliations\"}]},{\"@type\":\"WebSite\",\"@id\":\"https:\\\/\\\/bert-daiber.de\\\/#website\",\"url\":\"https:\\\/\\\/bert-daiber.de\\\/\",\"name\":\"Bert & Daiber Steuerberater in Darmstadt\",\"description\":\"Steuerberatung in Darmstadt Bert &amp; Daiber\",\"publisher\":{\"@id\":\"https:\\\/\\\/bert-daiber.de\\\/#organization\"},\"alternateName\":\"Bert & Daiber Steuerberatung in Darmstadt\",\"potentialAction\":[{\"@type\":\"SearchAction\",\"target\":{\"@type\":\"EntryPoint\",\"urlTemplate\":\"https:\\\/\\\/bert-daiber.de\\\/?s={search_term_string}\"},\"query-input\":{\"@type\":\"PropertyValueSpecification\",\"valueRequired\":true,\"valueName\":\"search_term_string\"}}],\"inLanguage\":\"fr-FR\"},{\"@type\":\"Organization\",\"@id\":\"https:\\\/\\\/bert-daiber.de\\\/#organization\",\"name\":\"Bert & Daiber Steuerberater in Darmstadt\",\"alternateName\":\"Bert & Daiber Steuerberatung\",\"url\":\"https:\\\/\\\/bert-daiber.de\\\/\",\"logo\":{\"@type\":\"ImageObject\",\"inLanguage\":\"fr-FR\",\"@id\":\"https:\\\/\\\/bert-daiber.de\\\/#\\\/schema\\\/logo\\\/image\\\/\",\"url\":\"https:\\\/\\\/bert-daiber.de\\\/wp-content\\\/uploads\\\/2020\\\/06\\\/cropped-favicon.png\",\"contentUrl\":\"https:\\\/\\\/bert-daiber.de\\\/wp-content\\\/uploads\\\/2020\\\/06\\\/cropped-favicon.png\",\"width\":512,\"height\":512,\"caption\":\"Bert & Daiber Steuerberater in Darmstadt\"},\"image\":{\"@id\":\"https:\\\/\\\/bert-daiber.de\\\/#\\\/schema\\\/logo\\\/image\\\/\"}}]}<\/script>\n<!-- \/ Yoast SEO plugin. -->","yoast_head_json":{"title":"Affiliations - Bert &amp; Daiber Steuerberater in Darmstadt","robots":{"index":"index","follow":"follow","max-snippet":"max-snippet:-1","max-image-preview":"max-image-preview:large","max-video-preview":"max-video-preview:-1"},"canonical":"https:\/\/bert-daiber.de\/mitgliedschaften\/","og_locale":"fr_FR","og_type":"article","og_title":"Affiliations - Bert &amp; Daiber Steuerberater in Darmstadt","og_description":"AffiliationsSteuerberaterverband Hessen e.V. Mainzer Landstra\u00dfe 211\u00a0 60326 Frankfurt am Main www.steuerberaterverband-hessen.de Steuerberaterkammer HessenGutleutstr. 175\u00a0 60327 Frankfurt am Main www.stbk-hessen.de Wirtschaftspr\u00fcferkammerRauchstra\u00dfe 26\u00a0 10787 Berlin www.wpk.de wp.net \u2013 Verband f\u00fcr mittelst\u00e4ndische Pr\u00fcfung e.V.Maximilianstr. 16\u00a0 80539 M\u00fcnchen www.wp-net.com","og_url":"https:\/\/bert-daiber.de\/mitgliedschaften\/","og_site_name":"Bert &amp; Daiber Steuerberater in Darmstadt","article_modified_time":"2024-04-26T12:53:13+00:00","og_image":[{"width":1920,"height":830,"url":"https:\/\/bert-daiber.de\/wp-content\/uploads\/2021\/06\/schlussrechnungspruefung.jpg","type":"image\/jpeg"}],"twitter_card":"summary_large_image","twitter_misc":{"Dur\u00e9e de lecture estim\u00e9e":"2 minutes"},"schema":{"@context":"https:\/\/schema.org","@graph":[{"@type":"WebPage","@id":"https:\/\/bert-daiber.de\/mitgliedschaften\/","url":"https:\/\/bert-daiber.de\/mitgliedschaften\/","name":"Affiliations - Bert &amp; Daiber Steuerberater in Darmstadt","isPartOf":{"@id":"https:\/\/bert-daiber.de\/#website"},"datePublished":"2022-06-21T13:20:09+00:00","dateModified":"2024-04-26T12:53:13+00:00","breadcrumb":{"@id":"https:\/\/bert-daiber.de\/mitgliedschaften\/#breadcrumb"},"inLanguage":"fr-FR","potentialAction":[{"@type":"ReadAction","target":["https:\/\/bert-daiber.de\/mitgliedschaften\/"]}]},{"@type":"BreadcrumbList","@id":"https:\/\/bert-daiber.de\/mitgliedschaften\/#breadcrumb","itemListElement":[{"@type":"ListItem","position":1,"name":"Home Bert &amp; Daiber Steuerberater Darmstadt","item":"https:\/\/bert-daiber.de\/fr\/"},{"@type":"ListItem","position":2,"name":"Affiliations"}]},{"@type":"WebSite","@id":"https:\/\/bert-daiber.de\/#website","url":"https:\/\/bert-daiber.de\/","name":"Bert & Daiber Steuerberater in Darmstadt","description":"Steuerberatung in Darmstadt Bert &amp; Daiber","publisher":{"@id":"https:\/\/bert-daiber.de\/#organization"},"alternateName":"Bert & Daiber Steuerberatung in Darmstadt","potentialAction":[{"@type":"SearchAction","target":{"@type":"EntryPoint","urlTemplate":"https:\/\/bert-daiber.de\/?s={search_term_string}"},"query-input":{"@type":"PropertyValueSpecification","valueRequired":true,"valueName":"search_term_string"}}],"inLanguage":"fr-FR"},{"@type":"Organization","@id":"https:\/\/bert-daiber.de\/#organization","name":"Bert & Daiber Steuerberater in Darmstadt","alternateName":"Bert & Daiber Steuerberatung","url":"https:\/\/bert-daiber.de\/","logo":{"@type":"ImageObject","inLanguage":"fr-FR","@id":"https:\/\/bert-daiber.de\/#\/schema\/logo\/image\/","url":"https:\/\/bert-daiber.de\/wp-content\/uploads\/2020\/06\/cropped-favicon.png","contentUrl":"https:\/\/bert-daiber.de\/wp-content\/uploads\/2020\/06\/cropped-favicon.png","width":512,"height":512,"caption":"Bert & Daiber Steuerberater in Darmstadt"},"image":{"@id":"https:\/\/bert-daiber.de\/#\/schema\/logo\/image\/"}}]}},"_links":{"self":[{"href":"https:\/\/bert-daiber.de\/fr\/wp-json\/wp\/v2\/pages\/3847","targetHints":{"allow":["GET"]}}],"collection":[{"href":"https:\/\/bert-daiber.de\/fr\/wp-json\/wp\/v2\/pages"}],"about":[{"href":"https:\/\/bert-daiber.de\/fr\/wp-json\/wp\/v2\/types\/page"}],"author":[{"embeddable":true,"href":"https:\/\/bert-daiber.de\/fr\/wp-json\/wp\/v2\/users\/1"}],"replies":[{"embeddable":true,"href":"https:\/\/bert-daiber.de\/fr\/wp-json\/wp\/v2\/comments?post=3847"}],"version-history":[{"count":12,"href":"https:\/\/bert-daiber.de\/fr\/wp-json\/wp\/v2\/pages\/3847\/revisions"}],"predecessor-version":[{"id":5153,"href":"https:\/\/bert-daiber.de\/fr\/wp-json\/wp\/v2\/pages\/3847\/revisions\/5153"}],"wp:attachment":[{"href":"https:\/\/bert-daiber.de\/fr\/wp-json\/wp\/v2\/media?parent=3847"}],"curies":[{"name":"wp","href":"https:\/\/api.w.org\/{rel}","templated":true}]}}