{"id":3878,"date":"2022-06-21T13:40:12","date_gmt":"2022-06-21T13:40:12","guid":{"rendered":"https:\/\/bert-daiber.de\/expert-comptable-a-darmstadt\/"},"modified":"2022-06-21T13:47:25","modified_gmt":"2022-06-21T13:47:25","slug":"audit-comptable-et-financier","status":"publish","type":"page","link":"https:\/\/bert-daiber.de\/fr\/audit-comptable-et-financier\/","title":{"rendered":"Audit comptable et financier"},"content":{"rendered":"<div id=\"cs-content\" class=\"cs-content\"><\/div>\n","protected":false},"excerpt":{"rendered":"<p>Audit comptable et financier B\u00e9n\u00e9ficiez d\u2019une expertise strat\u00e9gique Les audits exigent aussi bien un savoir-faire approfondi qu&rsquo;un engagement sans faille pour pouvoir respecter les d\u00e9lais. Notre longue exp\u00e9rience nous permet de traiter chaque audit de mani\u00e8re s\u00fbre, comp\u00e9tente et dans les d\u00e9lais impartis. Nous effectuons les contr\u00f4les l\u00e9gaux des comptes annuels et consolid\u00e9s et \u00e9tablissons des rapports de situation (selon &#8230; <\/p>\n<div><a href=\"https:\/\/bert-daiber.de\/fr\/audit-comptable-et-financier\/\" class=\"more-link\">Read More<\/a><\/div>\n","protected":false},"author":1,"featured_media":0,"parent":0,"menu_order":0,"comment_status":"closed","ping_status":"closed","template":"template-blank-4.php","meta":{"rs_blank_template":"","rs_page_bg_color":"","slide_template_v7":"","footnotes":""},"class_list":["post-3878","page","type-page","status-publish","hentry","no-post-thumbnail"],"yoast_head":"<!-- This site is optimized with the Yoast SEO plugin v27.3 - https:\/\/yoast.com\/product\/yoast-seo-wordpress\/ -->\n<title>Audit comptable et financier - Bert &amp; Daiber Steuerberater in Darmstadt<\/title>\n<meta name=\"robots\" content=\"index, follow, max-snippet:-1, max-image-preview:large, max-video-preview:-1\" \/>\n<link rel=\"canonical\" href=\"https:\/\/bert-daiber.de\/fr\/audit-comptable-et-financier\/\" \/>\n<meta property=\"og:locale\" content=\"fr_FR\" \/>\n<meta property=\"og:type\" content=\"article\" \/>\n<meta property=\"og:title\" content=\"Audit comptable et financier - Bert &amp; Daiber Steuerberater in Darmstadt\" \/>\n<meta property=\"og:description\" content=\"Audit comptable et financier B\u00e9n\u00e9ficiez d\u2019une expertise strat\u00e9gique Les audits exigent aussi bien un savoir-faire approfondi qu&#039;un engagement sans faille pour pouvoir respecter les d\u00e9lais. Notre longue exp\u00e9rience nous permet de traiter chaque audit de mani\u00e8re s\u00fbre, comp\u00e9tente et dans les d\u00e9lais impartis. Nous effectuons les contr\u00f4les l\u00e9gaux des comptes annuels et consolid\u00e9s et \u00e9tablissons des rapports de situation (selon ... Read More\" \/>\n<meta property=\"og:url\" content=\"https:\/\/bert-daiber.de\/fr\/audit-comptable-et-financier\/\" \/>\n<meta property=\"og:site_name\" content=\"Bert &amp; Daiber Steuerberater in Darmstadt\" \/>\n<meta property=\"article:modified_time\" content=\"2022-06-21T13:47:25+00:00\" \/>\n<meta property=\"og:image\" content=\"https:\/\/bert-daiber.de\/wp-content\/uploads\/2021\/06\/schlussrechnungspruefung.jpg\" \/>\n\t<meta property=\"og:image:width\" content=\"1920\" \/>\n\t<meta property=\"og:image:height\" content=\"830\" \/>\n\t<meta property=\"og:image:type\" content=\"image\/jpeg\" \/>\n<meta name=\"twitter:card\" content=\"summary_large_image\" \/>\n<meta name=\"twitter:label1\" content=\"Dur\u00e9e de lecture estim\u00e9e\" \/>\n\t<meta name=\"twitter:data1\" content=\"4 minutes\" \/>\n<script type=\"application\/ld+json\" class=\"yoast-schema-graph\">{\"@context\":\"https:\\\/\\\/schema.org\",\"@graph\":[{\"@type\":\"WebPage\",\"@id\":\"https:\\\/\\\/bert-daiber.de\\\/fr\\\/audit-comptable-et-financier\\\/\",\"url\":\"https:\\\/\\\/bert-daiber.de\\\/fr\\\/audit-comptable-et-financier\\\/\",\"name\":\"Audit comptable et financier - Bert &amp; Daiber Steuerberater in Darmstadt\",\"isPartOf\":{\"@id\":\"https:\\\/\\\/bert-daiber.de\\\/#website\"},\"datePublished\":\"2022-06-21T13:40:12+00:00\",\"dateModified\":\"2022-06-21T13:47:25+00:00\",\"breadcrumb\":{\"@id\":\"https:\\\/\\\/bert-daiber.de\\\/fr\\\/audit-comptable-et-financier\\\/#breadcrumb\"},\"inLanguage\":\"fr-FR\",\"potentialAction\":[{\"@type\":\"ReadAction\",\"target\":[\"https:\\\/\\\/bert-daiber.de\\\/fr\\\/audit-comptable-et-financier\\\/\"]}]},{\"@type\":\"BreadcrumbList\",\"@id\":\"https:\\\/\\\/bert-daiber.de\\\/fr\\\/audit-comptable-et-financier\\\/#breadcrumb\",\"itemListElement\":[{\"@type\":\"ListItem\",\"position\":1,\"name\":\"Home Bert &amp; Daiber Steuerberater Darmstadt\",\"item\":\"https:\\\/\\\/bert-daiber.de\\\/fr\\\/\"},{\"@type\":\"ListItem\",\"position\":2,\"name\":\"Audit comptable et financier\"}]},{\"@type\":\"WebSite\",\"@id\":\"https:\\\/\\\/bert-daiber.de\\\/#website\",\"url\":\"https:\\\/\\\/bert-daiber.de\\\/\",\"name\":\"Bert & Daiber Steuerberater in Darmstadt\",\"description\":\"Steuerberatung in Darmstadt Bert &amp; Daiber\",\"publisher\":{\"@id\":\"https:\\\/\\\/bert-daiber.de\\\/#organization\"},\"alternateName\":\"Bert & Daiber Steuerberatung in Darmstadt\",\"potentialAction\":[{\"@type\":\"SearchAction\",\"target\":{\"@type\":\"EntryPoint\",\"urlTemplate\":\"https:\\\/\\\/bert-daiber.de\\\/?s={search_term_string}\"},\"query-input\":{\"@type\":\"PropertyValueSpecification\",\"valueRequired\":true,\"valueName\":\"search_term_string\"}}],\"inLanguage\":\"fr-FR\"},{\"@type\":\"Organization\",\"@id\":\"https:\\\/\\\/bert-daiber.de\\\/#organization\",\"name\":\"Bert & Daiber Steuerberater in Darmstadt\",\"alternateName\":\"Bert & Daiber Steuerberatung\",\"url\":\"https:\\\/\\\/bert-daiber.de\\\/\",\"logo\":{\"@type\":\"ImageObject\",\"inLanguage\":\"fr-FR\",\"@id\":\"https:\\\/\\\/bert-daiber.de\\\/#\\\/schema\\\/logo\\\/image\\\/\",\"url\":\"https:\\\/\\\/bert-daiber.de\\\/wp-content\\\/uploads\\\/2020\\\/06\\\/cropped-favicon.png\",\"contentUrl\":\"https:\\\/\\\/bert-daiber.de\\\/wp-content\\\/uploads\\\/2020\\\/06\\\/cropped-favicon.png\",\"width\":512,\"height\":512,\"caption\":\"Bert & Daiber Steuerberater in Darmstadt\"},\"image\":{\"@id\":\"https:\\\/\\\/bert-daiber.de\\\/#\\\/schema\\\/logo\\\/image\\\/\"}}]}<\/script>\n<!-- \/ Yoast SEO plugin. -->","yoast_head_json":{"title":"Audit comptable et financier - Bert &amp; Daiber Steuerberater in Darmstadt","robots":{"index":"index","follow":"follow","max-snippet":"max-snippet:-1","max-image-preview":"max-image-preview:large","max-video-preview":"max-video-preview:-1"},"canonical":"https:\/\/bert-daiber.de\/fr\/audit-comptable-et-financier\/","og_locale":"fr_FR","og_type":"article","og_title":"Audit comptable et financier - Bert &amp; Daiber Steuerberater in Darmstadt","og_description":"Audit comptable et financier B\u00e9n\u00e9ficiez d\u2019une expertise strat\u00e9gique Les audits exigent aussi bien un savoir-faire approfondi qu'un engagement sans faille pour pouvoir respecter les d\u00e9lais. Notre longue exp\u00e9rience nous permet de traiter chaque audit de mani\u00e8re s\u00fbre, comp\u00e9tente et dans les d\u00e9lais impartis. Nous effectuons les contr\u00f4les l\u00e9gaux des comptes annuels et consolid\u00e9s et \u00e9tablissons des rapports de situation (selon ... Read More","og_url":"https:\/\/bert-daiber.de\/fr\/audit-comptable-et-financier\/","og_site_name":"Bert &amp; Daiber Steuerberater in Darmstadt","article_modified_time":"2022-06-21T13:47:25+00:00","og_image":[{"width":1920,"height":830,"url":"https:\/\/bert-daiber.de\/wp-content\/uploads\/2021\/06\/schlussrechnungspruefung.jpg","type":"image\/jpeg"}],"twitter_card":"summary_large_image","twitter_misc":{"Dur\u00e9e de lecture estim\u00e9e":"4 minutes"},"schema":{"@context":"https:\/\/schema.org","@graph":[{"@type":"WebPage","@id":"https:\/\/bert-daiber.de\/fr\/audit-comptable-et-financier\/","url":"https:\/\/bert-daiber.de\/fr\/audit-comptable-et-financier\/","name":"Audit comptable et financier - Bert &amp; Daiber Steuerberater in Darmstadt","isPartOf":{"@id":"https:\/\/bert-daiber.de\/#website"},"datePublished":"2022-06-21T13:40:12+00:00","dateModified":"2022-06-21T13:47:25+00:00","breadcrumb":{"@id":"https:\/\/bert-daiber.de\/fr\/audit-comptable-et-financier\/#breadcrumb"},"inLanguage":"fr-FR","potentialAction":[{"@type":"ReadAction","target":["https:\/\/bert-daiber.de\/fr\/audit-comptable-et-financier\/"]}]},{"@type":"BreadcrumbList","@id":"https:\/\/bert-daiber.de\/fr\/audit-comptable-et-financier\/#breadcrumb","itemListElement":[{"@type":"ListItem","position":1,"name":"Home Bert &amp; Daiber Steuerberater Darmstadt","item":"https:\/\/bert-daiber.de\/fr\/"},{"@type":"ListItem","position":2,"name":"Audit comptable et financier"}]},{"@type":"WebSite","@id":"https:\/\/bert-daiber.de\/#website","url":"https:\/\/bert-daiber.de\/","name":"Bert & Daiber Steuerberater in Darmstadt","description":"Steuerberatung in Darmstadt Bert &amp; Daiber","publisher":{"@id":"https:\/\/bert-daiber.de\/#organization"},"alternateName":"Bert & Daiber Steuerberatung in Darmstadt","potentialAction":[{"@type":"SearchAction","target":{"@type":"EntryPoint","urlTemplate":"https:\/\/bert-daiber.de\/?s={search_term_string}"},"query-input":{"@type":"PropertyValueSpecification","valueRequired":true,"valueName":"search_term_string"}}],"inLanguage":"fr-FR"},{"@type":"Organization","@id":"https:\/\/bert-daiber.de\/#organization","name":"Bert & Daiber Steuerberater in Darmstadt","alternateName":"Bert & Daiber Steuerberatung","url":"https:\/\/bert-daiber.de\/","logo":{"@type":"ImageObject","inLanguage":"fr-FR","@id":"https:\/\/bert-daiber.de\/#\/schema\/logo\/image\/","url":"https:\/\/bert-daiber.de\/wp-content\/uploads\/2020\/06\/cropped-favicon.png","contentUrl":"https:\/\/bert-daiber.de\/wp-content\/uploads\/2020\/06\/cropped-favicon.png","width":512,"height":512,"caption":"Bert & Daiber Steuerberater in Darmstadt"},"image":{"@id":"https:\/\/bert-daiber.de\/#\/schema\/logo\/image\/"}}]}},"_links":{"self":[{"href":"https:\/\/bert-daiber.de\/fr\/wp-json\/wp\/v2\/pages\/3878","targetHints":{"allow":["GET"]}}],"collection":[{"href":"https:\/\/bert-daiber.de\/fr\/wp-json\/wp\/v2\/pages"}],"about":[{"href":"https:\/\/bert-daiber.de\/fr\/wp-json\/wp\/v2\/types\/page"}],"author":[{"embeddable":true,"href":"https:\/\/bert-daiber.de\/fr\/wp-json\/wp\/v2\/users\/1"}],"replies":[{"embeddable":true,"href":"https:\/\/bert-daiber.de\/fr\/wp-json\/wp\/v2\/comments?post=3878"}],"version-history":[{"count":17,"href":"https:\/\/bert-daiber.de\/fr\/wp-json\/wp\/v2\/pages\/3878\/revisions"}],"predecessor-version":[{"id":3896,"href":"https:\/\/bert-daiber.de\/fr\/wp-json\/wp\/v2\/pages\/3878\/revisions\/3896"}],"wp:attachment":[{"href":"https:\/\/bert-daiber.de\/fr\/wp-json\/wp\/v2\/media?parent=3878"}],"curies":[{"name":"wp","href":"https:\/\/api.w.org\/{rel}","templated":true}]}}