{"id":4296,"date":"2022-06-22T14:28:01","date_gmt":"2022-06-22T14:28:01","guid":{"rendered":"https:\/\/bert-daiber.de\/consulente-fiscale-e-revisore-dei-conti-a-darmstadt\/"},"modified":"2023-11-08T16:35:43","modified_gmt":"2023-11-08T16:35:43","slug":"consulente-fiscale-e-revisore-dei-conti-a-darmstadt","status":"publish","type":"page","link":"https:\/\/bert-daiber.de\/it\/","title":{"rendered":"Consulente fiscale e revisore dei conti a Darmstadt"},"content":{"rendered":"<div id=\"cs-content\" class=\"cs-content\"><\/div>\n","protected":false},"excerpt":{"rendered":"<p>I nostri servizi Consulenza fiscale Revisione contabile Contabilit\u00e0 digitale Valutazione aziendale Revisione contabile finale Il nostro studio:La nostra competenza La vostra sicurezza La societ\u00e0 di consulenza fiscale e di revisione contabile Bert &#038; Daiber, con sede nel centro di Darmstadt, esiste dal 2005.Carola Bert e J\u00fcrgen Daiber sono i fondatori della Bert &#038; Daiber. Dalla sua fondazione, lo studio \u00e8 &#8230; <\/p>\n<div><a href=\"https:\/\/bert-daiber.de\/it\/\" class=\"more-link\">Read More<\/a><\/div>\n","protected":false},"author":1,"featured_media":5070,"parent":0,"menu_order":0,"comment_status":"closed","ping_status":"closed","template":"template-blank-4.php","meta":{"rs_blank_template":"","rs_page_bg_color":"","slide_template_v7":"","footnotes":""},"class_list":["post-4296","page","type-page","status-publish","has-post-thumbnail","hentry"],"yoast_head":"<!-- This site is optimized with the Yoast SEO plugin v27.3 - https:\/\/yoast.com\/product\/yoast-seo-wordpress\/ -->\n<title>Consulente fiscale e revisore dei conti a Darmstadt - Bert &amp; Daiber Steuerberater in Darmstadt<\/title>\n<meta name=\"description\" content=\"Bert&amp;Daiber \u00e8 consulente fiscale e revisore dei conti a Darmstadt dal 2005. La societ\u00e0 di consulenza e revisione fiscale \u00e8 focalizzata sul supporto alle medie imprese.\" \/>\n<meta name=\"robots\" content=\"index, follow, max-snippet:-1, max-image-preview:large, max-video-preview:-1\" \/>\n<link rel=\"canonical\" href=\"https:\/\/bert-daiber.de\/it\/\" \/>\n<meta property=\"og:locale\" content=\"it_IT\" \/>\n<meta property=\"og:type\" content=\"article\" \/>\n<meta property=\"og:title\" content=\"Consulente fiscale e revisore dei conti a Darmstadt\" \/>\n<meta property=\"og:description\" content=\"Bert&amp;Daiber fornisce consulenza fiscale e revisione contabile a Darmstadt dal 2005. La societ\u00e0 di consulenza e revisione fiscale \u00e8 focalizzata sul supporto alle medie imprese.\" \/>\n<meta property=\"og:url\" content=\"https:\/\/bert-daiber.de\/it\/\" \/>\n<meta property=\"og:site_name\" content=\"Bert &amp; Daiber Steuerberater in Darmstadt\" \/>\n<meta property=\"article:modified_time\" content=\"2023-11-08T16:35:43+00:00\" \/>\n<meta property=\"og:image\" content=\"https:\/\/vorschau.bert-daiber.de\/wp-content\/uploads\/2019\/02\/startseite-bert-daiber.jpg\" \/>\n<meta name=\"twitter:card\" content=\"summary_large_image\" \/>\n<meta name=\"twitter:title\" content=\"Consulente fiscale e revisore dei conti a Darmstadt\" \/>\n<meta name=\"twitter:description\" content=\"Bert&amp;Daiber fornisce consulenza fiscale e revisione contabile a Darmstadt dal 2005. La societ\u00e0 di consulenza e revisione fiscale \u00e8 focalizzata sul supporto alle medie imprese.\" \/>\n<meta name=\"twitter:image\" content=\"https:\/\/vorschau.bert-daiber.de\/wp-content\/uploads\/2019\/02\/startseite-bert-daiber.jpg\" \/>\n<meta name=\"twitter:label1\" content=\"Tempo di lettura stimato\" \/>\n\t<meta name=\"twitter:data1\" content=\"4 minuti\" \/>\n<script type=\"application\/ld+json\" class=\"yoast-schema-graph\">{\"@context\":\"https:\\\/\\\/schema.org\",\"@graph\":[{\"@type\":\"WebPage\",\"@id\":\"https:\\\/\\\/bert-daiber.de\\\/it\\\/\",\"url\":\"https:\\\/\\\/bert-daiber.de\\\/it\\\/\",\"name\":\"Consulente fiscale e revisore dei conti a Darmstadt - Bert &amp; Daiber Steuerberater in Darmstadt\",\"isPartOf\":{\"@id\":\"https:\\\/\\\/bert-daiber.de\\\/#website\"},\"primaryImageOfPage\":{\"@id\":\"https:\\\/\\\/bert-daiber.de\\\/it\\\/#primaryimage\"},\"image\":{\"@id\":\"https:\\\/\\\/bert-daiber.de\\\/it\\\/#primaryimage\"},\"thumbnailUrl\":\"https:\\\/\\\/bert-daiber.de\\\/wp-content\\\/uploads\\\/2024\\\/02\\\/steuerberater-darmstadt-bertdaiber-beide.jpg\",\"datePublished\":\"2022-06-22T14:28:01+00:00\",\"dateModified\":\"2023-11-08T16:35:43+00:00\",\"description\":\"Bert&Daiber \u00e8 consulente fiscale e revisore dei conti a Darmstadt dal 2005. La societ\u00e0 di consulenza e revisione fiscale \u00e8 focalizzata sul supporto alle medie imprese.\",\"breadcrumb\":{\"@id\":\"https:\\\/\\\/bert-daiber.de\\\/it\\\/#breadcrumb\"},\"inLanguage\":\"it-IT\",\"potentialAction\":[{\"@type\":\"ReadAction\",\"target\":[\"https:\\\/\\\/bert-daiber.de\\\/it\\\/\"]}]},{\"@type\":\"ImageObject\",\"inLanguage\":\"it-IT\",\"@id\":\"https:\\\/\\\/bert-daiber.de\\\/it\\\/#primaryimage\",\"url\":\"https:\\\/\\\/bert-daiber.de\\\/wp-content\\\/uploads\\\/2024\\\/02\\\/steuerberater-darmstadt-bertdaiber-beide.jpg\",\"contentUrl\":\"https:\\\/\\\/bert-daiber.de\\\/wp-content\\\/uploads\\\/2024\\\/02\\\/steuerberater-darmstadt-bertdaiber-beide.jpg\",\"width\":1283,\"height\":1283,\"caption\":\"Steuerberater Darmstadt Bert & Daiber GF\"},{\"@type\":\"BreadcrumbList\",\"@id\":\"https:\\\/\\\/bert-daiber.de\\\/it\\\/#breadcrumb\",\"itemListElement\":[{\"@type\":\"ListItem\",\"position\":1,\"name\":\"Home Bert &amp; Daiber Steuerberater Darmstadt\",\"item\":\"https:\\\/\\\/bert-daiber.de\\\/it\\\/\"},{\"@type\":\"ListItem\",\"position\":2,\"name\":\"Consulente fiscale e revisore dei conti a Darmstadt\"}]},{\"@type\":\"WebSite\",\"@id\":\"https:\\\/\\\/bert-daiber.de\\\/#website\",\"url\":\"https:\\\/\\\/bert-daiber.de\\\/\",\"name\":\"Bert & Daiber Steuerberater in Darmstadt\",\"description\":\"Steuerberatung in Darmstadt Bert &amp; Daiber\",\"publisher\":{\"@id\":\"https:\\\/\\\/bert-daiber.de\\\/#organization\"},\"alternateName\":\"Bert & Daiber Steuerberatung in Darmstadt\",\"potentialAction\":[{\"@type\":\"SearchAction\",\"target\":{\"@type\":\"EntryPoint\",\"urlTemplate\":\"https:\\\/\\\/bert-daiber.de\\\/?s={search_term_string}\"},\"query-input\":{\"@type\":\"PropertyValueSpecification\",\"valueRequired\":true,\"valueName\":\"search_term_string\"}}],\"inLanguage\":\"it-IT\"},{\"@type\":\"Organization\",\"@id\":\"https:\\\/\\\/bert-daiber.de\\\/#organization\",\"name\":\"Bert & Daiber Steuerberater in Darmstadt\",\"alternateName\":\"Bert & Daiber Steuerberatung\",\"url\":\"https:\\\/\\\/bert-daiber.de\\\/\",\"logo\":{\"@type\":\"ImageObject\",\"inLanguage\":\"it-IT\",\"@id\":\"https:\\\/\\\/bert-daiber.de\\\/#\\\/schema\\\/logo\\\/image\\\/\",\"url\":\"https:\\\/\\\/bert-daiber.de\\\/wp-content\\\/uploads\\\/2020\\\/06\\\/cropped-favicon.png\",\"contentUrl\":\"https:\\\/\\\/bert-daiber.de\\\/wp-content\\\/uploads\\\/2020\\\/06\\\/cropped-favicon.png\",\"width\":512,\"height\":512,\"caption\":\"Bert & Daiber Steuerberater in Darmstadt\"},\"image\":{\"@id\":\"https:\\\/\\\/bert-daiber.de\\\/#\\\/schema\\\/logo\\\/image\\\/\"}}]}<\/script>\n<!-- \/ Yoast SEO plugin. -->","yoast_head_json":{"title":"Consulente fiscale e revisore dei conti a Darmstadt - Bert &amp; Daiber Steuerberater in Darmstadt","description":"Bert&Daiber \u00e8 consulente fiscale e revisore dei conti a Darmstadt dal 2005. La societ\u00e0 di consulenza e revisione fiscale \u00e8 focalizzata sul supporto alle medie imprese.","robots":{"index":"index","follow":"follow","max-snippet":"max-snippet:-1","max-image-preview":"max-image-preview:large","max-video-preview":"max-video-preview:-1"},"canonical":"https:\/\/bert-daiber.de\/it\/","og_locale":"it_IT","og_type":"article","og_title":"Consulente fiscale e revisore dei conti a Darmstadt","og_description":"Bert&Daiber fornisce consulenza fiscale e revisione contabile a Darmstadt dal 2005. La societ\u00e0 di consulenza e revisione fiscale \u00e8 focalizzata sul supporto alle medie imprese.","og_url":"https:\/\/bert-daiber.de\/it\/","og_site_name":"Bert &amp; Daiber Steuerberater in Darmstadt","article_modified_time":"2023-11-08T16:35:43+00:00","og_image":[{"url":"https:\/\/vorschau.bert-daiber.de\/wp-content\/uploads\/2019\/02\/startseite-bert-daiber.jpg","type":"","width":"","height":""}],"twitter_card":"summary_large_image","twitter_title":"Consulente fiscale e revisore dei conti a Darmstadt","twitter_description":"Bert&Daiber fornisce consulenza fiscale e revisione contabile a Darmstadt dal 2005. La societ\u00e0 di consulenza e revisione fiscale \u00e8 focalizzata sul supporto alle medie imprese.","twitter_image":"https:\/\/vorschau.bert-daiber.de\/wp-content\/uploads\/2019\/02\/startseite-bert-daiber.jpg","twitter_misc":{"Tempo di lettura stimato":"4 minuti"},"schema":{"@context":"https:\/\/schema.org","@graph":[{"@type":"WebPage","@id":"https:\/\/bert-daiber.de\/it\/","url":"https:\/\/bert-daiber.de\/it\/","name":"Consulente fiscale e revisore dei conti a Darmstadt - Bert &amp; Daiber Steuerberater in Darmstadt","isPartOf":{"@id":"https:\/\/bert-daiber.de\/#website"},"primaryImageOfPage":{"@id":"https:\/\/bert-daiber.de\/it\/#primaryimage"},"image":{"@id":"https:\/\/bert-daiber.de\/it\/#primaryimage"},"thumbnailUrl":"https:\/\/bert-daiber.de\/wp-content\/uploads\/2024\/02\/steuerberater-darmstadt-bertdaiber-beide.jpg","datePublished":"2022-06-22T14:28:01+00:00","dateModified":"2023-11-08T16:35:43+00:00","description":"Bert&Daiber \u00e8 consulente fiscale e revisore dei conti a Darmstadt dal 2005. La societ\u00e0 di consulenza e revisione fiscale \u00e8 focalizzata sul supporto alle medie imprese.","breadcrumb":{"@id":"https:\/\/bert-daiber.de\/it\/#breadcrumb"},"inLanguage":"it-IT","potentialAction":[{"@type":"ReadAction","target":["https:\/\/bert-daiber.de\/it\/"]}]},{"@type":"ImageObject","inLanguage":"it-IT","@id":"https:\/\/bert-daiber.de\/it\/#primaryimage","url":"https:\/\/bert-daiber.de\/wp-content\/uploads\/2024\/02\/steuerberater-darmstadt-bertdaiber-beide.jpg","contentUrl":"https:\/\/bert-daiber.de\/wp-content\/uploads\/2024\/02\/steuerberater-darmstadt-bertdaiber-beide.jpg","width":1283,"height":1283,"caption":"Steuerberater Darmstadt Bert & Daiber GF"},{"@type":"BreadcrumbList","@id":"https:\/\/bert-daiber.de\/it\/#breadcrumb","itemListElement":[{"@type":"ListItem","position":1,"name":"Home Bert &amp; Daiber Steuerberater Darmstadt","item":"https:\/\/bert-daiber.de\/it\/"},{"@type":"ListItem","position":2,"name":"Consulente fiscale e revisore dei conti a Darmstadt"}]},{"@type":"WebSite","@id":"https:\/\/bert-daiber.de\/#website","url":"https:\/\/bert-daiber.de\/","name":"Bert & Daiber Steuerberater in Darmstadt","description":"Steuerberatung in Darmstadt Bert &amp; Daiber","publisher":{"@id":"https:\/\/bert-daiber.de\/#organization"},"alternateName":"Bert & Daiber Steuerberatung in Darmstadt","potentialAction":[{"@type":"SearchAction","target":{"@type":"EntryPoint","urlTemplate":"https:\/\/bert-daiber.de\/?s={search_term_string}"},"query-input":{"@type":"PropertyValueSpecification","valueRequired":true,"valueName":"search_term_string"}}],"inLanguage":"it-IT"},{"@type":"Organization","@id":"https:\/\/bert-daiber.de\/#organization","name":"Bert & Daiber Steuerberater in Darmstadt","alternateName":"Bert & Daiber Steuerberatung","url":"https:\/\/bert-daiber.de\/","logo":{"@type":"ImageObject","inLanguage":"it-IT","@id":"https:\/\/bert-daiber.de\/#\/schema\/logo\/image\/","url":"https:\/\/bert-daiber.de\/wp-content\/uploads\/2020\/06\/cropped-favicon.png","contentUrl":"https:\/\/bert-daiber.de\/wp-content\/uploads\/2020\/06\/cropped-favicon.png","width":512,"height":512,"caption":"Bert & Daiber Steuerberater in Darmstadt"},"image":{"@id":"https:\/\/bert-daiber.de\/#\/schema\/logo\/image\/"}}]}},"_links":{"self":[{"href":"https:\/\/bert-daiber.de\/it\/wp-json\/wp\/v2\/pages\/4296","targetHints":{"allow":["GET"]}}],"collection":[{"href":"https:\/\/bert-daiber.de\/it\/wp-json\/wp\/v2\/pages"}],"about":[{"href":"https:\/\/bert-daiber.de\/it\/wp-json\/wp\/v2\/types\/page"}],"author":[{"embeddable":true,"href":"https:\/\/bert-daiber.de\/it\/wp-json\/wp\/v2\/users\/1"}],"replies":[{"embeddable":true,"href":"https:\/\/bert-daiber.de\/it\/wp-json\/wp\/v2\/comments?post=4296"}],"version-history":[{"count":21,"href":"https:\/\/bert-daiber.de\/it\/wp-json\/wp\/v2\/pages\/4296\/revisions"}],"predecessor-version":[{"id":4946,"href":"https:\/\/bert-daiber.de\/it\/wp-json\/wp\/v2\/pages\/4296\/revisions\/4946"}],"wp:featuredmedia":[{"embeddable":true,"href":"https:\/\/bert-daiber.de\/it\/wp-json\/wp\/v2\/media\/5070"}],"wp:attachment":[{"href":"https:\/\/bert-daiber.de\/it\/wp-json\/wp\/v2\/media?parent=4296"}],"curies":[{"name":"wp","href":"https:\/\/api.w.org\/{rel}","templated":true}]}}