{"id":4355,"date":"2022-06-22T15:38:21","date_gmt":"2022-06-22T15:38:21","guid":{"rendered":"https:\/\/bert-daiber.de\/squadra\/"},"modified":"2025-05-22T12:48:12","modified_gmt":"2025-05-22T12:48:12","slug":"squadra","status":"publish","type":"page","link":"https:\/\/bert-daiber.de\/it\/squadra\/","title":{"rendered":"Team"},"content":{"rendered":"<div id=\"cs-content\" class=\"cs-content\"><div class=\"x-section e4355-e1 m3cz-0 m3cz-1\"><div class=\"x-container max width e4355-e2 m3cz-5\"><div class=\"x-column x-sm x-1-1 e4355-e3 m3cz-6 m3cz-7\"><h1  class=\"h-custom-headline h1\" style=\"color: #ab0530;\"><span>La vostra soddisfazione non \u00e8 un caso, ma il nostro concetto.<\/span><\/h1><h2  class=\"h-custom-headline h3\" ><span>Il team Bert&Daiber<\/span><\/h2><\/div><\/div><\/div><div class=\"x-section e4355-e6 m3cz-0 m3cz-2 m3cz-3 flex team-row\"><div class=\"x-container max width e4355-e7 m3cz-5\"><div class=\"x-column x-sm x-1-3 e4355-e8 m3cz-7 m3cz-8\"><a class=\"x-image e4355-e9 m3cz-9\" href=\"#\" rel=\"nofollow\"><img decoding=\"async\" src=\"https:\/\/bert-daiber.de\/wp-content\/uploads\/2022\/02\/steuerberater-bert-daiber-carola-bert.jpg\" width=\"648\" height=\"396\" alt=\"Carola Bert - Bert &amp; Daiber\" loading=\"lazy\"><\/a><div class=\"x-div e4355-e10 m3cz-a\"><hr  class=\"x-gap\" style=\"margin: 10px 0 0 0;\"><h4  class=\"h-custom-headline cs-ta-center man h4\" style=\"color: #ab0530;\"><span>Carola Bert<\/span><\/h4><div id=\"\" class=\"x-text\" style=\"\" ><p style=\"text-align: center;\">Wirtschaftspr\u00fcferin | Steuerberaterin<\/p>\n<\/div><\/div><\/div><div class=\"x-column x-sm x-1-3 e4355-e14 m3cz-7 m3cz-8\"><a class=\"x-image e4355-e15 m3cz-9\" href=\"#\" rel=\"nofollow\"><img decoding=\"async\" src=\"https:\/\/bert-daiber.de\/wp-content\/uploads\/2022\/02\/steuerberater-bert-daiber-juergen-daiber-3.jpg\" width=\"648\" height=\"396\" alt=\"J\u00fcrgen Daiber - Bert&amp;Daiber\" loading=\"lazy\"><\/a><hr  class=\"x-gap\" style=\"margin: 10px 0 0 0;\"><h4  class=\"h-custom-headline cs-ta-center man h4\" style=\"color: #ab0530;\"><span>J\u00fcrgen Daiber<\/span><\/h4><div id=\"\" class=\"x-text\" style=\"\" ><p style=\"text-align: center;\">Wirtschaftspr\u00fcfer | Steuerberater<\/p>\n<\/div><\/div><div class=\"x-column x-sm x-1-3 e4355-e19 m3cz-7 m3cz-8\"><a class=\"x-image e4355-e20 m3cz-9\" href=\"#\" rel=\"nofollow\"><img decoding=\"async\" src=\"https:\/\/bert-daiber.de\/wp-content\/uploads\/2022\/02\/steuerberater-bert-daiber-sabine-delauso.jpg\" width=\"648\" height=\"396\" alt=\"Sabine De Lauso - Bert&amp;Daiber\" loading=\"lazy\"><\/a><hr  class=\"x-gap\" style=\"margin: 10px 0 0 0;\"><h4  class=\"h-custom-headline cs-ta-center man h4\" style=\"color: #ab0530;\"><span>Sabine De Lauso<\/span><\/h4><div id=\"\" class=\"x-text\" style=\"\" ><p style=\"text-align: center;\">Rechtsanw\u00e4ltin<\/p>\n<\/div><\/div><\/div><\/div><div class=\"x-section e4355-e24 m3cz-0 m3cz-2 m3cz-3 flex team-row\"><div class=\"x-container max width e4355-e25 m3cz-5\"><div class=\"x-column x-sm x-1-3 e4355-e26 m3cz-7 m3cz-8\"><a class=\"x-image e4355-e27 m3cz-9\" href=\"#\" rel=\"nofollow\"><img decoding=\"async\" src=\"https:\/\/bert-daiber.de\/wp-content\/uploads\/2022\/02\/steuerberater-bert-daiber-silvia-appel.jpg\" width=\"648\" height=\"396\" alt=\"Sivia Appel - Bert&amp;Daiber\" loading=\"lazy\"><\/a><hr  class=\"x-gap\" style=\"margin: 10px 0 0 0;\"><h4  class=\"h-custom-headline cs-ta-center man h4\" style=\"color: #ab0530;\"><span>Silvia Appel<\/span><\/h4><div id=\"\" class=\"x-text\" style=\"\" ><p style=\"text-align: center;\">Steuerfachangestellte |<br \/>\nBilanzbuchhalterin (IHK)<\/p>\n<\/div><\/div><div class=\"x-column x-sm x-1-3 e4355-e31 m3cz-7 m3cz-8\"><a class=\"x-image e4355-e32 m3cz-9\" href=\"#\" rel=\"nofollow\"><img decoding=\"async\" src=\"https:\/\/bert-daiber.de\/wp-content\/uploads\/2022\/02\/steuerberater-bert-daiber-irene-sawall-1.jpg\" width=\"648\" height=\"396\" alt=\"Irene Sawall - Bert&amp;Daiber\" loading=\"lazy\"><\/a><hr  class=\"x-gap\" style=\"margin: 10px 0 0 0;\"><h4  class=\"h-custom-headline cs-ta-center man h4\" style=\"color: #ab0530;\"><span>Irene Sawall<\/span><\/h4><div id=\"\" class=\"x-text\" style=\"\" ><p style=\"text-align: center;\">Steuerfachangestellte |<br \/>\nSteuerfachwirtin<\/p>\n<\/div><\/div><div class=\"x-column x-sm x-1-3 e4355-e36 m3cz-7 m3cz-8\"><a class=\"x-image e4355-e37 m3cz-9\" href=\"#\" rel=\"nofollow\"><img decoding=\"async\" src=\"https:\/\/bert-daiber.de\/wp-content\/uploads\/2022\/02\/steuerberater-bert-daiber-sylvia-wackernagel-2.jpg\" width=\"648\" height=\"396\" alt=\"Sylvia Wackernagel - Bert&amp;Daiber\" loading=\"lazy\"><\/a><hr  class=\"x-gap\" style=\"margin: 10px 0 0 0;\"><h4  class=\"h-custom-headline cs-ta-center man h4\" style=\"color: #ab0530;\"><span>Sylvia Wackernagel<\/span><\/h4><div id=\"\" class=\"x-text\" style=\"\" ><p style=\"text-align: center;\">Steuerfachangestellte<\/p>\n<\/div><\/div><\/div><\/div><div class=\"x-section e4355-e41 m3cz-0 m3cz-2 m3cz-3 flex team-row\"><div class=\"x-container max width e4355-e42 m3cz-5\"><div class=\"x-column x-sm x-1-3 e4355-e43 m3cz-7 m3cz-8\"><a class=\"x-image e4355-e44 m3cz-9\" href=\"#\" rel=\"nofollow\"><img decoding=\"async\" src=\"https:\/\/bert-daiber.de\/wp-content\/uploads\/2022\/01\/steuerberater-bert-daiber-emel-albayrak.jpg\" width=\"648\" height=\"396\" alt=\"Emel Albayrak - Bert&amp;Daiber\" loading=\"lazy\"><\/a><hr  class=\"x-gap\" style=\"margin: 10px 0 0 0;\"><h4  class=\"h-custom-headline cs-ta-center man h4\" style=\"color: #ab0530;\"><span>Emel Albayrak<\/span><\/h4><div id=\"\" class=\"x-text\" style=\"\" ><p style=\"text-align: center;\">Steuerfachangestellte |<br \/>\nBachelor of Science<\/p>\n<\/div><\/div><div class=\"x-column x-sm x-1-3 e4355-e48 m3cz-7 m3cz-8\"><a class=\"x-image e4355-e49 m3cz-9\" href=\"#\" rel=\"nofollow\"><img decoding=\"async\" src=\"https:\/\/bert-daiber.de\/wp-content\/uploads\/2022\/02\/steuerberater-bert-daiber-nelli-sawal.jpg\" width=\"648\" height=\"396\" alt=\"Nelli Sawal - Bert&amp;Daiber\" loading=\"lazy\"><\/a><hr  class=\"x-gap\" style=\"margin: 10px 0 0 0;\"><h4  class=\"h-custom-headline cs-ta-center man h4\" style=\"color: #ab0530;\"><span>Nelli Sawal<\/span><\/h4><div id=\"\" class=\"x-text\" style=\"\" ><p style=\"text-align: center;\">Finanzbuchhalterin<\/p>\n<\/div><\/div><div class=\"x-column x-sm x-1-3 e4355-e53 m3cz-7 m3cz-8\"><a class=\"x-image e4355-e54 m3cz-9\" href=\"#\" rel=\"nofollow\"><img decoding=\"async\" src=\"https:\/\/bert-daiber.de\/wp-content\/uploads\/2022\/02\/steuerberater-bert-daiber-anita-sawall.jpg\" width=\"648\" height=\"396\" alt=\"Anita Sawall - Bert&amp;Daiber\" loading=\"lazy\"><\/a><hr  class=\"x-gap\" style=\"margin: 10px 0 0 0;\"><h4  class=\"h-custom-headline cs-ta-center man h4\" style=\"color: #ab0530;\"><span>Anita Sawall<\/span><\/h4><div id=\"\" class=\"x-text\" style=\"\" ><p style=\"text-align: center;\">B\u00fcrokraft<\/p>\n<\/div><\/div><\/div><\/div><div class=\"x-section e4355-e58 m3cz-0 m3cz-2 m3cz-3 flex team-row\"><div class=\"x-container max width e4355-e59 m3cz-5\"><div class=\"x-column x-sm x-1-3 e4355-e60 m3cz-7 m3cz-8\"><a class=\"x-image e4355-e61 m3cz-9\" href=\"#\" rel=\"nofollow\"><img decoding=\"async\" src=\"https:\/\/bert-daiber.de\/wp-content\/uploads\/2022\/02\/steuerberater-bert-daiber-silke-luehr.jpg\" width=\"648\" height=\"396\" alt=\"Silke L\u00fchr - Bert&amp;Daiber\" loading=\"lazy\"><\/a><hr  class=\"x-gap\" style=\"margin: 10px 0 0 0;\"><h4  class=\"h-custom-headline cs-ta-center man h4\" style=\"color: #ab0530;\"><span>Silke L\u00fchr<\/span><\/h4><div id=\"\" class=\"x-text\" style=\"\" ><p style=\"text-align: center;\">Steuerfachangestellte | Steuerfachwirtin<\/p>\n<\/div><\/div><div class=\"x-column x-sm x-1-3 e4355-e65 m3cz-7 m3cz-8\"><a class=\"x-image e4355-e66 m3cz-9\" href=\"#\" rel=\"nofollow\"><img decoding=\"async\" src=\"https:\/\/bert-daiber.de\/wp-content\/uploads\/2022\/02\/steuerberater-bert-daiber-kathrin-kschon.jpg\" width=\"648\" height=\"396\" alt=\"Kathrin Kschon - Bert&amp;Daiber\" loading=\"lazy\"><\/a><hr  class=\"x-gap\" style=\"margin: 10px 0 0 0;\"><h4  class=\"h-custom-headline cs-ta-center man h4\" style=\"color: #ab0530;\"><span>Kathrin Kschon<\/span><\/h4><div id=\"\" class=\"x-text\" style=\"\" ><p style=\"text-align: center;\">Steuerfachangestellte<\/p>\n<\/div><\/div><div class=\"x-column x-sm x-1-3 e4355-e70 m3cz-7 m3cz-8\"><a class=\"x-image e4355-e71 m3cz-9\" href=\"#\" rel=\"nofollow\"><img decoding=\"async\" src=\"https:\/\/bert-daiber.de\/wp-content\/uploads\/2022\/02\/steuerberater-bert-daiber-elvira-gejbel.jpg\" width=\"648\" height=\"396\" alt=\"Elvira Gejbel - Bert&amp;Daiber\" loading=\"lazy\"><\/a><hr  class=\"x-gap\" style=\"margin: 10px 0 0 0;\"><h4  class=\"h-custom-headline cs-ta-center man h4\" style=\"color: #ab0530;\"><span>Elvira Gejbel<\/span><\/h4><div id=\"\" class=\"x-text\" style=\"\" ><p style=\"text-align: center;\">Finanzbuchhalterin<\/p>\n<\/div><\/div><\/div><\/div><div class=\"x-section e4355-e75 m3cz-0 m3cz-2 m3cz-4 flex team-row\"><div class=\"x-container max width e4355-e76 m3cz-5\"><div class=\"x-column x-sm x-1-3 e4355-e77 m3cz-7 m3cz-8\"><a class=\"x-image e4355-e78 m3cz-9\" href=\"\/stephanie-cramer\"><img decoding=\"async\" src=\"https:\/\/bert-daiber.de\/wp-content\/uploads\/2022\/02\/steuerberater-bert-daiber-anita-schreiber-1.jpg\" width=\"648\" height=\"396\" alt=\"Anita Schreiber - Bert&amp;Daiber\" loading=\"lazy\"><\/a><hr  class=\"x-gap\" style=\"margin: 10px 0 0 0;\"><h4  class=\"h-custom-headline cs-ta-center man h4\" style=\"color: #ab0530;\"><span>Anita Schreiber<\/span><\/h4><div id=\"\" class=\"x-text\" style=\"\" ><p style=\"text-align: center;\">B\u00fcrokauffrau<\/p>\n<\/div><\/div><div class=\"x-column x-sm x-1-3 e4355-e82 m3cz-7 m3cz-8\"><a class=\"x-image e4355-e83 m3cz-9\" href=\"#\" rel=\"nofollow\"><img decoding=\"async\" src=\"https:\/\/bert-daiber.de\/wp-content\/uploads\/2022\/02\/steuerberater-bert-daiber-stephanie-kramer.jpg\" width=\"648\" height=\"396\" alt=\"Stephanie Cramer - Bert&amp;Daiber\" loading=\"lazy\"><\/a><hr  class=\"x-gap\" style=\"margin: 10px 0 0 0;\"><h4  class=\"h-custom-headline cs-ta-center man h4\" style=\"color: #ab0530;\"><span>Stephanie Cramer<\/span><\/h4><div id=\"\" class=\"x-text\" style=\"\" ><p style=\"text-align: center;\">Steuerberatungsassistentin |<br \/>\nDiplom-Betriebswirtin (FH)<\/p>\n<\/div><\/div><div class=\"x-column x-sm x-1-3 e4355-e87 m3cz-7 m3cz-8\"><a class=\"x-image e4355-e88 m3cz-9\" href=\"#\" rel=\"nofollow\"><img decoding=\"async\" src=\"https:\/\/bert-daiber.de\/wp-content\/uploads\/2024\/03\/steuerberater-wirtschaftspruefer-darmstadt-appiah.jpg\" width=\"648\" height=\"396\" alt=\"Mathilde Appiah - Bert&amp;Daiber\" loading=\"lazy\"><\/a><hr  class=\"x-gap\" style=\"margin: 10px 0 0 0;\"><h4  class=\"h-custom-headline cs-ta-center man h4\" style=\"color: #ab0530;\"><span>Mathilde Appiah<\/span><\/h4><div id=\"\" class=\"x-text\" style=\"\" ><p style=\"text-align: center;\">Steuerfachangestellte<\/p>\n<\/div><\/div><\/div><\/div><\/div>\n","protected":false},"excerpt":{"rendered":"<p>La vostra soddisfazione non \u00e8 un caso, ma il nostro concetto.Il team Bert&#038;DaiberCarola BertWirtschaftspr\u00fcferin | Steuerberaterin J\u00fcrgen DaiberWirtschaftspr\u00fcfer | Steuerberater Sabine De LausoRechtsanw\u00e4ltin Silvia AppelSteuerfachangestellte | Bilanzbuchhalterin (IHK) Irene SawallSteuerfachangestellte | Steuerfachwirtin Sylvia WackernagelSteuerfachangestellte Emel AlbayrakSteuerfachangestellte | Bachelor of Science Nelli SawalFinanzbuchhalterin Anita SawallB\u00fcrokraft Silke L\u00fchrSteuerfachangestellte | Steuerfachwirtin Kathrin KschonSteuerfachangestellte Elvira GejbelFinanzbuchhalterin Anita SchreiberB\u00fcrokauffrau Stephanie CramerSteuerberatungsassistentin | Diplom-Betriebswirtin (FH) Mathilde &#8230; <\/p>\n<div><a href=\"https:\/\/bert-daiber.de\/it\/squadra\/\" class=\"more-link\">Read More<\/a><\/div>\n","protected":false},"author":1,"featured_media":0,"parent":0,"menu_order":0,"comment_status":"closed","ping_status":"closed","template":"template-blank-4.php","meta":{"rs_blank_template":"","rs_page_bg_color":"","slide_template_v7":"","footnotes":""},"class_list":["post-4355","page","type-page","status-publish","hentry","no-post-thumbnail"],"yoast_head":"<!-- This site is optimized with the Yoast SEO plugin v27.3 - https:\/\/yoast.com\/product\/yoast-seo-wordpress\/ -->\n<title>Team - Bert &amp; Daiber Steuerberater in Darmstadt<\/title>\n<meta name=\"robots\" content=\"index, follow, max-snippet:-1, max-image-preview:large, max-video-preview:-1\" \/>\n<link rel=\"canonical\" href=\"https:\/\/bert-daiber.de\/it\/squadra\/\" \/>\n<meta property=\"og:locale\" content=\"it_IT\" \/>\n<meta property=\"og:type\" content=\"article\" \/>\n<meta property=\"og:title\" content=\"Team - Bert &amp; Daiber Steuerberater in Darmstadt\" \/>\n<meta property=\"og:description\" content=\"La vostra soddisfazione non \u00e8 un caso, ma il nostro concetto.Il team Bert&amp;DaiberCarola BertWirtschaftspr\u00fcferin | Steuerberaterin J\u00fcrgen DaiberWirtschaftspr\u00fcfer | Steuerberater Sabine De LausoRechtsanw\u00e4ltin Silvia AppelSteuerfachangestellte | Bilanzbuchhalterin (IHK) Irene SawallSteuerfachangestellte | Steuerfachwirtin Sylvia WackernagelSteuerfachangestellte Emel AlbayrakSteuerfachangestellte | Bachelor of Science Nelli SawalFinanzbuchhalterin Anita SawallB\u00fcrokraft Silke L\u00fchrSteuerfachangestellte | Steuerfachwirtin Kathrin KschonSteuerfachangestellte Elvira GejbelFinanzbuchhalterin Anita SchreiberB\u00fcrokauffrau Stephanie CramerSteuerberatungsassistentin | Diplom-Betriebswirtin (FH) Mathilde ... Read More\" \/>\n<meta property=\"og:url\" content=\"https:\/\/bert-daiber.de\/it\/squadra\/\" \/>\n<meta property=\"og:site_name\" content=\"Bert &amp; Daiber Steuerberater in Darmstadt\" \/>\n<meta property=\"article:modified_time\" content=\"2025-05-22T12:48:12+00:00\" \/>\n<meta property=\"og:image\" content=\"https:\/\/bert-daiber.de\/wp-content\/uploads\/2021\/06\/schlussrechnungspruefung.jpg\" \/>\n\t<meta property=\"og:image:width\" content=\"1920\" \/>\n\t<meta property=\"og:image:height\" content=\"830\" \/>\n\t<meta property=\"og:image:type\" content=\"image\/jpeg\" \/>\n<meta name=\"twitter:card\" content=\"summary_large_image\" \/>\n<meta name=\"twitter:label1\" content=\"Tempo di lettura stimato\" \/>\n\t<meta name=\"twitter:data1\" content=\"4 minuti\" \/>\n<script type=\"application\/ld+json\" class=\"yoast-schema-graph\">{\"@context\":\"https:\\\/\\\/schema.org\",\"@graph\":[{\"@type\":\"WebPage\",\"@id\":\"https:\\\/\\\/bert-daiber.de\\\/it\\\/squadra\\\/\",\"url\":\"https:\\\/\\\/bert-daiber.de\\\/it\\\/squadra\\\/\",\"name\":\"Team - Bert &amp; Daiber Steuerberater in Darmstadt\",\"isPartOf\":{\"@id\":\"https:\\\/\\\/bert-daiber.de\\\/#website\"},\"datePublished\":\"2022-06-22T15:38:21+00:00\",\"dateModified\":\"2025-05-22T12:48:12+00:00\",\"breadcrumb\":{\"@id\":\"https:\\\/\\\/bert-daiber.de\\\/it\\\/squadra\\\/#breadcrumb\"},\"inLanguage\":\"it-IT\",\"potentialAction\":[{\"@type\":\"ReadAction\",\"target\":[\"https:\\\/\\\/bert-daiber.de\\\/it\\\/squadra\\\/\"]}]},{\"@type\":\"BreadcrumbList\",\"@id\":\"https:\\\/\\\/bert-daiber.de\\\/it\\\/squadra\\\/#breadcrumb\",\"itemListElement\":[{\"@type\":\"ListItem\",\"position\":1,\"name\":\"Home Bert &amp; Daiber Steuerberater Darmstadt\",\"item\":\"https:\\\/\\\/bert-daiber.de\\\/it\\\/\"},{\"@type\":\"ListItem\",\"position\":2,\"name\":\"Team\"}]},{\"@type\":\"WebSite\",\"@id\":\"https:\\\/\\\/bert-daiber.de\\\/#website\",\"url\":\"https:\\\/\\\/bert-daiber.de\\\/\",\"name\":\"Bert & Daiber Steuerberater in Darmstadt\",\"description\":\"Steuerberatung in Darmstadt Bert &amp; Daiber\",\"publisher\":{\"@id\":\"https:\\\/\\\/bert-daiber.de\\\/#organization\"},\"alternateName\":\"Bert & Daiber Steuerberatung in Darmstadt\",\"potentialAction\":[{\"@type\":\"SearchAction\",\"target\":{\"@type\":\"EntryPoint\",\"urlTemplate\":\"https:\\\/\\\/bert-daiber.de\\\/?s={search_term_string}\"},\"query-input\":{\"@type\":\"PropertyValueSpecification\",\"valueRequired\":true,\"valueName\":\"search_term_string\"}}],\"inLanguage\":\"it-IT\"},{\"@type\":\"Organization\",\"@id\":\"https:\\\/\\\/bert-daiber.de\\\/#organization\",\"name\":\"Bert & Daiber Steuerberater in Darmstadt\",\"alternateName\":\"Bert & Daiber Steuerberatung\",\"url\":\"https:\\\/\\\/bert-daiber.de\\\/\",\"logo\":{\"@type\":\"ImageObject\",\"inLanguage\":\"it-IT\",\"@id\":\"https:\\\/\\\/bert-daiber.de\\\/#\\\/schema\\\/logo\\\/image\\\/\",\"url\":\"https:\\\/\\\/bert-daiber.de\\\/wp-content\\\/uploads\\\/2020\\\/06\\\/cropped-favicon.png\",\"contentUrl\":\"https:\\\/\\\/bert-daiber.de\\\/wp-content\\\/uploads\\\/2020\\\/06\\\/cropped-favicon.png\",\"width\":512,\"height\":512,\"caption\":\"Bert & Daiber Steuerberater in Darmstadt\"},\"image\":{\"@id\":\"https:\\\/\\\/bert-daiber.de\\\/#\\\/schema\\\/logo\\\/image\\\/\"}}]}<\/script>\n<!-- \/ Yoast SEO plugin. -->","yoast_head_json":{"title":"Team - Bert &amp; Daiber Steuerberater in Darmstadt","robots":{"index":"index","follow":"follow","max-snippet":"max-snippet:-1","max-image-preview":"max-image-preview:large","max-video-preview":"max-video-preview:-1"},"canonical":"https:\/\/bert-daiber.de\/it\/squadra\/","og_locale":"it_IT","og_type":"article","og_title":"Team - Bert &amp; Daiber Steuerberater in Darmstadt","og_description":"La vostra soddisfazione non \u00e8 un caso, ma il nostro concetto.Il team Bert&DaiberCarola BertWirtschaftspr\u00fcferin | Steuerberaterin J\u00fcrgen DaiberWirtschaftspr\u00fcfer | Steuerberater Sabine De LausoRechtsanw\u00e4ltin Silvia AppelSteuerfachangestellte | Bilanzbuchhalterin (IHK) Irene SawallSteuerfachangestellte | Steuerfachwirtin Sylvia WackernagelSteuerfachangestellte Emel AlbayrakSteuerfachangestellte | Bachelor of Science Nelli SawalFinanzbuchhalterin Anita SawallB\u00fcrokraft Silke L\u00fchrSteuerfachangestellte | Steuerfachwirtin Kathrin KschonSteuerfachangestellte Elvira GejbelFinanzbuchhalterin Anita SchreiberB\u00fcrokauffrau Stephanie CramerSteuerberatungsassistentin | Diplom-Betriebswirtin (FH) Mathilde ... Read More","og_url":"https:\/\/bert-daiber.de\/it\/squadra\/","og_site_name":"Bert &amp; Daiber Steuerberater in Darmstadt","article_modified_time":"2025-05-22T12:48:12+00:00","og_image":[{"width":1920,"height":830,"url":"https:\/\/bert-daiber.de\/wp-content\/uploads\/2021\/06\/schlussrechnungspruefung.jpg","type":"image\/jpeg"}],"twitter_card":"summary_large_image","twitter_misc":{"Tempo di lettura stimato":"4 minuti"},"schema":{"@context":"https:\/\/schema.org","@graph":[{"@type":"WebPage","@id":"https:\/\/bert-daiber.de\/it\/squadra\/","url":"https:\/\/bert-daiber.de\/it\/squadra\/","name":"Team - Bert &amp; Daiber Steuerberater in Darmstadt","isPartOf":{"@id":"https:\/\/bert-daiber.de\/#website"},"datePublished":"2022-06-22T15:38:21+00:00","dateModified":"2025-05-22T12:48:12+00:00","breadcrumb":{"@id":"https:\/\/bert-daiber.de\/it\/squadra\/#breadcrumb"},"inLanguage":"it-IT","potentialAction":[{"@type":"ReadAction","target":["https:\/\/bert-daiber.de\/it\/squadra\/"]}]},{"@type":"BreadcrumbList","@id":"https:\/\/bert-daiber.de\/it\/squadra\/#breadcrumb","itemListElement":[{"@type":"ListItem","position":1,"name":"Home Bert &amp; Daiber Steuerberater Darmstadt","item":"https:\/\/bert-daiber.de\/it\/"},{"@type":"ListItem","position":2,"name":"Team"}]},{"@type":"WebSite","@id":"https:\/\/bert-daiber.de\/#website","url":"https:\/\/bert-daiber.de\/","name":"Bert & Daiber Steuerberater in Darmstadt","description":"Steuerberatung in Darmstadt Bert &amp; Daiber","publisher":{"@id":"https:\/\/bert-daiber.de\/#organization"},"alternateName":"Bert & Daiber Steuerberatung in Darmstadt","potentialAction":[{"@type":"SearchAction","target":{"@type":"EntryPoint","urlTemplate":"https:\/\/bert-daiber.de\/?s={search_term_string}"},"query-input":{"@type":"PropertyValueSpecification","valueRequired":true,"valueName":"search_term_string"}}],"inLanguage":"it-IT"},{"@type":"Organization","@id":"https:\/\/bert-daiber.de\/#organization","name":"Bert & Daiber Steuerberater in Darmstadt","alternateName":"Bert & Daiber Steuerberatung","url":"https:\/\/bert-daiber.de\/","logo":{"@type":"ImageObject","inLanguage":"it-IT","@id":"https:\/\/bert-daiber.de\/#\/schema\/logo\/image\/","url":"https:\/\/bert-daiber.de\/wp-content\/uploads\/2020\/06\/cropped-favicon.png","contentUrl":"https:\/\/bert-daiber.de\/wp-content\/uploads\/2020\/06\/cropped-favicon.png","width":512,"height":512,"caption":"Bert & Daiber Steuerberater in Darmstadt"},"image":{"@id":"https:\/\/bert-daiber.de\/#\/schema\/logo\/image\/"}}]}},"_links":{"self":[{"href":"https:\/\/bert-daiber.de\/it\/wp-json\/wp\/v2\/pages\/4355","targetHints":{"allow":["GET"]}}],"collection":[{"href":"https:\/\/bert-daiber.de\/it\/wp-json\/wp\/v2\/pages"}],"about":[{"href":"https:\/\/bert-daiber.de\/it\/wp-json\/wp\/v2\/types\/page"}],"author":[{"embeddable":true,"href":"https:\/\/bert-daiber.de\/it\/wp-json\/wp\/v2\/users\/1"}],"replies":[{"embeddable":true,"href":"https:\/\/bert-daiber.de\/it\/wp-json\/wp\/v2\/comments?post=4355"}],"version-history":[{"count":15,"href":"https:\/\/bert-daiber.de\/it\/wp-json\/wp\/v2\/pages\/4355\/revisions"}],"predecessor-version":[{"id":5259,"href":"https:\/\/bert-daiber.de\/it\/wp-json\/wp\/v2\/pages\/4355\/revisions\/5259"}],"wp:attachment":[{"href":"https:\/\/bert-daiber.de\/it\/wp-json\/wp\/v2\/media?parent=4355"}],"curies":[{"name":"wp","href":"https:\/\/api.w.org\/{rel}","templated":true}]}}