{"id":4488,"date":"2022-06-26T07:50:20","date_gmt":"2022-06-26T07:50:20","guid":{"rendered":"https:\/\/bert-daiber.de\/proprieta\/"},"modified":"2022-06-26T07:57:02","modified_gmt":"2022-06-26T07:57:02","slug":"beni-immobili","status":"publish","type":"page","link":"https:\/\/bert-daiber.de\/it\/beni-immobili\/","title":{"rendered":"Beni immobili"},"content":{"rendered":"<div id=\"cs-content\" class=\"cs-content\"><\/div>\n","protected":false},"excerpt":{"rendered":"<p>Beni immobiliIl tuo settore in buone mani Uno sguardo a 360 gradi: Pi\u00f9 servizi in uno:Il settore immobiliare \u00e8 un&#8217;industria che richiede molte conoscenze specialistiche. La redditivit\u00e0, le decisioni d&#8217;investimento e le azioni conformi alla legge dipendono in larga misura dal significato dei dati che vi stanno alla base. In qualit\u00e0 di studio di consulenza fiscale, ci siamo specializzati nelle &#8230; <\/p>\n<div><a href=\"https:\/\/bert-daiber.de\/it\/beni-immobili\/\" class=\"more-link\">Read More<\/a><\/div>\n","protected":false},"author":1,"featured_media":0,"parent":0,"menu_order":0,"comment_status":"closed","ping_status":"closed","template":"template-blank-4.php","meta":{"rs_blank_template":"","rs_page_bg_color":"","slide_template_v7":"","footnotes":""},"class_list":["post-4488","page","type-page","status-publish","hentry","no-post-thumbnail"],"yoast_head":"<!-- This site is optimized with the Yoast SEO plugin v27.3 - https:\/\/yoast.com\/product\/yoast-seo-wordpress\/ -->\n<title>Beni immobili - Bert &amp; Daiber Steuerberater in Darmstadt<\/title>\n<meta name=\"robots\" content=\"index, follow, max-snippet:-1, max-image-preview:large, max-video-preview:-1\" \/>\n<link rel=\"canonical\" href=\"https:\/\/bert-daiber.de\/it\/beni-immobili\/\" \/>\n<meta property=\"og:locale\" content=\"it_IT\" \/>\n<meta property=\"og:type\" content=\"article\" \/>\n<meta property=\"og:title\" content=\"Beni immobili - Bert &amp; Daiber Steuerberater in Darmstadt\" \/>\n<meta property=\"og:description\" content=\"Beni immobiliIl tuo settore in buone mani Uno sguardo a 360 gradi: Pi\u00f9 servizi in uno:Il settore immobiliare \u00e8 un&#039;industria che richiede molte conoscenze specialistiche. La redditivit\u00e0, le decisioni d&#039;investimento e le azioni conformi alla legge dipendono in larga misura dal significato dei dati che vi stanno alla base. In qualit\u00e0 di studio di consulenza fiscale, ci siamo specializzati nelle ... Read More\" \/>\n<meta property=\"og:url\" content=\"https:\/\/bert-daiber.de\/it\/beni-immobili\/\" \/>\n<meta property=\"og:site_name\" content=\"Bert &amp; Daiber Steuerberater in Darmstadt\" \/>\n<meta property=\"article:modified_time\" content=\"2022-06-26T07:57:02+00:00\" \/>\n<meta property=\"og:image\" content=\"https:\/\/bert-daiber.de\/wp-content\/uploads\/2021\/06\/schlussrechnungspruefung.jpg\" \/>\n\t<meta property=\"og:image:width\" content=\"1920\" \/>\n\t<meta property=\"og:image:height\" content=\"830\" \/>\n\t<meta property=\"og:image:type\" content=\"image\/jpeg\" \/>\n<meta name=\"twitter:card\" content=\"summary_large_image\" \/>\n<meta name=\"twitter:label1\" content=\"Tempo di lettura stimato\" \/>\n\t<meta name=\"twitter:data1\" content=\"4 minuti\" \/>\n<script type=\"application\/ld+json\" class=\"yoast-schema-graph\">{\"@context\":\"https:\\\/\\\/schema.org\",\"@graph\":[{\"@type\":\"WebPage\",\"@id\":\"https:\\\/\\\/bert-daiber.de\\\/it\\\/beni-immobili\\\/\",\"url\":\"https:\\\/\\\/bert-daiber.de\\\/it\\\/beni-immobili\\\/\",\"name\":\"Beni immobili - Bert &amp; Daiber Steuerberater in Darmstadt\",\"isPartOf\":{\"@id\":\"https:\\\/\\\/bert-daiber.de\\\/#website\"},\"datePublished\":\"2022-06-26T07:50:20+00:00\",\"dateModified\":\"2022-06-26T07:57:02+00:00\",\"breadcrumb\":{\"@id\":\"https:\\\/\\\/bert-daiber.de\\\/it\\\/beni-immobili\\\/#breadcrumb\"},\"inLanguage\":\"it-IT\",\"potentialAction\":[{\"@type\":\"ReadAction\",\"target\":[\"https:\\\/\\\/bert-daiber.de\\\/it\\\/beni-immobili\\\/\"]}]},{\"@type\":\"BreadcrumbList\",\"@id\":\"https:\\\/\\\/bert-daiber.de\\\/it\\\/beni-immobili\\\/#breadcrumb\",\"itemListElement\":[{\"@type\":\"ListItem\",\"position\":1,\"name\":\"Home Bert &amp; Daiber Steuerberater Darmstadt\",\"item\":\"https:\\\/\\\/bert-daiber.de\\\/it\\\/\"},{\"@type\":\"ListItem\",\"position\":2,\"name\":\"Beni immobili\"}]},{\"@type\":\"WebSite\",\"@id\":\"https:\\\/\\\/bert-daiber.de\\\/#website\",\"url\":\"https:\\\/\\\/bert-daiber.de\\\/\",\"name\":\"Bert & Daiber Steuerberater in Darmstadt\",\"description\":\"Steuerberatung in Darmstadt Bert &amp; Daiber\",\"publisher\":{\"@id\":\"https:\\\/\\\/bert-daiber.de\\\/#organization\"},\"alternateName\":\"Bert & Daiber Steuerberatung in Darmstadt\",\"potentialAction\":[{\"@type\":\"SearchAction\",\"target\":{\"@type\":\"EntryPoint\",\"urlTemplate\":\"https:\\\/\\\/bert-daiber.de\\\/?s={search_term_string}\"},\"query-input\":{\"@type\":\"PropertyValueSpecification\",\"valueRequired\":true,\"valueName\":\"search_term_string\"}}],\"inLanguage\":\"it-IT\"},{\"@type\":\"Organization\",\"@id\":\"https:\\\/\\\/bert-daiber.de\\\/#organization\",\"name\":\"Bert & Daiber Steuerberater in Darmstadt\",\"alternateName\":\"Bert & Daiber Steuerberatung\",\"url\":\"https:\\\/\\\/bert-daiber.de\\\/\",\"logo\":{\"@type\":\"ImageObject\",\"inLanguage\":\"it-IT\",\"@id\":\"https:\\\/\\\/bert-daiber.de\\\/#\\\/schema\\\/logo\\\/image\\\/\",\"url\":\"https:\\\/\\\/bert-daiber.de\\\/wp-content\\\/uploads\\\/2020\\\/06\\\/cropped-favicon.png\",\"contentUrl\":\"https:\\\/\\\/bert-daiber.de\\\/wp-content\\\/uploads\\\/2020\\\/06\\\/cropped-favicon.png\",\"width\":512,\"height\":512,\"caption\":\"Bert & Daiber Steuerberater in Darmstadt\"},\"image\":{\"@id\":\"https:\\\/\\\/bert-daiber.de\\\/#\\\/schema\\\/logo\\\/image\\\/\"}}]}<\/script>\n<!-- \/ Yoast SEO plugin. -->","yoast_head_json":{"title":"Beni immobili - Bert &amp; Daiber Steuerberater in Darmstadt","robots":{"index":"index","follow":"follow","max-snippet":"max-snippet:-1","max-image-preview":"max-image-preview:large","max-video-preview":"max-video-preview:-1"},"canonical":"https:\/\/bert-daiber.de\/it\/beni-immobili\/","og_locale":"it_IT","og_type":"article","og_title":"Beni immobili - Bert &amp; Daiber Steuerberater in Darmstadt","og_description":"Beni immobiliIl tuo settore in buone mani Uno sguardo a 360 gradi: Pi\u00f9 servizi in uno:Il settore immobiliare \u00e8 un'industria che richiede molte conoscenze specialistiche. La redditivit\u00e0, le decisioni d'investimento e le azioni conformi alla legge dipendono in larga misura dal significato dei dati che vi stanno alla base. In qualit\u00e0 di studio di consulenza fiscale, ci siamo specializzati nelle ... Read More","og_url":"https:\/\/bert-daiber.de\/it\/beni-immobili\/","og_site_name":"Bert &amp; Daiber Steuerberater in Darmstadt","article_modified_time":"2022-06-26T07:57:02+00:00","og_image":[{"width":1920,"height":830,"url":"https:\/\/bert-daiber.de\/wp-content\/uploads\/2021\/06\/schlussrechnungspruefung.jpg","type":"image\/jpeg"}],"twitter_card":"summary_large_image","twitter_misc":{"Tempo di lettura stimato":"4 minuti"},"schema":{"@context":"https:\/\/schema.org","@graph":[{"@type":"WebPage","@id":"https:\/\/bert-daiber.de\/it\/beni-immobili\/","url":"https:\/\/bert-daiber.de\/it\/beni-immobili\/","name":"Beni immobili - Bert &amp; Daiber Steuerberater in Darmstadt","isPartOf":{"@id":"https:\/\/bert-daiber.de\/#website"},"datePublished":"2022-06-26T07:50:20+00:00","dateModified":"2022-06-26T07:57:02+00:00","breadcrumb":{"@id":"https:\/\/bert-daiber.de\/it\/beni-immobili\/#breadcrumb"},"inLanguage":"it-IT","potentialAction":[{"@type":"ReadAction","target":["https:\/\/bert-daiber.de\/it\/beni-immobili\/"]}]},{"@type":"BreadcrumbList","@id":"https:\/\/bert-daiber.de\/it\/beni-immobili\/#breadcrumb","itemListElement":[{"@type":"ListItem","position":1,"name":"Home Bert &amp; Daiber Steuerberater Darmstadt","item":"https:\/\/bert-daiber.de\/it\/"},{"@type":"ListItem","position":2,"name":"Beni immobili"}]},{"@type":"WebSite","@id":"https:\/\/bert-daiber.de\/#website","url":"https:\/\/bert-daiber.de\/","name":"Bert & Daiber Steuerberater in Darmstadt","description":"Steuerberatung in Darmstadt Bert &amp; Daiber","publisher":{"@id":"https:\/\/bert-daiber.de\/#organization"},"alternateName":"Bert & Daiber Steuerberatung in Darmstadt","potentialAction":[{"@type":"SearchAction","target":{"@type":"EntryPoint","urlTemplate":"https:\/\/bert-daiber.de\/?s={search_term_string}"},"query-input":{"@type":"PropertyValueSpecification","valueRequired":true,"valueName":"search_term_string"}}],"inLanguage":"it-IT"},{"@type":"Organization","@id":"https:\/\/bert-daiber.de\/#organization","name":"Bert & Daiber Steuerberater in Darmstadt","alternateName":"Bert & Daiber Steuerberatung","url":"https:\/\/bert-daiber.de\/","logo":{"@type":"ImageObject","inLanguage":"it-IT","@id":"https:\/\/bert-daiber.de\/#\/schema\/logo\/image\/","url":"https:\/\/bert-daiber.de\/wp-content\/uploads\/2020\/06\/cropped-favicon.png","contentUrl":"https:\/\/bert-daiber.de\/wp-content\/uploads\/2020\/06\/cropped-favicon.png","width":512,"height":512,"caption":"Bert & Daiber Steuerberater in Darmstadt"},"image":{"@id":"https:\/\/bert-daiber.de\/#\/schema\/logo\/image\/"}}]}},"_links":{"self":[{"href":"https:\/\/bert-daiber.de\/it\/wp-json\/wp\/v2\/pages\/4488","targetHints":{"allow":["GET"]}}],"collection":[{"href":"https:\/\/bert-daiber.de\/it\/wp-json\/wp\/v2\/pages"}],"about":[{"href":"https:\/\/bert-daiber.de\/it\/wp-json\/wp\/v2\/types\/page"}],"author":[{"embeddable":true,"href":"https:\/\/bert-daiber.de\/it\/wp-json\/wp\/v2\/users\/1"}],"replies":[{"embeddable":true,"href":"https:\/\/bert-daiber.de\/it\/wp-json\/wp\/v2\/comments?post=4488"}],"version-history":[{"count":14,"href":"https:\/\/bert-daiber.de\/it\/wp-json\/wp\/v2\/pages\/4488\/revisions"}],"predecessor-version":[{"id":4502,"href":"https:\/\/bert-daiber.de\/it\/wp-json\/wp\/v2\/pages\/4488\/revisions\/4502"}],"wp:attachment":[{"href":"https:\/\/bert-daiber.de\/it\/wp-json\/wp\/v2\/media?parent=4488"}],"curies":[{"name":"wp","href":"https:\/\/api.w.org\/{rel}","templated":true}]}}