{"id":4545,"date":"2022-06-26T08:19:36","date_gmt":"2022-06-26T08:19:36","guid":{"rendered":"https:\/\/bert-daiber.de\/studio-legale-digitale\/ufficio-digitale-datev\/"},"modified":"2026-02-09T16:09:14","modified_gmt":"2026-02-09T16:09:14","slug":"studio-commercialista-digitale-datev","status":"publish","type":"page","link":"https:\/\/bert-daiber.de\/it\/studio-digitale\/studio-commercialista-digitale-datev\/","title":{"rendered":"STUDIO COMMERCIALISTA DIGITALE DATEV"},"content":{"rendered":"<div id=\"cs-content\" class=\"cs-content\"><div class=\"x-section e4545-e1 m3i9-0 m3i9-1 m3i9-2 m3i9-3 m3i9-4\"><div class=\"x-bg\" aria-hidden=\"true\"><div class=\"x-bg-layer-lower-image\" data-x-element-bg-layer=\"{&quot;parallaxSize&quot;:&quot;150%&quot;,&quot;parallaxDir&quot;:&quot;v&quot;,&quot;parallaxRev&quot;:false}\"><\/div><\/div><div class=\"x-row e4545-e2 m3i9-9 m3i9-a m3i9-c\"><div class=\"x-row-inner\"><div class=\"x-col e4545-e3 m3i9-g\"><hr  class=\"x-gap\" style=\"margin: 20vw 0 0 0;\"><\/div><\/div><\/div><\/div><div class=\"x-section e4545-e5 m3i9-0 m3i9-1 m3i9-5 m3i9-6\"><div class=\"x-container max width e4545-e6 m3i9-i\"><div class=\"x-column x-sm x-1-1 e4545-e7 m3i9-k\"><h1  class=\"h-custom-headline h1\" style=\"color: #ab0530;\"><span>SIAMO UNO STUDIO COMMERCIALISTA DIGITALE DATEV <\/span><\/h1><div class=\"x-text x-text-headline e4545-e9 m3i9-l\"><div class=\"x-text-content\"><div class=\"x-text-content-text\"><h2 class=\"x-text-content-text-primary\">Il vostro consulente fiscale digitale<\/h2>\n<\/div><\/div><\/div><\/div><\/div><\/div><div class=\"x-section e4545-e10 m3i9-0 m3i9-1 m3i9-2 m3i9-4 m3i9-6 m3i9-7\"><div class=\"x-bg\" aria-hidden=\"true\"><div class=\"x-bg-layer-lower-image\"><\/div><\/div><div class=\"x-container max width e4545-e11 m3i9-i m3i9-j\"><div class=\"x-column x-sm x-1-1 e4545-e12 m3i9-k\"><div id=\"\" class=\"x-text\" style=\"\" ><p>Anche nel 2026, Bert &amp; Daiber si conferma uno dei migliori studi commercialisti digitali in Germania. Siamo molto orgogliosi di essere stati premiati anche quest'anno come studio commercialista digitale<\/p>\n<p>DATEV eG assegna il marchio agli studi che si distinguono per la loro costante collaborazione digitale con i clienti. Sulla base di criteri definiti, la societ\u00e0 utilizza un software per verificare il grado di digitalizzazione nei settori della contabilit\u00e0, delle tasse e dei salari. Questi criteri cambiano ogni anno, per cui gli studi devono sempre ripetere questo processo. Il marchio di Studio DATEV Digitale garantisce quindi che anche gli studi legali corrispondenti sono aggiornati sul tema della digitalizzazione.<\/p>\n<\/div><\/div><\/div><div class=\"x-row x-container max width e4545-e14 m3i9-9 m3i9-b m3i9-d m3i9-e\"><div class=\"x-row-inner\"><div class=\"x-col e4545-e15 m3i9-g\"><div id=\"\" class=\"x-text\" style=\"\" ><div class=\"x-text e2065-12 m1ld-12\"><a href=\"https:\/\/www.smartexperts.de\/suche\/searchdetail\/partnerschaftsgesellschaft-mbb-bert-daiber\/1272405?from=portal\" rel=\"noopener\" target=\"_blank\"><img loading=\"lazy\" decoding=\"async\" src=\"https:\/\/bert-daiber.de\/wp-content\/uploads\/2026\/02\/datev-digi-2026_120.png\" alt=\"Datev-Zertifikat Digitale Kanzlei 2026 - Bert &amp; Daiber - Steuerberater &amp; Wirtschaftspr\u00fcfer in Darmstadt 120\" width=\"120\" height=\"120\" class=\"alignnone wp-image-5295 size-full\" srcset=\"https:\/\/bert-daiber.de\/wp-content\/uploads\/2026\/02\/datev-digi-2026_120.png 120w, https:\/\/bert-daiber.de\/wp-content\/uploads\/2026\/02\/datev-digi-2026_120-100x100.png 100w\" sizes=\"auto, (max-width: 120px) 100vw, 120px\" \/><\/a><a href=\"https:\/\/www.smartexperts.de\/suche\/searchdetail\/partnerschaftsgesellschaft-mbb-bert-daiber\/1272405?from=portal\" target=\"_blank\" rel=\"noopener\"><img loading=\"lazy\" decoding=\"async\" src=\"https:\/\/bert-daiber.de\/wp-content\/uploads\/2025\/02\/datev-digi-2025_120.png\" alt=\"Datev-Zertifikat Digitale Kanzlei 2025 - Bert &amp; Daiber - Steuerberater &amp; Wirtschaftspr\u00fcfer in Darmstadt 120\" width=\"120\" height=\"120\" class=\"alignnone size-full wp-image-5240\" srcset=\"https:\/\/bert-daiber.de\/wp-content\/uploads\/2025\/02\/datev-digi-2025_120.png 120w, https:\/\/bert-daiber.de\/wp-content\/uploads\/2025\/02\/datev-digi-2025_120-100x100.png 100w\" sizes=\"auto, (max-width: 120px) 100vw, 120px\" \/> <\/a><a href=\"https:\/\/www.smartexperts.de\/suche\/searchdetail\/partnerschaftsgesellschaft-mbb-bert-daiber\/1272405?from=portal\" target=\"_blank\" rel=\"noopener\"><img loading=\"lazy\" decoding=\"async\" src=\"https:\/\/bert-daiber.de\/wp-content\/uploads\/2024\/03\/datev-digi-2024.png\" alt=\"Datev-Zertifikat Digitale Kanzlei 2024 - Bert &amp; Daiber - Steuerberater &amp; Wirtschaftspr\u00fcfer in Darmstadt\" width=\"120\" height=\"120\" class=\"alignnone wp-image-5125 size-full\" srcset=\"https:\/\/bert-daiber.de\/wp-content\/uploads\/2024\/03\/datev-digi-2024.png 120w, https:\/\/bert-daiber.de\/wp-content\/uploads\/2024\/03\/datev-digi-2024-100x100.png 100w\" sizes=\"auto, (max-width: 120px) 100vw, 120px\" \/><\/a><a href=\"https:\/\/www.smartexperts.de\/suche\/searchdetail\/partnerschaftsgesellschaft-mbb-bert-daiber\/1272405?from=portal\" rel=\"noopener\" target=\"_blank\"><img loading=\"lazy\" decoding=\"async\" src=\"https:\/\/bert-daiber.de\/wp-content\/uploads\/2023\/01\/datev-digi-2023_120.png\" alt=\"Datev-Zertifikat Digitale Kanzlei 2023 - Bert &amp; Daiber - Steuerberater &amp; Wirtschaftspr\u00fcfer in Darmstadt\" width=\"120\" height=\"120\" class=\"alignnone size-full wp-image-4801\" srcset=\"https:\/\/bert-daiber.de\/wp-content\/uploads\/2023\/01\/datev-digi-2023_120.png 120w, https:\/\/bert-daiber.de\/wp-content\/uploads\/2023\/01\/datev-digi-2023_120-100x100.png 100w\" sizes=\"auto, (max-width: 120px) 100vw, 120px\" \/><img decoding=\"async\" loading=\"lazy\" class=\"alignnone wp-image-2063\" src=\"https:\/\/bert-daiber.de\/wp-content\/uploads\/2022\/03\/datev-digi-2022.png\" alt=\"\" width=\"120\" height=\"120\" \/><\/a><a href=\"https:\/\/www.smartexperts.de\/suche\/searchdetail\/partnerschaftsgesellschaft-mbb-bert-daiber\/1272405?from=portal\" target=\"_blank\" rel=\"noopener\"><img decoding=\"async\" loading=\"lazy\" class=\"alignnone wp-image-2063\" src=\"https:\/\/bert-daiber.de\/wp-content\/uploads\/2021\/11\/datev-digi-2021.png\" alt=\"\" width=\"120\" \/><\/a><a href=\"https:\/\/www.smartexperts.de\/suche\/searchdetail\/partnerschaftsgesellschaft-mbb-bert-daiber\/1272405?from=portal\" target=\"_blank\" rel=\"noopener\"><img decoding=\"async\" loading=\"lazy\" class=\"alignnone wp-image-2063\" src=\"https:\/\/bert-daiber.de\/wp-content\/uploads\/2021\/11\/datev-digi-2020.png\" alt=\"\" width=\"120\" height=\"120\" \/><\/a><a href=\"https:\/\/www.smartexperts.de\/suche\/searchdetail\/partnerschaftsgesellschaft-mbb-bert-daiber\/1272405\" rel=\"noopener\" target=\"_blank\"><img decoding=\"async\" class=\"smartexpert-image\" src=\"https:\/\/bert-daiber.de\/wp-content\/uploads\/2022\/01\/Mini-Label_DATEV_SmartExperts_RGB.jpg\" alt=\"\" width=\"230\" border=\"\" \/><\/a><\/div>\n<\/div><\/div><\/div><\/div><\/div><div class=\"x-section e4545-e17 m3i9-1 m3i9-2 m3i9-6 m3i9-8\"><div class=\"x-container max width e4545-e18 m3i9-i\"><div class=\"x-column x-sm x-1-1 e4545-e19 m3i9-k\"><h2  class=\"h-custom-headline man h3\" style=\"color: #ab0530;\"><span>Approfittate dei vantaggi:<\/span><\/h2><hr  class=\"x-gap\" style=\"margin: 20px 0 0 0;\"><ul id=\"\" class=\"x-ul-icons\" style=\"\" ><li id=\"\" class=\"x-li-icon\" style=\"\" ><i class=\"x-icon-check\" aria-hidden=\"true\" style=\"color: #ab0530;\" data-x-icon-s=\"&#xf00c;\" ><\/i>Collaborazione digitale costante, che riduce i compiti amministrativi nella vostra azienda.<\/li><li id=\"\" class=\"x-li-icon\" style=\"\" ><i class=\"x-icon-check\" aria-hidden=\"true\" style=\"color: #ab0530;\" data-x-icon-s=\"&#xf00c;\" ><\/i>Gli errori generati manualmente non vengono considerati, Il che significa che i processi digitali presso i portafogli bancari hanno un impatto positivo sulla liquidit\u00e0 della vostra azienda.<\/li><li id=\"\" class=\"x-li-icon\" style=\"\" ><i class=\"x-icon-check\" aria-hidden=\"true\" style=\"color: #ab0530;\" data-x-icon-s=\"&#xf00c;\" ><\/i>Assistenza nella conversione ai processi digitali,  in quanto lo studio legale \u00e8 gi\u00e0 professionalmente digitalizzato e pu\u00f2 aiutare in modo competente.<\/li><li id=\"\" class=\"x-li-icon\" style=\"\" ><i class=\"x-icon-check\" aria-hidden=\"true\" style=\"color: #ab0530;\" data-x-icon-s=\"&#xf00c;\" ><\/i>Registrazione e amministrazione elettronica dei dati salariali, \u00c8 anche possibile tenere un fascicolo personale completamente digitale.<\/li><li id=\"\" class=\"x-li-icon\" style=\"\" ><i class=\"x-icon-check\" aria-hidden=\"true\" style=\"color: #ab0530;\" data-x-icon-s=\"&#xf00c;\" ><\/i>Aumento dell'uso di soluzioni digitali per le fatture, che vengono lette nel sistema di contabilit\u00e0 finanziaria in modo digitale, diretto e senza interruzioni manuali.<\/li><li id=\"\" class=\"x-li-icon\" style=\"\" ><i class=\"x-icon-check\" aria-hidden=\"true\" style=\"color: #ab0530;\" data-x-icon-s=\"&#xf00c;\" ><\/i>Uso coerente delle interfacce A partire da sistemi esterni o sistemi di pre-registrazione.<\/li><\/ul><hr  class=\"x-gap\" style=\"margin: 30px 0 0 0;\"><div id=\"\" class=\"x-text\" style=\"\" ><div id=\"mym-insert-here-110174\"><\/div>\n<p><script src=\"https:\/\/www.datev-mymarketing.de\/onlineMedia\/code.js?ids=110174\"><\/script><\/p>\n<\/div><\/div><\/div><div class=\"x-row x-container max width e4545-e31 m3i9-9 m3i9-b m3i9-d m3i9-f\"><div class=\"x-row-inner\"><div class=\"x-col e4545-e32 m3i9-g m3i9-h\"><hr  class=\"x-gap\" style=\"margin: 30px 0 0 0;\"><a  class=\"x-btn x-btn-global\"  href=\"\/it\/contatto\"     data-options=\"thumbnail: ''\">Mettetevi in contatto con noi<\/a><hr  class=\"x-gap\" style=\"margin: 40px 0 0 0;\"><\/div><\/div><\/div><\/div><\/div>\n","protected":false},"excerpt":{"rendered":"<p>SIAMO UNO STUDIO COMMERCIALISTA DIGITALE DATEV Il vostro consulente fiscale digitale Anche nel 2026, Bert &amp; Daiber si conferma uno dei migliori studi commercialisti digitali in Germania. Siamo molto orgogliosi di essere stati premiati anche quest&#8217;anno come studio commercialista digitale DATEV eG assegna il marchio agli studi che si distinguono per la loro costante collaborazione digitale con i clienti. Sulla &#8230; <\/p>\n<div><a href=\"https:\/\/bert-daiber.de\/it\/studio-digitale\/studio-commercialista-digitale-datev\/\" class=\"more-link\">Read More<\/a><\/div>\n","protected":false},"author":9,"featured_media":0,"parent":4535,"menu_order":0,"comment_status":"closed","ping_status":"closed","template":"template-blank-4.php","meta":{"rs_blank_template":"","rs_page_bg_color":"","slide_template_v7":"","footnotes":""},"class_list":["post-4545","page","type-page","status-publish","hentry","no-post-thumbnail"],"yoast_head":"<!-- This site is optimized with the Yoast SEO plugin v27.3 - https:\/\/yoast.com\/product\/yoast-seo-wordpress\/ -->\n<title>STUDIO COMMERCIALISTA DIGITALE DATEV - Bert &amp; Daiber Steuerberater in Darmstadt<\/title>\n<meta name=\"robots\" content=\"index, follow, max-snippet:-1, max-image-preview:large, max-video-preview:-1\" \/>\n<link rel=\"canonical\" href=\"https:\/\/bert-daiber.de\/it\/studio-digitale\/studio-commercialista-digitale-datev\/\" \/>\n<meta property=\"og:locale\" content=\"it_IT\" \/>\n<meta property=\"og:type\" content=\"article\" \/>\n<meta property=\"og:title\" content=\"STUDIO COMMERCIALISTA DIGITALE DATEV - Bert &amp; Daiber Steuerberater in Darmstadt\" \/>\n<meta property=\"og:description\" content=\"SIAMO UNO STUDIO COMMERCIALISTA DIGITALE DATEV Il vostro consulente fiscale digitale Anche nel 2026, Bert &amp; Daiber si conferma uno dei migliori studi commercialisti digitali in Germania. Siamo molto orgogliosi di essere stati premiati anche quest&#039;anno come studio commercialista digitale DATEV eG assegna il marchio agli studi che si distinguono per la loro costante collaborazione digitale con i clienti. Sulla ... Read More\" \/>\n<meta property=\"og:url\" content=\"https:\/\/bert-daiber.de\/it\/studio-digitale\/studio-commercialista-digitale-datev\/\" \/>\n<meta property=\"og:site_name\" content=\"Bert &amp; Daiber Steuerberater in Darmstadt\" \/>\n<meta property=\"article:modified_time\" content=\"2026-02-09T16:09:14+00:00\" \/>\n<meta property=\"og:image\" content=\"https:\/\/bert-daiber.de\/wp-content\/uploads\/2026\/02\/datev-digi-2026_120.png\" \/>\n\t<meta property=\"og:image:width\" content=\"120\" \/>\n\t<meta property=\"og:image:height\" content=\"120\" \/>\n\t<meta property=\"og:image:type\" content=\"image\/png\" \/>\n<meta name=\"twitter:card\" content=\"summary_large_image\" \/>\n<meta name=\"twitter:label1\" content=\"Tempo di lettura stimato\" \/>\n\t<meta name=\"twitter:data1\" content=\"4 minuti\" \/>\n<script type=\"application\/ld+json\" class=\"yoast-schema-graph\">{\"@context\":\"https:\\\/\\\/schema.org\",\"@graph\":[{\"@type\":\"WebPage\",\"@id\":\"https:\\\/\\\/bert-daiber.de\\\/it\\\/studio-digitale\\\/studio-commercialista-digitale-datev\\\/\",\"url\":\"https:\\\/\\\/bert-daiber.de\\\/it\\\/studio-digitale\\\/studio-commercialista-digitale-datev\\\/\",\"name\":\"STUDIO COMMERCIALISTA DIGITALE DATEV - Bert &amp; Daiber Steuerberater in Darmstadt\",\"isPartOf\":{\"@id\":\"https:\\\/\\\/bert-daiber.de\\\/#website\"},\"primaryImageOfPage\":{\"@id\":\"https:\\\/\\\/bert-daiber.de\\\/it\\\/studio-digitale\\\/studio-commercialista-digitale-datev\\\/#primaryimage\"},\"image\":{\"@id\":\"https:\\\/\\\/bert-daiber.de\\\/it\\\/studio-digitale\\\/studio-commercialista-digitale-datev\\\/#primaryimage\"},\"thumbnailUrl\":\"https:\\\/\\\/bert-daiber.de\\\/wp-content\\\/uploads\\\/2026\\\/02\\\/datev-digi-2026_120.png\",\"datePublished\":\"2022-06-26T08:19:36+00:00\",\"dateModified\":\"2026-02-09T16:09:14+00:00\",\"breadcrumb\":{\"@id\":\"https:\\\/\\\/bert-daiber.de\\\/it\\\/studio-digitale\\\/studio-commercialista-digitale-datev\\\/#breadcrumb\"},\"inLanguage\":\"it-IT\",\"potentialAction\":[{\"@type\":\"ReadAction\",\"target\":[\"https:\\\/\\\/bert-daiber.de\\\/it\\\/studio-digitale\\\/studio-commercialista-digitale-datev\\\/\"]}]},{\"@type\":\"ImageObject\",\"inLanguage\":\"it-IT\",\"@id\":\"https:\\\/\\\/bert-daiber.de\\\/it\\\/studio-digitale\\\/studio-commercialista-digitale-datev\\\/#primaryimage\",\"url\":\"https:\\\/\\\/bert-daiber.de\\\/wp-content\\\/uploads\\\/2026\\\/02\\\/datev-digi-2026_120.png\",\"contentUrl\":\"https:\\\/\\\/bert-daiber.de\\\/wp-content\\\/uploads\\\/2026\\\/02\\\/datev-digi-2026_120.png\"},{\"@type\":\"BreadcrumbList\",\"@id\":\"https:\\\/\\\/bert-daiber.de\\\/it\\\/studio-digitale\\\/studio-commercialista-digitale-datev\\\/#breadcrumb\",\"itemListElement\":[{\"@type\":\"ListItem\",\"position\":1,\"name\":\"Home Bert &amp; Daiber Steuerberater Darmstadt\",\"item\":\"https:\\\/\\\/bert-daiber.de\\\/it\\\/\"},{\"@type\":\"ListItem\",\"position\":2,\"name\":\"STUDIO DIGITALE\",\"item\":\"https:\\\/\\\/bert-daiber.de\\\/it\\\/studio-digitale\\\/\"},{\"@type\":\"ListItem\",\"position\":3,\"name\":\"STUDIO COMMERCIALISTA DIGITALE DATEV\"}]},{\"@type\":\"WebSite\",\"@id\":\"https:\\\/\\\/bert-daiber.de\\\/#website\",\"url\":\"https:\\\/\\\/bert-daiber.de\\\/\",\"name\":\"Bert & Daiber Steuerberater in Darmstadt\",\"description\":\"Steuerberatung in Darmstadt Bert &amp; Daiber\",\"publisher\":{\"@id\":\"https:\\\/\\\/bert-daiber.de\\\/#organization\"},\"alternateName\":\"Bert & Daiber Steuerberatung in Darmstadt\",\"potentialAction\":[{\"@type\":\"SearchAction\",\"target\":{\"@type\":\"EntryPoint\",\"urlTemplate\":\"https:\\\/\\\/bert-daiber.de\\\/?s={search_term_string}\"},\"query-input\":{\"@type\":\"PropertyValueSpecification\",\"valueRequired\":true,\"valueName\":\"search_term_string\"}}],\"inLanguage\":\"it-IT\"},{\"@type\":\"Organization\",\"@id\":\"https:\\\/\\\/bert-daiber.de\\\/#organization\",\"name\":\"Bert & Daiber Steuerberater in Darmstadt\",\"alternateName\":\"Bert & Daiber Steuerberatung\",\"url\":\"https:\\\/\\\/bert-daiber.de\\\/\",\"logo\":{\"@type\":\"ImageObject\",\"inLanguage\":\"it-IT\",\"@id\":\"https:\\\/\\\/bert-daiber.de\\\/#\\\/schema\\\/logo\\\/image\\\/\",\"url\":\"https:\\\/\\\/bert-daiber.de\\\/wp-content\\\/uploads\\\/2020\\\/06\\\/cropped-favicon.png\",\"contentUrl\":\"https:\\\/\\\/bert-daiber.de\\\/wp-content\\\/uploads\\\/2020\\\/06\\\/cropped-favicon.png\",\"width\":512,\"height\":512,\"caption\":\"Bert & Daiber Steuerberater in Darmstadt\"},\"image\":{\"@id\":\"https:\\\/\\\/bert-daiber.de\\\/#\\\/schema\\\/logo\\\/image\\\/\"}}]}<\/script>\n<!-- \/ Yoast SEO plugin. -->","yoast_head_json":{"title":"STUDIO COMMERCIALISTA DIGITALE DATEV - Bert &amp; Daiber Steuerberater in Darmstadt","robots":{"index":"index","follow":"follow","max-snippet":"max-snippet:-1","max-image-preview":"max-image-preview:large","max-video-preview":"max-video-preview:-1"},"canonical":"https:\/\/bert-daiber.de\/it\/studio-digitale\/studio-commercialista-digitale-datev\/","og_locale":"it_IT","og_type":"article","og_title":"STUDIO COMMERCIALISTA DIGITALE DATEV - Bert &amp; Daiber Steuerberater in Darmstadt","og_description":"SIAMO UNO STUDIO COMMERCIALISTA DIGITALE DATEV Il vostro consulente fiscale digitale Anche nel 2026, Bert &amp; Daiber si conferma uno dei migliori studi commercialisti digitali in Germania. Siamo molto orgogliosi di essere stati premiati anche quest'anno come studio commercialista digitale DATEV eG assegna il marchio agli studi che si distinguono per la loro costante collaborazione digitale con i clienti. Sulla ... Read More","og_url":"https:\/\/bert-daiber.de\/it\/studio-digitale\/studio-commercialista-digitale-datev\/","og_site_name":"Bert &amp; Daiber Steuerberater in Darmstadt","article_modified_time":"2026-02-09T16:09:14+00:00","og_image":[{"width":120,"height":120,"url":"https:\/\/bert-daiber.de\/wp-content\/uploads\/2026\/02\/datev-digi-2026_120.png","type":"image\/png"}],"twitter_card":"summary_large_image","twitter_misc":{"Tempo di lettura stimato":"4 minuti"},"schema":{"@context":"https:\/\/schema.org","@graph":[{"@type":"WebPage","@id":"https:\/\/bert-daiber.de\/it\/studio-digitale\/studio-commercialista-digitale-datev\/","url":"https:\/\/bert-daiber.de\/it\/studio-digitale\/studio-commercialista-digitale-datev\/","name":"STUDIO COMMERCIALISTA DIGITALE DATEV - Bert &amp; Daiber Steuerberater in Darmstadt","isPartOf":{"@id":"https:\/\/bert-daiber.de\/#website"},"primaryImageOfPage":{"@id":"https:\/\/bert-daiber.de\/it\/studio-digitale\/studio-commercialista-digitale-datev\/#primaryimage"},"image":{"@id":"https:\/\/bert-daiber.de\/it\/studio-digitale\/studio-commercialista-digitale-datev\/#primaryimage"},"thumbnailUrl":"https:\/\/bert-daiber.de\/wp-content\/uploads\/2026\/02\/datev-digi-2026_120.png","datePublished":"2022-06-26T08:19:36+00:00","dateModified":"2026-02-09T16:09:14+00:00","breadcrumb":{"@id":"https:\/\/bert-daiber.de\/it\/studio-digitale\/studio-commercialista-digitale-datev\/#breadcrumb"},"inLanguage":"it-IT","potentialAction":[{"@type":"ReadAction","target":["https:\/\/bert-daiber.de\/it\/studio-digitale\/studio-commercialista-digitale-datev\/"]}]},{"@type":"ImageObject","inLanguage":"it-IT","@id":"https:\/\/bert-daiber.de\/it\/studio-digitale\/studio-commercialista-digitale-datev\/#primaryimage","url":"https:\/\/bert-daiber.de\/wp-content\/uploads\/2026\/02\/datev-digi-2026_120.png","contentUrl":"https:\/\/bert-daiber.de\/wp-content\/uploads\/2026\/02\/datev-digi-2026_120.png"},{"@type":"BreadcrumbList","@id":"https:\/\/bert-daiber.de\/it\/studio-digitale\/studio-commercialista-digitale-datev\/#breadcrumb","itemListElement":[{"@type":"ListItem","position":1,"name":"Home Bert &amp; Daiber Steuerberater Darmstadt","item":"https:\/\/bert-daiber.de\/it\/"},{"@type":"ListItem","position":2,"name":"STUDIO DIGITALE","item":"https:\/\/bert-daiber.de\/it\/studio-digitale\/"},{"@type":"ListItem","position":3,"name":"STUDIO COMMERCIALISTA DIGITALE DATEV"}]},{"@type":"WebSite","@id":"https:\/\/bert-daiber.de\/#website","url":"https:\/\/bert-daiber.de\/","name":"Bert & Daiber Steuerberater in Darmstadt","description":"Steuerberatung in Darmstadt Bert &amp; Daiber","publisher":{"@id":"https:\/\/bert-daiber.de\/#organization"},"alternateName":"Bert & Daiber Steuerberatung in Darmstadt","potentialAction":[{"@type":"SearchAction","target":{"@type":"EntryPoint","urlTemplate":"https:\/\/bert-daiber.de\/?s={search_term_string}"},"query-input":{"@type":"PropertyValueSpecification","valueRequired":true,"valueName":"search_term_string"}}],"inLanguage":"it-IT"},{"@type":"Organization","@id":"https:\/\/bert-daiber.de\/#organization","name":"Bert & Daiber Steuerberater in Darmstadt","alternateName":"Bert & Daiber Steuerberatung","url":"https:\/\/bert-daiber.de\/","logo":{"@type":"ImageObject","inLanguage":"it-IT","@id":"https:\/\/bert-daiber.de\/#\/schema\/logo\/image\/","url":"https:\/\/bert-daiber.de\/wp-content\/uploads\/2020\/06\/cropped-favicon.png","contentUrl":"https:\/\/bert-daiber.de\/wp-content\/uploads\/2020\/06\/cropped-favicon.png","width":512,"height":512,"caption":"Bert & Daiber Steuerberater in Darmstadt"},"image":{"@id":"https:\/\/bert-daiber.de\/#\/schema\/logo\/image\/"}}]}},"_links":{"self":[{"href":"https:\/\/bert-daiber.de\/it\/wp-json\/wp\/v2\/pages\/4545","targetHints":{"allow":["GET"]}}],"collection":[{"href":"https:\/\/bert-daiber.de\/it\/wp-json\/wp\/v2\/pages"}],"about":[{"href":"https:\/\/bert-daiber.de\/it\/wp-json\/wp\/v2\/types\/page"}],"author":[{"embeddable":true,"href":"https:\/\/bert-daiber.de\/it\/wp-json\/wp\/v2\/users\/9"}],"replies":[{"embeddable":true,"href":"https:\/\/bert-daiber.de\/it\/wp-json\/wp\/v2\/comments?post=4545"}],"version-history":[{"count":16,"href":"https:\/\/bert-daiber.de\/it\/wp-json\/wp\/v2\/pages\/4545\/revisions"}],"predecessor-version":[{"id":5310,"href":"https:\/\/bert-daiber.de\/it\/wp-json\/wp\/v2\/pages\/4545\/revisions\/5310"}],"up":[{"embeddable":true,"href":"https:\/\/bert-daiber.de\/it\/wp-json\/wp\/v2\/pages\/4535"}],"wp:attachment":[{"href":"https:\/\/bert-daiber.de\/it\/wp-json\/wp\/v2\/media?parent=4545"}],"curies":[{"name":"wp","href":"https:\/\/api.w.org\/{rel}","templated":true}]}}