{"id":4665,"date":"2022-06-29T11:09:12","date_gmt":"2022-06-29T11:09:12","guid":{"rendered":"https:\/\/bert-daiber.de\/avviso-legale-e-protezione-dei-dati\/"},"modified":"2024-03-01T09:50:19","modified_gmt":"2024-03-01T09:50:19","slug":"avviso-legale-e-protezione-dei-dati","status":"publish","type":"page","link":"https:\/\/bert-daiber.de\/it\/avviso-legale-e-protezione-dei-dati\/","title":{"rendered":"Avviso legale e protezione dei dati"},"content":{"rendered":"<div id=\"cs-content\" class=\"cs-content\"><div class=\"x-section e4665-e1 m3ll-0 m3ll-1\"><div class=\"x-container max width e4665-e2 m3ll-3\"><div class=\"x-column x-sm x-1-1 e4665-e3 m3ll-4\"><h1  class=\"h-custom-headline man h1\" style=\"color: #ab0530;\"><span>Avviso legale e protezione dei dati<\/span><\/h1><\/div><\/div><\/div><div class=\"x-section e4665-e5 m3ll-1 m3ll-2\"><div class=\"x-container max width e4665-e6 m3ll-3\"><div class=\"x-column x-sm x-1-1 e4665-e7 m3ll-4\"><h2  class=\"h-custom-headline man h3\" style=\"color: #ab0530;\"><span>Dichiarazione di protezione dei dati<\/span><\/h2><hr  class=\"x-gap\" style=\"margin: 40px 0 0 0;\"><h2  class=\"h-custom-headline man h4\" style=\"color: #ab0530;\"><span>1. Protezione dei dati: una panoramica<\/span><\/h2><hr  class=\"x-gap\" style=\"margin: 40px 0 0 0;\"><div id=\"\" class=\"x-text\" style=\"\" ><p><strong>Informazioni generali<\/strong><br \/>\nLe seguenti indicazioni forniscono una semplice panoramica di ci\u00f2 che accade ai vostri dati personali quando visitate il nostro sito web. I dati personali sono tutti quei dati dai quali si pu\u00f2 essere identificati personalmente. Per informazioni dettagliate sul tema della protezione dei dati, si prega di fare riferimento alla nostra dichiarazione sulla privacy elencata sotto questo testo.<\/p>\n<p><strong>Raccolta di dati sul nostro sito web<\/strong><br \/>\n<strong>Chi \u00e8 responsabile della raccolta dei dati su questo sito?<\/strong><\/p>\n<p>Il trattamento dei dati su questo sito web \u00e8 effettuato dall'operatore del sito web. Potete trovare i suoi dati di contatto nelle informazioni legali di questo sito web.<\/strong><\/p>\n<p><strong>Come raccogliamo i vostri dati?<\/strong><\/p>\n<p>Da un lato, i vostri dati sono raccolti da voi che ce li fornite, i quali possono essere, per esempio, i dati che inserite in un modulo di contatto.<\/p>\n<p>Dall\u2019altro, alcuni vengono raccolti automaticamente dai nostri sistemi informatici quando si visita il sito web. Si tratta principalmente di dati tecnici (ad esempio il browser internet, il sistema operativo o il tempo di visualizzazione della pagina). Questi dati vengono raccolti automaticamente non appena si entra nel nostro sito web.<\/p>\n<p><strong>Per cosa usiamo i vostri dati?<\/strong><\/p>\n<p>Una parte di questi viene raccolta per garantire la fornitura senza errori dei servizi del sito web, mentre altri possono essere utilizzati per analizzare il comportamento degli utenti.<\/p>\n<p><strong>Quali diritti avete riguardo ai vostri dati?<\/strong><br \/>\nAvete il diritto di ricevere gratuitamente e in qualsiasi momento informazioni sull'origine, il destinatario e lo scopo dei vostri dati personali memorizzati. Inoltre, godete anche del diritto di chiedere la correzione, il blocco o la cancellazione di questi dati. Potete contattarci in qualsiasi momento all'indirizzo indicato nelle informazioni legali qualora aveste ulteriori domande sul tema della protezione dei dati. In aggiunta, avete il diritto di presentare un reclamo all'autorit\u00e0 di vigilanza competente.<\/p>\n<p><strong>Strumenti di analisi e strumenti di terze parti<\/strong><br \/>\nQuando visitate il nostro sito, il vostro modo di navigare pu\u00f2 essere valutato statisticamente. Questo viene fatto principalmente con i cookie e con i cosiddetti programmi di analisi. L'analisi del vostro comportamento di navigazione \u00e8 di solito anonima e il comportamento tenuto in rete non pu\u00f2 essere ricondotto a voi. Potete opporvi a questa analisi o impedirla non utilizzando certi strumenti. Troverete informazioni pi\u00f9 dettagliate nella seguente informativa sulla privacy.<\/p>\n<p>Potete opporvi a questa analisi. Vi informeremo sulle opzioni di opposizione in questa informativa sulla privacy.<\/p>\n<\/div><h2  class=\"h-custom-headline h4\" style=\"color: #ab0530;\"><span>2. Informazioni generali e obbligatorie<\/span><\/h2><hr  class=\"x-gap\" style=\"margin: 40px 0 0 0;\"><div id=\"\" class=\"x-text\" style=\"\" ><p><strong>Protezione dei dati<\/strong><br \/>\nGli operatori di queste pagine prendono molto sul serio la protezione dei vostri dati personali. Trattiamo i vostri dati personali in modo confidenziale e in conformit\u00e0 con le norme di legge sulla protezione dei dati e questa informativa sulla privacy.<\/p>\n<p>Quando utilizzate questo sito web vengono raccolti vari dati personali. I dati personali sono dati con i quali si pu\u00f2 essere identificati personalmente. Questa informativa sulla privacy spiega quali dati raccogliamo e per cosa li usiamo; viene inoltre chiarito come e per quale scopo questo viene fatto.<\/p>\n<p>Vorremmo sottolineare che la trasmissione di dati su Internet (ad esempio la comunicazione via e-mail) pu\u00f2 avere delle lacune di sicurezza. Una protezione completa dei dati contro l'accesso di terzi non \u00e8 dunque possibile.\n<\/p>\n<p><strong>Nota sull'organismo responsabile<\/strong><br \/>\nIl responsabile del trattamento dei dati per questo sito web \u00e8:<\/p>\n<p>Bert &amp; Daiber Partnerschaftsgesellschaft mbB<br \/>\nSociet\u00e0 di revisione contabile Societ\u00e0 di consulenza fiscale<\/p>\n<p>Wilhelminenstra\u00dfe 30<br \/>\n64285 Darmstadt<\/p>\n<p>Telefono:  06151-277 66 - 00<br \/>\nE-mail: <a href=\"mailto:info@bert-daiber.de\">info@bert-daiber.de<\/a><\/p>\n<p>Il responsabile del trattamento \u00e8 la persona fisica o giuridica che da sola o insieme ad altri determina gli scopi e i mezzi del trattamento dei dati personali (ad esempio nomi, indirizzi e-mail o simili).<\/p>\n<p><strong>Revoca del consenso al trattamento dei dati<\/strong><br \/>\nMolte operazioni di trattamento dei dati sono possibili solo con il vostro consenso esplicito. Potrete revocare il vostro consenso in qualsiasi momento; tutto quello che dovete fare \u00e8 inviarci un messaggio informale via e-mail. La legalit\u00e0 del trattamento dei dati effettuato fino alla revoca non viene alterata da quest\u2019ultima.<\/p>\n<p><strong>Diritto di ricorso all'autorit\u00e0 di vigilanza competente<\/strong><br \/>\nIn caso di violazione della legge sulla protezione dei dati, la persona interessata ha il diritto di ricorrere all'autorit\u00e0 di vigilanza competente. L'autorit\u00e0 di vigilanza competente in materia di legge sulla protezione dei dati \u00e8 il delegato statale per la protezione dei dati dello stato federato in cui ha sede la nostra azienda. Un elenco dei delegati per la protezione dei dati e dei loro dettagli di contatto pu\u00f2 essere trovato al seguente link:  https:\/\/www.bfdi.bund.de\/DE\/Infothek\/Anschriften_Links\/anschriften_links-node.html.<\/p>\n<p><strong>Diritto alla trasferibilit\u00e0 dei dati<\/strong><br \/>\nAvete diritto a far s\u00ec che i dati che trattiamo automaticamente sulla base del vostro consenso o nell'esecuzione di un contratto siano consegnati, a voi o a terzi, in un formato comune e leggibile elettronicamente. Se si richiede il trasferimento diretto dei dati a un altro responsabile, questo sar\u00e0 fatto solo nella misura in cui \u00e8 tecnicamente possibile.<\/p>\n<p><strong>Crittografia SSL o TLS<\/strong><br \/>\nQuesto sito utilizza la crittografia SSL o TLS per ragioni di sicurezza e per proteggere la trasmissione di contenuti confidenziali, come gli ordini o le richieste che ci inoltrate come operatori del sito. Potete riconoscere una connessione criptata dal fatto che l'indirizzo del browser cambia da \"http:\/\/\" a \"https:\/\/\" e dal simbolo del lucchetto nella linea del browser.<\/p>\n<p>Se la crittografia SSL o TLS \u00e8 attivata, i dati che ci trasmettete non possono essere letti da terzi.<\/p>\n<p><strong>Informazione, blocco, cancellazione<\/strong><br \/>\nNell'ambito delle disposizioni legali applicabili, avete il diritto in qualsiasi momento di avere informazioni gratuite sui vostri dati personali memorizzati, la loro origine, il destinatario e lo scopo del loro trattamento e, se applicabile, il diritto di correzione, blocco o cancellazione di questi dati. Potete contattarci in qualsiasi momento all'indirizzo indicato nelle informazioni legali a questo riguardo e per ulteriori domande sul tema dei dati personali.<\/p>\n<\/div><h2  class=\"h-custom-headline h4\" style=\"color: #ab0530;\"><span>3. Incaricato della protezione dei dati<\/span><\/h2><hr  class=\"x-gap\" style=\"margin: 40px 0 0 0;\"><div id=\"\" class=\"x-text\" style=\"\" ><p><strong>Delegata alla protezione dei dati prevista dalla legge<\/strong><br \/>\nAbbiamo nominato una delegata alla protezione dei dati per la nostra azienda.<\/p>\n<p>Silvia Appel<br \/>\nStudio commercialista Bert & Daiber PartG Societ\u00e0 di revisione contabile Societ\u00e0 di consulenza fiscale<br \/>\nWilhelminenstra\u00dfe 30<br \/>\n64285 Darmstadt<\/p>\n<p>Telefono: 06151-277 66 - 23<br \/>\nE-mail: <a href=\"_wp_link_placeholder\" data-wplink-edit=\"true\">S.Appel@bert-daiber.de<\/a><\/p>\n<\/div><h2  class=\"h-custom-headline h4\" style=\"color: #ab0530;\"><span>4. Raccolta di dati sul nostro sito web<\/span><\/h2><hr  class=\"x-gap\" style=\"margin: 40px 0 0 0;\"><div id=\"\" class=\"x-text\" style=\"\" ><p><strong>Cookie<\/strong><br \/>\nLe pagine internet utilizzano in parte i cosiddetti cookie. I cookie non causano alcun danno al vostro computer e non contengono virus. Essi sono utilizzati per rendere il nostro sito web pi\u00f9 facile da usare, efficace e sicuro. I cookie sono piccoli file di testo che vengono memorizzati sul vostro computer e salvati dal vostro browser.<\/p>\n<p>La maggior parte dei cookie che utilizziamo sono i cosiddetti \"cookie di sessione\", che vengono cancellati automaticamente alla fine della vostra navigazione sul sito. Altri cookie rimangono memorizzati sul vostro terminale fino a quando non li cancellate e ci permettono di riconoscere il vostro browser alla prossima visita.<\/p>\n<p>Potete impostare il vostro browser in modo da essere informati sull'impostazione dei cookie e consentirli solo in casi specifici, escludere l'accettazione dei cookie per alcune circostanze o in generale e attivare la cancellazione automatica dei cookie alla chiusura del browser. In caso di mancata accettazione dei cookie, la funzionalit\u00e0 del nostro sito web potrebbe essere limitata.<\/p>\n<p>I cookie che sono necessari per eseguire il processo di comunicazione elettronica o per fornire determinate funzioni richieste dall'utente (ad esempio la funzione \u201ccarrello della spesa\u201d) vengono memorizzati sulla base dell'art. 6, comma 1, lettera f, del GDPR. L'operatore del sito web ha un interesse legittimo a memorizzare i cookie per la fornitura tecnicamente senza errori e ottimizzata dei suoi servizi. Nella misura in cui vengono memorizzati altri cookie (ad esempio quelli per analizzare il vostro modo di navigare), questi sono trattati separatamente in questa informativa sulla privacy.<\/p>\n<p>Cookie su questo sito web:<\/p>\n<p>Cookie Name: cmplz_choice, cmplz_functional,cmplz_policy_id, cmplz_statistics, cmplz_statistics-anonymous, cmplz_consent_status, cmplz_marketing, cmplz_preferences<br \/>\nCategoria: funzionale<br \/>\nFornitore: Compliance.io<br \/>\nScopo: Funzione e gestione del consenso dei cookie<br \/>\nBasi legali: GDPR Articolo 6, lettera c - obbligo legale<br \/>\nInformativa sulla privacy: https:\/\/complianz.io\/legal\/privacy-statement\/<br \/>\nCookie runtime: 1 anno<\/p>\n<p>Nome del cookie: wordpress_test_cookie<br \/>\nCategoria: funzionale<br \/>\nFornitore: WordPress<br \/>\nScopo: determinare se i cookie possono essere impostati<br \/>\nBasi legali: GDPR Articolo 6, lettera f- interesse legittimo<br \/>\nCookie runtime: Sessione di navigazione<\/p>\n<p>Nome del cookie: wp-wpml<br \/>\nCategoria: funzionale<br \/>\nFornitore: WPML<br \/>\nScopo: Fornitura di pi\u00f9 lingue<br \/>\nBasi legali: GDPR Articolo 6, lettera f- interesse legittimo<br \/>\nCookie runtime: 1 giorno<\/p>\n<p>Nome del cookie: wp-settings-time-8, wp-settings-8<br \/>\nCategoria: funzionale<br \/>\nFornitore: WordPress<br \/>\nScopo: Predisporre le impostazioni di WordPress<br \/>\nBasi legali: GDPR Articolo 6, lettera f- interesse legittimo<br \/>\nCookie runtime: 1 anno<\/p>\n<p><strong>File di log del server<\/strong><br \/>\nIl fornitore delle pagine raccoglie e memorizza automaticamente informazioni nei cosiddetti file di log del server, che il vostro browser ci trasmette automaticamente. Tra questi vi sono:<\/p>\n<ul>\n<li>Tipo e versione del browser<\/li>\n<li>sistema operativo utilizzato<\/li>\n<li>Referrer URL<\/li>\n<li>Nome dell'host del computer che accede<\/li>\n<li>Ora della richiesta del server<\/li>\n<li>Indirizzo IP<\/li>\n<\/ul>\n<p>Questi dati non sono uniti ad altre fonti di dati.<\/p>\n<p>La base per il trattamento dei dati \u00e8 l'articolo 6, comma 1, lettera f, del GDPR, che consente il trattamento dei dati per l'adempimento di un contratto o di misure precontrattuali.<\/p>\n<p><strong>Modulo di contatto<\/strong><br \/>\nSe ci inviate delle richieste tramite il modulo di contatto, i vostri dati provenienti dal modulo di richiesta, compresi quelli di contatto che ci avete fornito, saranno memorizzati da noi allo scopo di elaborare la richiesta e in caso di richieste successive. Non trasmettiamo questi dati senza il vostro consenso.<\/p>\n<p>Il trattamento dei dati inseriti nel modulo di contatto si basa quindi esclusivamente sul vostro consenso (articolo 6, comma 1, lettera a, del GDPR). Potrete revocare il vostro consenso in qualsiasi momento, tutto quello che dovete fare \u00e8 inviarci un messaggio informale via e-mail. La liceit\u00e0 delle operazioni di trattamento dei dati effettuate fino alla revoca non viene alterata da quest\u2019ultima.<\/p>\n<p>I dati inseriti nel modulo di contatto rimarranno presso di noi fino a quando non ci chiederete di cancellarli, non revocherete il vostro consenso a memorizzarli o lo scopo della memorizzazione dei dati non sar\u00e0 pi\u00f9 valido (ad esempio, dopo che avremo completato l'elaborazione della vostra richiesta). Le disposizioni<\/p><\/p>\n<\/div><hr  class=\"x-gap\" style=\"margin: 50px 0 0 0;\"><\/div><\/div><\/div><\/div>\n","protected":false},"excerpt":{"rendered":"<p>Avviso legale e protezione dei datiDichiarazione di protezione dei dati1. Protezione dei dati: una panoramicaInformazioni generali Le seguenti indicazioni forniscono una semplice panoramica di ci\u00f2 che accade ai vostri dati personali quando visitate il nostro sito web. I dati personali sono tutti quei dati dai quali si pu\u00f2 essere identificati personalmente. Per informazioni dettagliate sul tema della protezione dei dati, &#8230; <\/p>\n<div><a href=\"https:\/\/bert-daiber.de\/it\/avviso-legale-e-protezione-dei-dati\/\" class=\"more-link\">Read More<\/a><\/div>\n","protected":false},"author":1,"featured_media":0,"parent":0,"menu_order":0,"comment_status":"closed","ping_status":"closed","template":"template-blank-4.php","meta":{"rs_blank_template":"","rs_page_bg_color":"","slide_template_v7":"","footnotes":""},"class_list":["post-4665","page","type-page","status-publish","hentry","no-post-thumbnail"],"yoast_head":"<!-- This site is optimized with the Yoast SEO plugin v27.3 - https:\/\/yoast.com\/product\/yoast-seo-wordpress\/ -->\n<title>Avviso legale e protezione dei dati - Bert &amp; Daiber Steuerberater in Darmstadt<\/title>\n<meta name=\"robots\" content=\"index, follow, max-snippet:-1, max-image-preview:large, max-video-preview:-1\" \/>\n<link rel=\"canonical\" href=\"https:\/\/bert-daiber.de\/rechtliche-hinweise-datenschutz\/\" \/>\n<meta property=\"og:locale\" content=\"it_IT\" \/>\n<meta property=\"og:type\" content=\"article\" \/>\n<meta property=\"og:title\" content=\"Avviso legale e protezione dei dati - Bert &amp; Daiber Steuerberater in Darmstadt\" \/>\n<meta property=\"og:description\" content=\"Avviso legale e protezione dei datiDichiarazione di protezione dei dati1. Protezione dei dati: una panoramicaInformazioni generali Le seguenti indicazioni forniscono una semplice panoramica di ci\u00f2 che accade ai vostri dati personali quando visitate il nostro sito web. I dati personali sono tutti quei dati dai quali si pu\u00f2 essere identificati personalmente. Per informazioni dettagliate sul tema della protezione dei dati, ... Read More\" \/>\n<meta property=\"og:url\" content=\"https:\/\/bert-daiber.de\/rechtliche-hinweise-datenschutz\/\" \/>\n<meta property=\"og:site_name\" content=\"Bert &amp; Daiber Steuerberater in Darmstadt\" \/>\n<meta property=\"article:modified_time\" content=\"2024-03-01T09:50:19+00:00\" \/>\n<meta property=\"og:image\" content=\"https:\/\/bert-daiber.de\/wp-content\/uploads\/2021\/06\/schlussrechnungspruefung.jpg\" \/>\n\t<meta property=\"og:image:width\" content=\"1920\" \/>\n\t<meta property=\"og:image:height\" content=\"830\" \/>\n\t<meta property=\"og:image:type\" content=\"image\/jpeg\" \/>\n<meta name=\"twitter:card\" content=\"summary_large_image\" \/>\n<meta name=\"twitter:label1\" content=\"Tempo di lettura stimato\" \/>\n\t<meta name=\"twitter:data1\" content=\"9 minuti\" \/>\n<script type=\"application\/ld+json\" class=\"yoast-schema-graph\">{\"@context\":\"https:\\\/\\\/schema.org\",\"@graph\":[{\"@type\":\"WebPage\",\"@id\":\"https:\\\/\\\/bert-daiber.de\\\/rechtliche-hinweise-datenschutz\\\/\",\"url\":\"https:\\\/\\\/bert-daiber.de\\\/rechtliche-hinweise-datenschutz\\\/\",\"name\":\"Avviso legale e protezione dei dati - Bert &amp; Daiber Steuerberater in Darmstadt\",\"isPartOf\":{\"@id\":\"https:\\\/\\\/bert-daiber.de\\\/#website\"},\"datePublished\":\"2022-06-29T11:09:12+00:00\",\"dateModified\":\"2024-03-01T09:50:19+00:00\",\"breadcrumb\":{\"@id\":\"https:\\\/\\\/bert-daiber.de\\\/rechtliche-hinweise-datenschutz\\\/#breadcrumb\"},\"inLanguage\":\"it-IT\",\"potentialAction\":[{\"@type\":\"ReadAction\",\"target\":[\"https:\\\/\\\/bert-daiber.de\\\/rechtliche-hinweise-datenschutz\\\/\"]}]},{\"@type\":\"BreadcrumbList\",\"@id\":\"https:\\\/\\\/bert-daiber.de\\\/rechtliche-hinweise-datenschutz\\\/#breadcrumb\",\"itemListElement\":[{\"@type\":\"ListItem\",\"position\":1,\"name\":\"Home Bert &amp; Daiber Steuerberater Darmstadt\",\"item\":\"https:\\\/\\\/bert-daiber.de\\\/it\\\/\"},{\"@type\":\"ListItem\",\"position\":2,\"name\":\"Avviso legale e protezione dei dati\"}]},{\"@type\":\"WebSite\",\"@id\":\"https:\\\/\\\/bert-daiber.de\\\/#website\",\"url\":\"https:\\\/\\\/bert-daiber.de\\\/\",\"name\":\"Bert & Daiber Steuerberater in Darmstadt\",\"description\":\"Steuerberatung in Darmstadt Bert &amp; Daiber\",\"publisher\":{\"@id\":\"https:\\\/\\\/bert-daiber.de\\\/#organization\"},\"alternateName\":\"Bert & Daiber Steuerberatung in Darmstadt\",\"potentialAction\":[{\"@type\":\"SearchAction\",\"target\":{\"@type\":\"EntryPoint\",\"urlTemplate\":\"https:\\\/\\\/bert-daiber.de\\\/?s={search_term_string}\"},\"query-input\":{\"@type\":\"PropertyValueSpecification\",\"valueRequired\":true,\"valueName\":\"search_term_string\"}}],\"inLanguage\":\"it-IT\"},{\"@type\":\"Organization\",\"@id\":\"https:\\\/\\\/bert-daiber.de\\\/#organization\",\"name\":\"Bert & Daiber Steuerberater in Darmstadt\",\"alternateName\":\"Bert & Daiber Steuerberatung\",\"url\":\"https:\\\/\\\/bert-daiber.de\\\/\",\"logo\":{\"@type\":\"ImageObject\",\"inLanguage\":\"it-IT\",\"@id\":\"https:\\\/\\\/bert-daiber.de\\\/#\\\/schema\\\/logo\\\/image\\\/\",\"url\":\"https:\\\/\\\/bert-daiber.de\\\/wp-content\\\/uploads\\\/2020\\\/06\\\/cropped-favicon.png\",\"contentUrl\":\"https:\\\/\\\/bert-daiber.de\\\/wp-content\\\/uploads\\\/2020\\\/06\\\/cropped-favicon.png\",\"width\":512,\"height\":512,\"caption\":\"Bert & Daiber Steuerberater in Darmstadt\"},\"image\":{\"@id\":\"https:\\\/\\\/bert-daiber.de\\\/#\\\/schema\\\/logo\\\/image\\\/\"}}]}<\/script>\n<!-- \/ Yoast SEO plugin. -->","yoast_head_json":{"title":"Avviso legale e protezione dei dati - Bert &amp; Daiber Steuerberater in Darmstadt","robots":{"index":"index","follow":"follow","max-snippet":"max-snippet:-1","max-image-preview":"max-image-preview:large","max-video-preview":"max-video-preview:-1"},"canonical":"https:\/\/bert-daiber.de\/rechtliche-hinweise-datenschutz\/","og_locale":"it_IT","og_type":"article","og_title":"Avviso legale e protezione dei dati - Bert &amp; Daiber Steuerberater in Darmstadt","og_description":"Avviso legale e protezione dei datiDichiarazione di protezione dei dati1. Protezione dei dati: una panoramicaInformazioni generali Le seguenti indicazioni forniscono una semplice panoramica di ci\u00f2 che accade ai vostri dati personali quando visitate il nostro sito web. I dati personali sono tutti quei dati dai quali si pu\u00f2 essere identificati personalmente. Per informazioni dettagliate sul tema della protezione dei dati, ... Read More","og_url":"https:\/\/bert-daiber.de\/rechtliche-hinweise-datenschutz\/","og_site_name":"Bert &amp; Daiber Steuerberater in Darmstadt","article_modified_time":"2024-03-01T09:50:19+00:00","og_image":[{"width":1920,"height":830,"url":"https:\/\/bert-daiber.de\/wp-content\/uploads\/2021\/06\/schlussrechnungspruefung.jpg","type":"image\/jpeg"}],"twitter_card":"summary_large_image","twitter_misc":{"Tempo di lettura stimato":"9 minuti"},"schema":{"@context":"https:\/\/schema.org","@graph":[{"@type":"WebPage","@id":"https:\/\/bert-daiber.de\/rechtliche-hinweise-datenschutz\/","url":"https:\/\/bert-daiber.de\/rechtliche-hinweise-datenschutz\/","name":"Avviso legale e protezione dei dati - Bert &amp; Daiber Steuerberater in Darmstadt","isPartOf":{"@id":"https:\/\/bert-daiber.de\/#website"},"datePublished":"2022-06-29T11:09:12+00:00","dateModified":"2024-03-01T09:50:19+00:00","breadcrumb":{"@id":"https:\/\/bert-daiber.de\/rechtliche-hinweise-datenschutz\/#breadcrumb"},"inLanguage":"it-IT","potentialAction":[{"@type":"ReadAction","target":["https:\/\/bert-daiber.de\/rechtliche-hinweise-datenschutz\/"]}]},{"@type":"BreadcrumbList","@id":"https:\/\/bert-daiber.de\/rechtliche-hinweise-datenschutz\/#breadcrumb","itemListElement":[{"@type":"ListItem","position":1,"name":"Home Bert &amp; Daiber Steuerberater Darmstadt","item":"https:\/\/bert-daiber.de\/it\/"},{"@type":"ListItem","position":2,"name":"Avviso legale e protezione dei dati"}]},{"@type":"WebSite","@id":"https:\/\/bert-daiber.de\/#website","url":"https:\/\/bert-daiber.de\/","name":"Bert & Daiber Steuerberater in Darmstadt","description":"Steuerberatung in Darmstadt Bert &amp; Daiber","publisher":{"@id":"https:\/\/bert-daiber.de\/#organization"},"alternateName":"Bert & Daiber Steuerberatung in Darmstadt","potentialAction":[{"@type":"SearchAction","target":{"@type":"EntryPoint","urlTemplate":"https:\/\/bert-daiber.de\/?s={search_term_string}"},"query-input":{"@type":"PropertyValueSpecification","valueRequired":true,"valueName":"search_term_string"}}],"inLanguage":"it-IT"},{"@type":"Organization","@id":"https:\/\/bert-daiber.de\/#organization","name":"Bert & Daiber Steuerberater in Darmstadt","alternateName":"Bert & Daiber Steuerberatung","url":"https:\/\/bert-daiber.de\/","logo":{"@type":"ImageObject","inLanguage":"it-IT","@id":"https:\/\/bert-daiber.de\/#\/schema\/logo\/image\/","url":"https:\/\/bert-daiber.de\/wp-content\/uploads\/2020\/06\/cropped-favicon.png","contentUrl":"https:\/\/bert-daiber.de\/wp-content\/uploads\/2020\/06\/cropped-favicon.png","width":512,"height":512,"caption":"Bert & Daiber Steuerberater in Darmstadt"},"image":{"@id":"https:\/\/bert-daiber.de\/#\/schema\/logo\/image\/"}}]}},"_links":{"self":[{"href":"https:\/\/bert-daiber.de\/it\/wp-json\/wp\/v2\/pages\/4665","targetHints":{"allow":["GET"]}}],"collection":[{"href":"https:\/\/bert-daiber.de\/it\/wp-json\/wp\/v2\/pages"}],"about":[{"href":"https:\/\/bert-daiber.de\/it\/wp-json\/wp\/v2\/types\/page"}],"author":[{"embeddable":true,"href":"https:\/\/bert-daiber.de\/it\/wp-json\/wp\/v2\/users\/1"}],"replies":[{"embeddable":true,"href":"https:\/\/bert-daiber.de\/it\/wp-json\/wp\/v2\/comments?post=4665"}],"version-history":[{"count":15,"href":"https:\/\/bert-daiber.de\/it\/wp-json\/wp\/v2\/pages\/4665\/revisions"}],"predecessor-version":[{"id":5081,"href":"https:\/\/bert-daiber.de\/it\/wp-json\/wp\/v2\/pages\/4665\/revisions\/5081"}],"wp:attachment":[{"href":"https:\/\/bert-daiber.de\/it\/wp-json\/wp\/v2\/media?parent=4665"}],"curies":[{"name":"wp","href":"https:\/\/api.w.org\/{rel}","templated":true}]}}